{"id":39982,"date":"2026-05-15T19:15:41","date_gmt":"2026-05-15T18:15:41","guid":{"rendered":"https:\/\/gopinkish.com\/?post_type=product&#038;p=39982"},"modified":"2026-05-15T19:15:41","modified_gmt":"2026-05-15T18:15:41","slug":"3600524099466","status":"publish","type":"product","link":"https:\/\/gopinkish.com\/fr\/produit\/3600524099466\/","title":{"rendered":"Shampooing \u00e9claircissant \u00e0 l'extrait de rose et aux micro-huiles"},"content":{"rendered":"<p style=\"text-align:justify\">Elseve Huile Extraordinaire Shampooing Precieuse Sublime Lumiere Rose Extract + Micro-Oils 300ML par L'Or\u00e9al est un shampooing luxueux de la s\u00e9rie Elseve Huile Extraordinaire de L'Or\u00e9al Paris. Formule pr\u00e9cieuse \u00e0 l'extrait de rose luxueux et aux micro-huiles. Il donne aux cheveux une brillance et une douceur exceptionnelles. La formule Sublime Lumi\u00e8re allie soin et glamour.<\/p>\n<p><strong>Principaux ingr\u00e9dients et caract\u00e9ristiques<\/strong><\/p>\n<ul>\n<li>Essence de rose de luxe<\/li>\n<li>Micro-huiles multiples<\/li>\n<li>Formule Sublime Lumiere<\/li>\n<li>Elseve Luxury Formula<\/li>\n<li>300ml format \u00e9conomique<\/li>\n<\/ul>\n<p><strong>Principales caract\u00e9ristiques et avantages<\/strong><\/p>\n<ul>\n<li>Brillance exceptionnelle des cheveux<\/li>\n<li>Super doux et soyeux<\/li>\n<li>Un parfum luxueux qui dure<\/li>\n<li>Nutrition et soins<\/li>\n<li>Des cheveux qui attirent l'attention<\/li>\n<\/ul>\n<p style=\"text-align:center\">\ud83c\uddec\ud83c\udde7 L&#8217;OREAL \u2013 Elseve Huile Extraordinaire Precieuse Shampoo Rose Extract 300ml<\/p>\n<p style=\"text-align:center\">\ud83c\uddeb\ud83c\uddf7 L&#8217;OREAL \u2013 Shampooing Elseve Huile Extraordinaire Pr\u00e9cieuse Rose 300ml<\/p>","protected":false},"excerpt":{"rendered":"<p>\u0645\u0646\u062a\u062c Elseve Huile Extraordinaire Precieuse Shampoo Sublime Lumiere Rose Extract + Micro-Oils 300ML \u0645\u0646 \u0644\u0648\u0631\u064a\u0627\u0644 \u0647\u0648 \u0634\u0627\u0645\u0628\u0648 \u0641\u0627\u062e\u0631 \u0645\u0646 \u0633\u0644\u0633\u0644\u0629 Elseve Huile Extraordinaire \u0645\u0646 \u0644\u0648\u0631\u064a\u0627\u0644 \u0628\u0627\u0631\u064a\u0633. \u062a\u0631\u0643\u064a\u0628\u0629 Precieuse \u0628\u062e\u0644\u0627\u0635\u0629 \u0627\u0644\u0648\u0631\u062f \u0627\u0644\u0641\u0627\u062e\u0631\u0629 \u0648\u0627\u0644\u0632\u064a\u0648\u062a \u0627\u0644\u062f\u0642\u064a\u0642\u0629. \u064a\u0645\u0646\u062d \u0627\u0644\u0634\u0639\u0631 \u0644\u0645\u0639\u0627\u0646\u0627\u064b \u0627\u0633\u062a\u062b\u0646\u0627\u0626\u064a\u0627\u064b \u0648\u0646\u0639\u0648\u0645\u0629 \u0641\u0627\u0626\u0642\u0629. \u062a\u0631\u0643\u064a\u0628\u0629 Sublime Lumiere \u062a\u062c\u0645\u0639 \u0628\u064a\u0646 \u0627\u0644\u0639\u0646\u0627\u064a\u0629 \u0648\u0627\u0644\u0625\u0637\u0644\u0627\u0644\u0629 \u0627\u0644\u062c\u0630\u0627\u0628\u0629. \u0627\u0644\u0645\u0643\u0648\u0646\u0627\u062a \u0648\u0627\u0644\u062e\u0635\u0627\u0626\u0635 \u0627\u0644\u0631\u0626\u064a\u0633\u064a\u0629 \u062e\u0644\u0627\u0635\u0629 \u0627\u0644\u0648\u0631\u062f \u0627\u0644\u0641\u0627\u062e\u0631\u0629 \u0632\u064a\u0648\u062a \u062f\u0642\u064a\u0642\u0629 [&hellip;]<\/p>\n","protected":false},"featured_media":39980,"template":"","meta":[],"pwb-brand":[239],"product_brand":[],"product_cat":[1148],"product_tag":[765,697,1404],"class_list":{"0":"post-39982","1":"product","2":"type-product","3":"status-publish","4":"has-post-thumbnail","6":"pwb-brand-loreal","7":"product_cat-hair-shampoo","8":"product_tag-765","9":"product_tag-moisturizing","10":"product_tag-1404","12":"first","13":"instock","14":"shipping-taxable","15":"purchasable","16":"product-type-variable","17":"has-default-attributes","18":"wvs-archive-product-wrapper"},"brands":[{"id":239,"name":"L'Or\u00e9al Paris","slug":"loreal"}],"_links":{"self":[{"href":"https:\/\/gopinkish.com\/fr\/wp-json\/wp\/v2\/product\/39982","targetHints":{"allow":["GET"]}}],"collection":[{"href":"https:\/\/gopinkish.com\/fr\/wp-json\/wp\/v2\/product"}],"about":[{"href":"https:\/\/gopinkish.com\/fr\/wp-json\/wp\/v2\/types\/product"}],"wp:featuredmedia":[{"embeddable":true,"href":"https:\/\/gopinkish.com\/fr\/wp-json\/wp\/v2\/media\/39980"}],"wp:attachment":[{"href":"https:\/\/gopinkish.com\/fr\/wp-json\/wp\/v2\/media?parent=39982"}],"wp:term":[{"taxonomy":"pwb-brand","embeddable":true,"href":"https:\/\/gopinkish.com\/fr\/wp-json\/wp\/v2\/pwb-brand?post=39982"},{"taxonomy":"product_brand","embeddable":true,"href":"https:\/\/gopinkish.com\/fr\/wp-json\/wp\/v2\/product_brand?post=39982"},{"taxonomy":"product_cat","embeddable":true,"href":"https:\/\/gopinkish.com\/fr\/wp-json\/wp\/v2\/product_cat?post=39982"},{"taxonomy":"product_tag","embeddable":true,"href":"https:\/\/gopinkish.com\/fr\/wp-json\/wp\/v2\/product_tag?post=39982"}],"curies":[{"name":"wp","href":"https:\/\/api.w.org\/{rel}","templated":true}]}}