{"id":39941,"date":"2026-05-15T19:15:44","date_gmt":"2026-05-15T18:15:44","guid":{"rendered":"https:\/\/gopinkish.com\/?post_type=product&#038;p=39941"},"modified":"2026-05-15T19:15:45","modified_gmt":"2026-05-15T18:15:45","slug":"30190160","status":"publish","type":"product","link":"https:\/\/gopinkish.com\/fr\/produit\/30190160\/","title":{"rendered":"Mascara Panorama pour cils larges"},"content":{"rendered":"<p style=\"text-align:justify\">Le mascara Panorama de L'Or\u00e9al est le mascara innovant de L'Or\u00e9al avec son effet Panorama. La brosse large permet d'atteindre facilement les cils lat\u00e9raux. Sa formule volumise les cils et ouvre les yeux pour un regard panoramique. Le r\u00e9sultat est un regard plus large et plus expressif en un seul coup d'\u0153il.<\/p>\n<p><strong>Principaux ingr\u00e9dients et caract\u00e9ristiques<\/strong><\/p>\n<ul>\n<li>Formule Panorama large<\/li>\n<li>Brosse large innovante<\/li>\n<li>Double efficacement les cils<\/li>\n<li>Formule non tachante<\/li>\n<li>Couleur noire intense<\/li>\n<\/ul>\n<p><strong>Principales caract\u00e9ristiques et avantages<\/strong><\/p>\n<ul>\n<li>Cils grands et volumineux<\/li>\n<li>Ouverture visuelle des yeux<\/li>\n<li>Vue panoramique compl\u00e8te<\/li>\n<li>Application rapide et facile<\/li>\n<li>Stabilit\u00e9 \u00e0 long terme<\/li>\n<\/ul>\n<p style=\"text-align:center\">\ud83c\uddec\ud83c\udde7 L'OREAL - Mascara Panorama<\/p>\n<p style=\"text-align:center\">\ud83c\uddeb\ud83c\uddf7 L'OREAL - Mascara Panorama<\/p>","protected":false},"excerpt":{"rendered":"<p>\u0645\u0646\u062a\u062c Panorama Mascara \u0645\u0646 \u0644\u0648\u0631\u064a\u0627\u0644 \u0647\u0648 \u0645\u0627\u0633\u0643\u0627\u0631\u0627 \u0645\u0628\u062a\u0643\u0631\u0629 \u0645\u0646 \u0644\u0648\u0631\u064a\u0627\u0644 \u0628\u062a\u0623\u062b\u064a\u0631 Panorama \u0627\u0644\u0648\u0627\u0633\u0639 \u0627\u0644\u0645\u0645\u064a\u0632. \u0641\u0631\u0634\u0627\u0629 \u0639\u0631\u064a\u0636\u0629 \u062a\u0635\u0644 \u0625\u0644\u0649 \u0627\u0644\u0631\u0645\u0648\u0634 \u0627\u0644\u062c\u0627\u0646\u0628\u064a\u0629 \u0628\u0633\u0647\u0648\u0644\u0629. \u062a\u0631\u0643\u064a\u0628\u062a\u0647\u0627 \u062a\u0636\u0627\u0639\u0641 \u0627\u0644\u0631\u0645\u0648\u0634 \u0648\u062a\u0641\u062a\u062d \u0627\u0644\u0639\u064a\u0648\u0646 \u0644\u0625\u0637\u0644\u0627\u0644\u0629 \u0628\u0627\u0646\u0648\u0631\u0627\u0645\u064a\u0629 \u0643\u0627\u0645\u0644\u0629. \u0627\u0644\u0646\u062a\u064a\u062c\u0629 \u0639\u064a\u0648\u0646 \u0623\u0648\u0633\u0639 \u0648\u0623\u0643\u062b\u0631 \u062a\u0639\u0628\u064a\u0631\u0627\u064b \u0628\u0646\u0638\u0631\u0629 \u0648\u0627\u062d\u062f\u0629. \u0627\u0644\u0645\u0643\u0648\u0646\u0627\u062a \u0648\u0627\u0644\u062e\u0635\u0627\u0626\u0635 \u0627\u0644\u0631\u0626\u064a\u0633\u064a\u0629 \u062a\u0631\u0643\u064a\u0628\u0629 Panorama \u0627\u0644\u0648\u0627\u0633\u0639\u0629 \u0641\u0631\u0634\u0627\u0629 \u0639\u0631\u064a\u0636\u0629 \u0645\u0628\u062a\u0643\u0631\u0629 \u062a\u0636\u0627\u0639\u0641 \u0627\u0644\u0631\u0645\u0648\u0634 \u0628\u0641\u0639\u0627\u0644\u064a\u0629 \u062a\u0631\u0643\u064a\u0628\u0629 \u0644\u0627 \u062a\u0644\u0637\u062e \u0644\u0648\u0646 \u0623\u0633\u0648\u062f \u0645\u0643\u062b\u0641 \u0627\u0644\u0645\u064a\u0632\u0627\u062a [&hellip;]<\/p>\n","protected":false},"featured_media":39939,"template":"","meta":[],"pwb-brand":[239],"product_brand":[],"product_cat":[1189],"product_tag":[734],"class_list":{"0":"post-39941","1":"product","2":"type-product","3":"status-publish","4":"has-post-thumbnail","6":"pwb-brand-loreal","7":"product_cat-eyes-mascara","8":"product_tag-734","10":"first","11":"instock","12":"shipping-taxable","13":"purchasable","14":"product-type-variable","15":"has-default-attributes","16":"wvs-archive-product-wrapper"},"brands":[{"id":239,"name":"L'Or\u00e9al Paris","slug":"loreal"}],"_links":{"self":[{"href":"https:\/\/gopinkish.com\/fr\/wp-json\/wp\/v2\/product\/39941","targetHints":{"allow":["GET"]}}],"collection":[{"href":"https:\/\/gopinkish.com\/fr\/wp-json\/wp\/v2\/product"}],"about":[{"href":"https:\/\/gopinkish.com\/fr\/wp-json\/wp\/v2\/types\/product"}],"wp:featuredmedia":[{"embeddable":true,"href":"https:\/\/gopinkish.com\/fr\/wp-json\/wp\/v2\/media\/39939"}],"wp:attachment":[{"href":"https:\/\/gopinkish.com\/fr\/wp-json\/wp\/v2\/media?parent=39941"}],"wp:term":[{"taxonomy":"pwb-brand","embeddable":true,"href":"https:\/\/gopinkish.com\/fr\/wp-json\/wp\/v2\/pwb-brand?post=39941"},{"taxonomy":"product_brand","embeddable":true,"href":"https:\/\/gopinkish.com\/fr\/wp-json\/wp\/v2\/product_brand?post=39941"},{"taxonomy":"product_cat","embeddable":true,"href":"https:\/\/gopinkish.com\/fr\/wp-json\/wp\/v2\/product_cat?post=39941"},{"taxonomy":"product_tag","embeddable":true,"href":"https:\/\/gopinkish.com\/fr\/wp-json\/wp\/v2\/product_tag?post=39941"}],"curies":[{"name":"wp","href":"https:\/\/api.w.org\/{rel}","templated":true}]}}