{"id":39901,"date":"2026-05-15T23:30:19","date_gmt":"2026-05-15T22:30:19","guid":{"rendered":"https:\/\/gopinkish.com\/?post_type=product&#038;p=39901"},"modified":"2026-05-15T23:48:49","modified_gmt":"2026-05-15T22:48:49","slug":"3600531701802","status":"publish","type":"product","link":"https:\/\/gopinkish.com\/fr\/produit\/3600531701802\/","title":{"rendered":"Mascara Colossal Bubble pour un volume exceptionnel"},"content":{"rendered":"<p style=\"text-align:justify\">Maybelline New York Colossal Bubble Mascara est un mascara innovant de Maybelline New York avec la formule unique Colossal Bubble. Une formule l\u00e9g\u00e8re qui volumise les cils de fa\u00e7on spectaculaire sans les alourdir. Une large brosse con\u00e7ue pour recouvrir chaque cil avec intensit\u00e9. La couleur noire intense donne aux yeux un aspect dramatique.<\/p>\n<p><strong>Principaux ingr\u00e9dients et caract\u00e9ristiques<\/strong><\/p>\n<ul>\n<li>Formule de la bulle colossale<\/li>\n<li>Volume exceptionnel des cils<\/li>\n<li>Grandes broussailles denses<\/li>\n<li>Couleur noire intense<\/li>\n<li>L\u00e9ger et sans poids<\/li>\n<\/ul>\n<p><strong>Principales caract\u00e9ristiques et avantages<\/strong><\/p>\n<ul>\n<li>Cils colossaux colossaux<\/li>\n<li>Intensit\u00e9 instantan\u00e9e et spectaculaire<\/li>\n<li>Formule facile \u00e0 appliquer<\/li>\n<li>Un look audacieux et expressif<\/li>\n<li>Stabilit\u00e9 \u00e0 long terme<\/li>\n<\/ul>\n<p style=\"text-align:center\">\ud83c\uddec\ud83c\udde7 MAYBELLINE NEW YORK - Mascara Colossal Bubble<\/p>\n<p style=\"text-align:center\">\ud83c\uddeb\ud83c\uddf7 MAYBELLINE NEW YORK - Mascara Colossal Bubble<\/p>","protected":false},"excerpt":{"rendered":"<p>\u0645\u0646\u062a\u062c Mascara Colossal Bubble Mascara \u0645\u0646 \u0645\u0627\u064a\u0628\u064a\u0644\u064a\u0646 \u0646\u064a\u0648\u064a\u0648\u0631\u0643 \u0647\u0648 \u0645\u0627\u0633\u0643\u0627\u0631\u0627 \u0645\u0628\u062a\u0643\u0631\u0629 \u0645\u0646 \u0645\u0627\u064a\u0628\u064a\u0644\u064a\u0646 \u0646\u064a\u0648\u064a\u0648\u0631\u0643 \u0628\u062a\u0631\u0643\u064a\u0628\u0629 Colossal Bubble \u0627\u0644\u0641\u0631\u064a\u062f\u0629. \u062a\u0631\u0643\u064a\u0628\u0629 \u0641\u0642\u0627\u0639\u064a\u0629 \u062e\u0641\u064a\u0641\u0629 \u062a\u0636\u0627\u0639\u0641 \u062d\u062c\u0645 \u0627\u0644\u0631\u0645\u0648\u0634 \u0628\u0634\u0643\u0644 \u0643\u0628\u064a\u0631 \u062f\u0648\u0646 \u0625\u062b\u0642\u0627\u0644\u0647\u0627. \u0641\u0631\u0634\u0627\u0629 \u0643\u0628\u064a\u0631\u0629 \u0645\u0635\u0645\u0645\u0629 \u0644\u062a\u063a\u0644\u064a\u0641 \u0643\u0644 \u0631\u0645\u0634 \u0628\u0643\u062b\u0627\u0641\u0629. \u0644\u0648\u0646 \u0623\u0633\u0648\u062f \u0645\u0643\u062b\u0641 \u064a\u0645\u0646\u062d \u0627\u0644\u0639\u064a\u0648\u0646 \u0646\u0638\u0631\u0629 \u062f\u0631\u0627\u0645\u0627\u062a\u064a\u0643\u064a\u0629. \u0627\u0644\u0645\u0643\u0648\u0646\u0627\u062a \u0648\u0627\u0644\u062e\u0635\u0627\u0626\u0635 \u0627\u0644\u0631\u0626\u064a\u0633\u064a\u0629 \u062a\u0631\u0643\u064a\u0628\u0629 Colossal Bubble \u0627\u0644\u0641\u0642\u0627\u0639\u064a\u0629 \u062d\u062c\u0645 \u0627\u0633\u062a\u062b\u0646\u0627\u0626\u064a \u0644\u0644\u0631\u0645\u0648\u0634 \u0641\u0631\u0634\u0627\u0629 \u0643\u0628\u064a\u0631\u0629 \u0643\u062b\u064a\u0641\u0629 [&hellip;]<\/p>\n","protected":false},"featured_media":39900,"template":"","meta":[],"pwb-brand":[238],"product_brand":[],"product_cat":[1189],"product_tag":[734],"class_list":{"0":"post-39901","1":"product","2":"type-product","3":"status-publish","4":"has-post-thumbnail","6":"pwb-brand-maybelline-new-york","7":"product_cat-eyes-mascara","8":"product_tag-734","10":"first","11":"instock","12":"shipping-taxable","13":"purchasable","14":"product-type-variable","15":"has-default-attributes","16":"wvs-archive-product-wrapper"},"brands":[{"id":238,"name":"Maybelline New York","slug":"maybelline-new-york"}],"_links":{"self":[{"href":"https:\/\/gopinkish.com\/fr\/wp-json\/wp\/v2\/product\/39901","targetHints":{"allow":["GET"]}}],"collection":[{"href":"https:\/\/gopinkish.com\/fr\/wp-json\/wp\/v2\/product"}],"about":[{"href":"https:\/\/gopinkish.com\/fr\/wp-json\/wp\/v2\/types\/product"}],"wp:featuredmedia":[{"embeddable":true,"href":"https:\/\/gopinkish.com\/fr\/wp-json\/wp\/v2\/media\/39900"}],"wp:attachment":[{"href":"https:\/\/gopinkish.com\/fr\/wp-json\/wp\/v2\/media?parent=39901"}],"wp:term":[{"taxonomy":"pwb-brand","embeddable":true,"href":"https:\/\/gopinkish.com\/fr\/wp-json\/wp\/v2\/pwb-brand?post=39901"},{"taxonomy":"product_brand","embeddable":true,"href":"https:\/\/gopinkish.com\/fr\/wp-json\/wp\/v2\/product_brand?post=39901"},{"taxonomy":"product_cat","embeddable":true,"href":"https:\/\/gopinkish.com\/fr\/wp-json\/wp\/v2\/product_cat?post=39901"},{"taxonomy":"product_tag","embeddable":true,"href":"https:\/\/gopinkish.com\/fr\/wp-json\/wp\/v2\/product_tag?post=39901"}],"curies":[{"name":"wp","href":"https:\/\/api.w.org\/{rel}","templated":true}]}}