{"id":39891,"date":"2026-05-15T17:56:20","date_gmt":"2026-05-15T16:56:20","guid":{"rendered":"https:\/\/gopinkish.com\/?post_type=product&#038;p=39891"},"modified":"2026-05-15T17:56:20","modified_gmt":"2026-05-15T16:56:20","slug":"30164635","status":"publish","type":"product","link":"https:\/\/gopinkish.com\/fr\/produit\/30164635\/","title":{"rendered":"Mascara imperm\u00e9able Telescopic Lift"},"content":{"rendered":"<p style=\"text-align:justify\">Le mascara imperm\u00e9able Telescopic Lift de L'Or\u00e9al est un mascara avanc\u00e9 de L'Or\u00e9al Paris dot\u00e9 de la formule innovante Telescopic Lift. Il soul\u00e8ve et allonge les cils pour un regard ouvert et s\u00e9duisant. La formule waterproof dure toute la journ\u00e9e et r\u00e9siste \u00e0 l'humidit\u00e9 et aux larmes. Id\u00e9al pour les climats chauds et les longues journ\u00e9es.<\/p>\n<p><strong>Principaux ingr\u00e9dients et caract\u00e9ristiques<\/strong><\/p>\n<ul>\n<li>Combinaison de levage t\u00e9lescopique<\/li>\n<li>Forte r\u00e9sistance \u00e0 l'eau<\/li>\n<li>Allongement et \u00e9l\u00e9vation des cils<\/li>\n<li>Couleur noire intense<\/li>\n<li>Stabilit\u00e9 \u00e0 long terme<\/li>\n<\/ul>\n<p><strong>Principales caract\u00e9ristiques et avantages<\/strong><\/p>\n<ul>\n<li>Cils allong\u00e9s et longs<\/li>\n<li>R\u00e9sistant \u00e0 l'eau et \u00e0 la d\u00e9chirure<\/li>\n<li>Ouvrir les yeux<\/li>\n<li>Effet yeux attrayants<\/li>\n<li>Parfait pour les occasions sp\u00e9ciales<\/li>\n<\/ul>\n<p style=\"text-align:center\">\ud83c\uddec\ud83c\udde7 L'OREAL PARIS - Mascara imperm\u00e9able Telescopic Lift<\/p>\n<p style=\"text-align:center\">\ud83c\uddeb\ud83c\uddf7 L'OREAL PARIS - Mascara T\u00e9lescopique Lift Waterproof<\/p>","protected":false},"excerpt":{"rendered":"<p>\u0645\u0646\u062a\u062c Telescopic Lift Waterproof Mascara \u0645\u0646 \u0644\u0648\u0631\u064a\u0627\u0644 \u0647\u0648 \u0645\u0627\u0633\u0643\u0627\u0631\u0627 \u0645\u062a\u0637\u0648\u0631\u0629 \u0645\u0646 \u0644\u0648\u0631\u064a\u0627\u0644 \u0628\u0627\u0631\u064a\u0633 \u0628\u062a\u0631\u0643\u064a\u0628\u0629 Telescopic Lift \u0627\u0644\u0645\u0628\u062a\u0643\u0631\u0629. \u062a\u0631\u0641\u0639 \u0627\u0644\u0631\u0645\u0648\u0634 \u0648\u062a\u0637\u064a\u0644\u0647\u0627 \u0644\u0625\u0637\u0644\u0627\u0644\u0629 \u0645\u0641\u062a\u0648\u062d\u0629 \u0648\u062c\u0630\u0627\u0628\u0629. \u062a\u0631\u0643\u064a\u0628\u0629 \u0645\u0642\u0627\u0648\u0645\u0629 \u0644\u0644\u0645\u0627\u0621 \u062a\u062b\u0628\u062a \u0637\u0648\u0627\u0644 \u0627\u0644\u064a\u0648\u0645 \u0648\u062a\u0642\u0627\u0648\u0645 \u0627\u0644\u0631\u0637\u0648\u0628\u0629 \u0648\u0627\u0644\u062f\u0645\u0648\u0639. \u0645\u062b\u0627\u0644\u064a\u0629 \u0644\u0644\u0623\u0645\u0627\u0643\u0646 \u0627\u0644\u062d\u0627\u0631\u0629 \u0648\u0644\u0644\u0645\u0646\u0627\u0633\u0628\u0627\u062a \u0627\u0644\u0637\u0648\u064a\u0644\u0629. \u0627\u0644\u0645\u0643\u0648\u0646\u0627\u062a \u0648\u0627\u0644\u062e\u0635\u0627\u0626\u0635 \u0627\u0644\u0631\u0626\u064a\u0633\u064a\u0629 \u062a\u0631\u0643\u064a\u0628\u0629 Telescopic Lift \u0627\u0644\u0631\u0627\u0641\u0639\u0629 \u0645\u0642\u0627\u0648\u0645\u0629 \u0644\u0644\u0645\u0627\u0621 \u0642\u0648\u064a\u0629 \u062a\u0637\u0648\u064a\u0644 \u0648\u0631\u0641\u0639 \u0627\u0644\u0631\u0645\u0648\u0634 \u0644\u0648\u0646 \u0623\u0633\u0648\u062f \u0645\u0643\u062b\u0641 \u062b\u0628\u0627\u062a \u0637\u0648\u064a\u0644 [&hellip;]<\/p>\n","protected":false},"featured_media":39885,"template":"","meta":[],"pwb-brand":[239],"product_brand":[],"product_cat":[1189],"product_tag":[734],"class_list":{"0":"post-39891","1":"product","2":"type-product","3":"status-publish","4":"has-post-thumbnail","6":"pwb-brand-loreal","7":"product_cat-eyes-mascara","8":"product_tag-734","10":"first","11":"instock","12":"shipping-taxable","13":"purchasable","14":"product-type-variable","15":"has-default-attributes","16":"wvs-archive-product-wrapper"},"brands":[{"id":239,"name":"L'Or\u00e9al Paris","slug":"loreal"}],"_links":{"self":[{"href":"https:\/\/gopinkish.com\/fr\/wp-json\/wp\/v2\/product\/39891","targetHints":{"allow":["GET"]}}],"collection":[{"href":"https:\/\/gopinkish.com\/fr\/wp-json\/wp\/v2\/product"}],"about":[{"href":"https:\/\/gopinkish.com\/fr\/wp-json\/wp\/v2\/types\/product"}],"wp:featuredmedia":[{"embeddable":true,"href":"https:\/\/gopinkish.com\/fr\/wp-json\/wp\/v2\/media\/39885"}],"wp:attachment":[{"href":"https:\/\/gopinkish.com\/fr\/wp-json\/wp\/v2\/media?parent=39891"}],"wp:term":[{"taxonomy":"pwb-brand","embeddable":true,"href":"https:\/\/gopinkish.com\/fr\/wp-json\/wp\/v2\/pwb-brand?post=39891"},{"taxonomy":"product_brand","embeddable":true,"href":"https:\/\/gopinkish.com\/fr\/wp-json\/wp\/v2\/product_brand?post=39891"},{"taxonomy":"product_cat","embeddable":true,"href":"https:\/\/gopinkish.com\/fr\/wp-json\/wp\/v2\/product_cat?post=39891"},{"taxonomy":"product_tag","embeddable":true,"href":"https:\/\/gopinkish.com\/fr\/wp-json\/wp\/v2\/product_tag?post=39891"}],"curies":[{"name":"wp","href":"https:\/\/api.w.org\/{rel}","templated":true}]}}