{"id":39875,"date":"2026-05-15T17:56:20","date_gmt":"2026-05-15T16:56:20","guid":{"rendered":"https:\/\/gopinkish.com\/?post_type=product&#038;p=39875"},"modified":"2026-05-15T17:56:21","modified_gmt":"2026-05-15T16:56:21","slug":"30176713","status":"publish","type":"product","link":"https:\/\/gopinkish.com\/fr\/produit\/30176713\/","title":{"rendered":"Fond de teint mat avec Niacinamide et SPF 25"},"content":{"rendered":"<p style=\"text-align:justify\">L'Infaillible 32H Matte Cover Foundation 4% Niacinamide SPF 25 de L'Or\u00e9al est un fond de teint sophistiqu\u00e9 de la s\u00e9rie iconique Infaillible de L'Or\u00e9al. Le 32H Matte Cover Foundation 4% Niacinamide est formul\u00e9 pour le soin de la peau. Couvrance compl\u00e8te avec un fini mat qui dure 32 heures. La protection SPF 25 prot\u00e8ge la peau des rayons nocifs. Disponible dans une gamme compl\u00e8te de teintes pour toutes les carnations.<\/p>\n<p><strong>Principaux ingr\u00e9dients et caract\u00e9ristiques<\/strong><\/p>\n<ul>\n<li>Couverture compl\u00e8te avec le look de Matt<\/li>\n<li>Niacinamide 4% Care<\/li>\n<li>Protection quotidienne SPF 25<\/li>\n<li>Stabilit\u00e9 de 32 heures<\/li>\n<li>Nombreuses options de couleurs<\/li>\n<\/ul>\n<p><strong>Principales caract\u00e9ristiques et avantages<\/strong><\/p>\n<ul>\n<li>Une couverture parfaite des imperfections<\/li>\n<li>Le look sophistiqu\u00e9 de Matt sans la brillance<\/li>\n<li>Maquillage soins de la peau<\/li>\n<li>Protection solaire<\/li>\n<li>Une stabilit\u00e9 qui dure toute la journ\u00e9e<\/li>\n<\/ul>\n<p style=\"text-align:center\">\ud83c\uddec\ud83c\udde7 L'OREAL - Infaillible 32H Matte Cover Foundation 4% Niacinamide SPF 25<\/p>\n<p style=\"text-align:center\">\ud83c\uddeb\ud83c\uddf7 L'OREAL - Fond de Teint Infaillible 32H Matte Cover 4% Niacinamide SPF 25<\/p>","protected":false},"excerpt":{"rendered":"<p>\u0645\u0646\u062a\u062c Infaillible 32H Matte Cover Foundation 4% Niacinamide SPF 25 \u0645\u0646 \u0644\u0648\u0631\u064a\u0627\u0644 \u0647\u0648 \u0643\u0631\u064a\u0645 \u0623\u0633\u0627\u0633 \u0645\u062a\u0637\u0648\u0631 \u0645\u0646 \u0633\u0644\u0633\u0644\u0629 Infaillible \u0627\u0644\u0634\u0647\u064a\u0631\u0629 \u0645\u0646 \u0644\u0648\u0631\u064a\u0627\u0644. \u062a\u0631\u0643\u064a\u0628\u0629 32H Matte Cover \u0628\u0646\u0633\u0628\u0629 4% \u0646\u064a\u0627\u0633\u064a\u0646\u0627\u0645\u064a\u062f \u0644\u0639\u0646\u0627\u064a\u0629 \u0627\u0644\u0628\u0634\u0631\u0629. \u062a\u063a\u0637\u064a\u0629 \u0643\u0627\u0645\u0644\u0629 \u0628\u0645\u0638\u0647\u0631 \u0645\u0627\u062a \u062a\u062f\u0648\u0645 32 \u0633\u0627\u0639\u0629 \u0643\u0627\u0645\u0644\u0629. \u062d\u0645\u0627\u064a\u0629 SPF 25 \u062a\u062d\u0645\u064a \u0627\u0644\u0628\u0634\u0631\u0629 \u0645\u0646 \u0627\u0644\u0623\u0634\u0639\u0629 \u0627\u0644\u0636\u0627\u0631\u0629. \u0645\u062a\u0648\u0641\u0631 \u0628\u0645\u062c\u0645\u0648\u0639\u0629 \u0634\u0627\u0645\u0644\u0629 \u0645\u0646 \u062f\u0631\u062c\u0627\u062a \u0627\u0644\u0623\u0644\u0648\u0627\u0646 \u0644\u062c\u0645\u064a\u0639 \u0627\u0644\u0628\u0634\u0631\u0627\u062a. [&hellip;]<\/p>\n","protected":false},"featured_media":39850,"template":"","meta":[],"pwb-brand":[239],"product_brand":[],"product_cat":[1175],"product_tag":[689,717],"class_list":{"0":"post-39875","1":"product","2":"type-product","3":"status-publish","4":"has-post-thumbnail","6":"pwb-brand-loreal","7":"product_cat-foundation-makeup","8":"product_tag-oily","9":"product_tag-717","11":"first","12":"instock","13":"shipping-taxable","14":"purchasable","15":"product-type-variable","16":"has-default-attributes","17":"wvs-archive-product-wrapper"},"brands":[{"id":239,"name":"L'Or\u00e9al Paris","slug":"loreal"}],"_links":{"self":[{"href":"https:\/\/gopinkish.com\/fr\/wp-json\/wp\/v2\/product\/39875","targetHints":{"allow":["GET"]}}],"collection":[{"href":"https:\/\/gopinkish.com\/fr\/wp-json\/wp\/v2\/product"}],"about":[{"href":"https:\/\/gopinkish.com\/fr\/wp-json\/wp\/v2\/types\/product"}],"wp:featuredmedia":[{"embeddable":true,"href":"https:\/\/gopinkish.com\/fr\/wp-json\/wp\/v2\/media\/39850"}],"wp:attachment":[{"href":"https:\/\/gopinkish.com\/fr\/wp-json\/wp\/v2\/media?parent=39875"}],"wp:term":[{"taxonomy":"pwb-brand","embeddable":true,"href":"https:\/\/gopinkish.com\/fr\/wp-json\/wp\/v2\/pwb-brand?post=39875"},{"taxonomy":"product_brand","embeddable":true,"href":"https:\/\/gopinkish.com\/fr\/wp-json\/wp\/v2\/product_brand?post=39875"},{"taxonomy":"product_cat","embeddable":true,"href":"https:\/\/gopinkish.com\/fr\/wp-json\/wp\/v2\/product_cat?post=39875"},{"taxonomy":"product_tag","embeddable":true,"href":"https:\/\/gopinkish.com\/fr\/wp-json\/wp\/v2\/product_tag?post=39875"}],"curies":[{"name":"wp","href":"https:\/\/api.w.org\/{rel}","templated":true}]}}