{"id":39845,"date":"2026-05-15T17:56:22","date_gmt":"2026-05-15T16:56:22","guid":{"rendered":"https:\/\/gopinkish.com\/?post_type=product&#038;p=39845"},"modified":"2026-05-15T17:56:23","modified_gmt":"2026-05-15T16:56:23","slug":"8715200813009","status":"publish","type":"product","link":"https:\/\/gopinkish.com\/fr\/produit\/8715200813009\/","title":{"rendered":"Baume apr\u00e8s-rasage pour hommes \u00e0 la vitamine B5"},"content":{"rendered":"<p style=\"text-align:justify\">NIVEA MEN Protect &amp; Care After Shave Balsem Pro-Vitamin B5 100ML est le baume apr\u00e8s-rasage sp\u00e9cialis\u00e9 pour hommes de NIVEA contenant de la provitamine B5. Il apaise instantan\u00e9ment la peau apr\u00e8s le rasage et soulage les irritations et les rougeurs. Sa formule douce p\u00e9n\u00e8tre rapidement sans laisser de r\u00e9sidu gras. Il hydrate et prot\u00e8ge la peau tout au long de la journ\u00e9e.<\/p>\n<p><strong>Principaux ingr\u00e9dients et caract\u00e9ristiques<\/strong><\/p>\n<ul>\n<li>Pro Vitamine B5 Apaisante<\/li>\n<li>Formule douce pour les hommes<\/li>\n<li>Sans alcool irritant<\/li>\n<li>Texture l\u00e9g\u00e8re, \u00e0 absorption rapide<\/li>\n<li>Parfum frais pour hommes<\/li>\n<\/ul>\n<p><strong>Principales caract\u00e9ristiques et avantages<\/strong><\/p>\n<ul>\n<li>Apaisement imm\u00e9diat apr\u00e8s le rasage<\/li>\n<li>R\u00e9duire l'inflammation et les rougeurs<\/li>\n<li>Hydrater et prot\u00e9ger la peau<\/li>\n<li>Pas de r\u00e9sidu gras<\/li>\n<li>Heures de r\u00e9animation<\/li>\n<\/ul>\n<p style=\"text-align:center\">\ud83c\uddec\ud83c\udde7 NIVEA MEN - Protect &amp; Care After Shave Balsem Pro-Vitamin B5 100ml<\/p>\n<p style=\"text-align:center\">\ud83c\uddeb\ud83c\uddf7 NIVEA MEN - Baume Apr\u00e8s-Rasage Protect &amp; Care Pro-Vitamine B5 100ml<\/p>","protected":false},"excerpt":{"rendered":"<p>\u0645\u0646\u062a\u062c Men Protect &amp; Care After Shave Balsem Pro-Vitamin B5 100ML \u0645\u0646 NIVEA MEN \u0647\u0648 \u0628\u0644\u0633\u0645 \u0645\u0627 \u0628\u0639\u062f \u0627\u0644\u062d\u0644\u0627\u0642\u0629 \u0627\u0644\u0645\u062a\u062e\u0635\u0635 \u0644\u0644\u0631\u062c\u0627\u0644 \u0645\u0646 \u0646\u064a\u0641\u064a\u0627 \u0628\u062a\u0631\u0643\u064a\u0628\u0629 \u0627\u0644\u0628\u0631\u0648 \u0641\u064a\u062a\u0627\u0645\u064a\u0646 \u0628\u064a5. \u064a\u0647\u062f\u0626 \u0627\u0644\u0628\u0634\u0631\u0629 \u0641\u0648\u0631\u0627\u064b \u0628\u0639\u062f \u0627\u0644\u062d\u0644\u0627\u0642\u0629 \u0648\u064a\u062e\u0641\u0641 \u0645\u0646 \u0627\u0644\u062a\u0647\u064a\u062c \u0648\u0627\u0644\u0627\u062d\u0645\u0631\u0627\u0631. \u062a\u0631\u0643\u064a\u0628\u062a\u0647 \u0627\u0644\u0644\u0637\u064a\u0641\u0629 \u062a\u0645\u062a\u0635\u0647\u0627 \u0627\u0644\u0628\u0634\u0631\u0629 \u0633\u0631\u064a\u0639\u0627\u064b \u062f\u0648\u0646 \u0623\u0646 \u062a\u062a\u0631\u0643 \u0623\u062b\u0631\u0627\u064b \u062f\u0647\u0646\u064a\u0627\u064b. \u064a\u0631\u0637\u0628 \u0627\u0644\u0628\u0634\u0631\u0629 \u0648\u064a\u062d\u0645\u064a\u0647\u0627 \u0639\u0644\u0649 \u0645\u062f\u0627\u0631 \u0627\u0644\u064a\u0648\u0645. \u0627\u0644\u0645\u0643\u0648\u0646\u0627\u062a \u0648\u0627\u0644\u062e\u0635\u0627\u0626\u0635 \u0627\u0644\u0631\u0626\u064a\u0633\u064a\u0629 [&hellip;]<\/p>\n","protected":false},"featured_media":39844,"template":"","meta":[],"pwb-brand":[236],"product_brand":[],"product_cat":[1121],"product_tag":[1050,688,697,1459],"class_list":{"0":"post-39845","1":"product","2":"type-product","3":"status-publish","4":"has-post-thumbnail","6":"pwb-brand-nivea","7":"product_cat-face-moist","8":"product_tag-1050","9":"product_tag-sensitive","10":"product_tag-moisturizing","11":"product_tag-1459","13":"first","14":"instock","15":"shipping-taxable","16":"purchasable","17":"product-type-variable","18":"has-default-attributes","19":"wvs-archive-product-wrapper"},"brands":[{"id":236,"name":"Nivea","slug":"nivea"}],"_links":{"self":[{"href":"https:\/\/gopinkish.com\/fr\/wp-json\/wp\/v2\/product\/39845","targetHints":{"allow":["GET"]}}],"collection":[{"href":"https:\/\/gopinkish.com\/fr\/wp-json\/wp\/v2\/product"}],"about":[{"href":"https:\/\/gopinkish.com\/fr\/wp-json\/wp\/v2\/types\/product"}],"wp:featuredmedia":[{"embeddable":true,"href":"https:\/\/gopinkish.com\/fr\/wp-json\/wp\/v2\/media\/39844"}],"wp:attachment":[{"href":"https:\/\/gopinkish.com\/fr\/wp-json\/wp\/v2\/media?parent=39845"}],"wp:term":[{"taxonomy":"pwb-brand","embeddable":true,"href":"https:\/\/gopinkish.com\/fr\/wp-json\/wp\/v2\/pwb-brand?post=39845"},{"taxonomy":"product_brand","embeddable":true,"href":"https:\/\/gopinkish.com\/fr\/wp-json\/wp\/v2\/product_brand?post=39845"},{"taxonomy":"product_cat","embeddable":true,"href":"https:\/\/gopinkish.com\/fr\/wp-json\/wp\/v2\/product_cat?post=39845"},{"taxonomy":"product_tag","embeddable":true,"href":"https:\/\/gopinkish.com\/fr\/wp-json\/wp\/v2\/product_tag?post=39845"}],"curies":[{"name":"wp","href":"https:\/\/api.w.org\/{rel}","templated":true}]}}