{"id":39841,"date":"2026-05-15T23:38:24","date_gmt":"2026-05-15T22:38:24","guid":{"rendered":"https:\/\/gopinkish.com\/?post_type=product&#038;p=39841"},"modified":"2026-05-15T23:39:32","modified_gmt":"2026-05-15T22:39:32","slug":"8809640734946","status":"publish","type":"product","link":"https:\/\/gopinkish.com\/fr\/produit\/8809640734946\/","title":{"rendered":"Cr\u00e8me revitalisante pour les yeux au r\u00e9tinol et \u00e0 la caf\u00e9ine"},"content":{"rendered":"<p style=\"text-align:justify\">ANUA Retinol 0.1 + Caffeine Revitalising Eye Cream 30G est une cr\u00e8me cor\u00e9enne avanc\u00e9e pour les yeux qui combine le Retinol 0.1% et la caf\u00e9ine pour rajeunir le contour des yeux. Elle minimise l'apparence des rides et ridules et \u00e9limine les poches et les cernes. Sa formule cor\u00e9enne douce peut \u00eatre utilis\u00e9e en toute s\u00e9curit\u00e9 pour les yeux sensibles. Utiliser le soir pour des r\u00e9sultats visibles.<\/p>\n<p><strong>Principaux ingr\u00e9dients et caract\u00e9ristiques<\/strong><\/p>\n<ul>\n<li>R\u00e9tinol 0.1%<\/li>\n<li>D\u00e9samor\u00e7age de la caf\u00e9ine<\/li>\n<li>Peptides renfor\u00e7ant la tension<\/li>\n<li>Formule cor\u00e9enne avanc\u00e9e<\/li>\n<li>30g format pratique<\/li>\n<\/ul>\n<p><strong>Principales caract\u00e9ristiques et avantages<\/strong><\/p>\n<ul>\n<li>R\u00e9duire les rides autour des yeux<\/li>\n<li>R\u00e9duire les cernes<\/li>\n<li>\u00c9liminer les poches des yeux<\/li>\n<li>Lifting du contour des yeux<\/li>\n<li>\u00c9claircir et dynamiser le contour des yeux<\/li>\n<\/ul>\n<p style=\"text-align:center\">\ud83c\uddec\ud83c\udde7 ANUA - Cr\u00e8me yeux revitalisante au r\u00e9tinol 0.1 + caf\u00e9ine 30g<\/p>\n<p style=\"text-align:center\">\ud83c\uddeb\ud83c\uddf7 ANUA - Cr\u00e8me Yeux Revitalisante R\u00e9tinol 0.1 + Caf\u00e9ine 30g<\/p>","protected":false},"excerpt":{"rendered":"<p>\u0645\u0646\u062a\u062c Retinol 0.1 + Caffeine Revitalizing Eye Cream 30G \u0645\u0646 ANUA \u0647\u0648 \u0643\u0631\u064a\u0645 \u0639\u064a\u0648\u0646 \u0643\u0648\u0631\u064a \u0645\u062a\u0637\u0648\u0631 \u064a\u062c\u0645\u0639 \u0628\u064a\u0646 \u0627\u0644\u0631\u064a\u062a\u064a\u0646\u0648\u0644 \u0628\u062a\u0631\u0643\u064a\u0632 0.1% \u0648\u0627\u0644\u0643\u0627\u0641\u064a\u064a\u0646 \u0644\u062a\u062c\u062f\u064a\u062f \u0645\u062d\u064a\u0637 \u0627\u0644\u0639\u064a\u0646. \u064a\u0642\u0644\u0644 \u0645\u0646 \u0638\u0647\u0648\u0631 \u0627\u0644\u062e\u0637\u0648\u0637 \u0627\u0644\u062f\u0642\u064a\u0642\u0629 \u0648\u0627\u0644\u062a\u062c\u0627\u0639\u064a\u062f \u0648\u064a\u0632\u064a\u0644 \u0627\u0644\u0627\u0646\u062a\u0641\u0627\u062e \u0648\u0627\u0644\u0647\u0627\u0644\u0627\u062a \u0627\u0644\u0633\u0648\u062f\u0627\u0621. \u062a\u0631\u0643\u064a\u0628\u062a\u0647 \u0627\u0644\u0643\u0648\u0631\u064a\u0629 \u0627\u0644\u0644\u0637\u064a\u0641\u0629 \u0622\u0645\u0646\u0629 \u0644\u0644\u0627\u0633\u062a\u062e\u062f\u0627\u0645 \u062d\u0648\u0644 \u0627\u0644\u0639\u064a\u0646\u064a\u0646 \u0627\u0644\u062d\u0633\u0627\u0633\u062a\u064a\u0646. \u064a\u0633\u062a\u062e\u062f\u0645 \u0645\u0633\u0627\u0621\u064b \u0644\u0646\u062a\u0627\u0626\u062c \u0645\u0644\u062d\u0648\u0638\u0629. \u0627\u0644\u0645\u0643\u0648\u0646\u0627\u062a \u0648\u0627\u0644\u062e\u0635\u0627\u0626\u0635 \u0627\u0644\u0631\u0626\u064a\u0633\u064a\u0629 \u0631\u064a\u062a\u064a\u0646\u0648\u0644 \u0628\u062a\u0631\u0643\u064a\u0632 0.1% \u0643\u0627\u0641\u064a\u064a\u0646 \u0645\u0632\u064a\u0644 [&hellip;]<\/p>\n","protected":false},"featured_media":39833,"template":"","meta":[],"pwb-brand":[1244],"product_brand":[],"product_cat":[1126,1128],"product_tag":[1384,672,679,1013],"class_list":{"0":"post-39841","1":"product","2":"type-product","3":"status-publish","4":"has-post-thumbnail","6":"pwb-brand-anua","7":"product_cat-eyes-moist","8":"product_cat-eyes-lift","9":"product_tag-1384","10":"product_tag-wrinkles","11":"product_tag-darkcircles","12":"product_tag-1013","14":"first","15":"instock","16":"shipping-taxable","17":"purchasable","18":"product-type-variable","19":"has-default-attributes","20":"wvs-archive-product-wrapper"},"brands":[{"id":1244,"name":"Anua","slug":"anua"}],"_links":{"self":[{"href":"https:\/\/gopinkish.com\/fr\/wp-json\/wp\/v2\/product\/39841","targetHints":{"allow":["GET"]}}],"collection":[{"href":"https:\/\/gopinkish.com\/fr\/wp-json\/wp\/v2\/product"}],"about":[{"href":"https:\/\/gopinkish.com\/fr\/wp-json\/wp\/v2\/types\/product"}],"wp:featuredmedia":[{"embeddable":true,"href":"https:\/\/gopinkish.com\/fr\/wp-json\/wp\/v2\/media\/39833"}],"wp:attachment":[{"href":"https:\/\/gopinkish.com\/fr\/wp-json\/wp\/v2\/media?parent=39841"}],"wp:term":[{"taxonomy":"pwb-brand","embeddable":true,"href":"https:\/\/gopinkish.com\/fr\/wp-json\/wp\/v2\/pwb-brand?post=39841"},{"taxonomy":"product_brand","embeddable":true,"href":"https:\/\/gopinkish.com\/fr\/wp-json\/wp\/v2\/product_brand?post=39841"},{"taxonomy":"product_cat","embeddable":true,"href":"https:\/\/gopinkish.com\/fr\/wp-json\/wp\/v2\/product_cat?post=39841"},{"taxonomy":"product_tag","embeddable":true,"href":"https:\/\/gopinkish.com\/fr\/wp-json\/wp\/v2\/product_tag?post=39841"}],"curies":[{"name":"wp","href":"https:\/\/api.w.org\/{rel}","templated":true}]}}