{"id":39831,"date":"2026-05-15T23:30:24","date_gmt":"2026-05-15T22:30:24","guid":{"rendered":"https:\/\/gopinkish.com\/?post_type=product&#038;p=39831"},"modified":"2026-05-15T23:47:22","modified_gmt":"2026-05-15T22:47:22","slug":"3574661800882","status":"publish","type":"product","link":"https:\/\/gopinkish.com\/fr\/produit\/3574661800882\/","title":{"rendered":"Baume concentr\u00e9 apaisant pour les peaux irrit\u00e9es"},"content":{"rendered":"<p style=\"text-align:justify\">Baume Concentr\u00e9 SOS Apaisant Haute Tol\u00e9rance 75ml de CICABIAFINE est un baume fran\u00e7ais concentr\u00e9 et apaisant pour les peaux irrit\u00e9es, s\u00e8ches et gerc\u00e9es. Sa formule, enrichie d'un haut pourcentage de tol\u00e9rance, est con\u00e7ue pour apaiser instantan\u00e9ment les peaux tr\u00e8s sensibles. Il traite les ger\u00e7ures et les rougeurs et renforce la barri\u00e8re naturelle de la peau. Convient \u00e0 toute la famille et aux zones sujettes \u00e0 une s\u00e9cheresse extr\u00eame.<\/p>\n<p><strong>Principaux ingr\u00e9dients et caract\u00e9ristiques<\/strong><\/p>\n<ul>\n<li>Formule fran\u00e7aise concentr\u00e9e<\/li>\n<li>Haut niveau d'endurance<\/li>\n<li>Enrichi en ingr\u00e9dients m\u00e9dicinaux hydratants<\/li>\n<li>Apaisement instantan\u00e9 de la peau<\/li>\n<li>Sans parfum ni parab\u00e8ne<\/li>\n<\/ul>\n<p><strong>Principales caract\u00e9ristiques et avantages<\/strong><\/p>\n<ul>\n<li>Apaisement instantan\u00e9 des peaux irrit\u00e9es<\/li>\n<li>Traitement des fissures et de la s\u00e9cheresse<\/li>\n<li>Renforcer la barri\u00e8re cutan\u00e9e<\/li>\n<li>Convient \u00e0 tous les \u00e2ges<\/li>\n<li>Haute tol\u00e9rance pour les peaux sensibles<\/li>\n<\/ul>\n<p style=\"text-align:center\">\ud83c\uddec\ud83c\udde7 CICABIAFINE - Baume Concentr\u00e9 SOS Apaisant Haute Tol\u00e9rance 75ml<\/p>\n<p style=\"text-align:center\">\ud83c\uddeb\ud83c\uddf7 CICABIAFINE - Baume Concentr\u00e9 SOS Apaisant Haute Tol\u00e9rance 75ml<\/p>","protected":false},"excerpt":{"rendered":"<p>\u0645\u0646\u062a\u062c Baume Concentr\u00e9 SOS Apaisant Haute Tol\u00e9rance 75ML \u0645\u0646 CICABIAFINE \u0647\u0648 \u0628\u0644\u0633\u0645 \u0641\u0631\u0646\u0633\u064a \u0645\u0631\u0643\u0632 \u0648\u0645\u0647\u062f\u0626 \u0644\u0644\u0628\u0634\u0631\u0629 \u0627\u0644\u0645\u062a\u0647\u064a\u062c\u0629 \u0627\u0644\u062c\u0627\u0641\u0629 \u0648\u0627\u0644\u0645\u062a\u0634\u0642\u0642\u0629. \u062a\u0631\u0643\u064a\u0628\u062a\u0647 \u0627\u0644\u063a\u0646\u064a\u0629 \u0628\u0646\u0633\u0628\u0629 \u0639\u0627\u0644\u064a\u0629 \u0645\u0646 \u0627\u0644\u062a\u062d\u0645\u0644 \u0645\u0635\u0645\u0645\u0629 \u0644\u062a\u0647\u062f\u0626\u0629 \u0641\u0648\u0631\u064a\u0629 \u0644\u0644\u0628\u0634\u0631\u0629 \u0627\u0644\u062d\u0633\u0627\u0633\u0629 \u062c\u062f\u0627\u064b. \u064a\u0639\u0627\u0644\u062c \u0627\u0644\u062a\u0634\u0642\u0642\u0627\u062a \u0648\u0627\u0644\u0627\u062d\u0645\u0631\u0627\u0631 \u0648\u064a\u0642\u0648\u064a \u062d\u0627\u062c\u0632 \u0627\u0644\u0628\u0634\u0631\u0629 \u0627\u0644\u0637\u0628\u064a\u0639\u064a. \u0645\u0646\u0627\u0633\u0628 \u0644\u062c\u0645\u064a\u0639 \u0623\u0641\u0631\u0627\u062f \u0627\u0644\u0639\u0627\u0626\u0644\u0629 \u0648\u0644\u0644\u0627\u0633\u062a\u062e\u062f\u0627\u0645 \u0639\u0644\u0649 \u0627\u0644\u0645\u0646\u0627\u0637\u0642 \u0627\u0644\u0645\u0639\u0631\u0636\u0629 \u0644\u0644\u062c\u0641\u0627\u0641 \u0627\u0644\u0634\u062f\u064a\u062f. \u0627\u0644\u0645\u0643\u0648\u0646\u0627\u062a \u0648\u0627\u0644\u062e\u0635\u0627\u0626\u0635 \u0627\u0644\u0631\u0626\u064a\u0633\u064a\u0629 \u062a\u0631\u0643\u064a\u0628\u0629 \u0641\u0631\u0646\u0633\u064a\u0629 \u0645\u0631\u0643\u0632\u0629 \u0646\u0633\u0628\u0629 [&hellip;]<\/p>\n","protected":false},"featured_media":39830,"template":"","meta":[],"pwb-brand":[267],"product_brand":[],"product_cat":[1139,1137],"product_tag":[1050,688,697,684,680],"class_list":{"0":"post-39831","1":"product","2":"type-product","3":"status-publish","4":"has-post-thumbnail","6":"pwb-brand-cicabiafine","7":"product_cat-hands-care","8":"product_cat-body-moist","9":"product_tag-1050","10":"product_tag-sensitive","11":"product_tag-moisturizing","12":"product_tag-restoration","13":"product_tag-dryness","15":"first","16":"instock","17":"shipping-taxable","18":"purchasable","19":"product-type-variable","20":"has-default-attributes","21":"wvs-archive-product-wrapper"},"brands":[{"id":267,"name":"Cicapiavin","slug":"cicabiafine"}],"_links":{"self":[{"href":"https:\/\/gopinkish.com\/fr\/wp-json\/wp\/v2\/product\/39831","targetHints":{"allow":["GET"]}}],"collection":[{"href":"https:\/\/gopinkish.com\/fr\/wp-json\/wp\/v2\/product"}],"about":[{"href":"https:\/\/gopinkish.com\/fr\/wp-json\/wp\/v2\/types\/product"}],"wp:featuredmedia":[{"embeddable":true,"href":"https:\/\/gopinkish.com\/fr\/wp-json\/wp\/v2\/media\/39830"}],"wp:attachment":[{"href":"https:\/\/gopinkish.com\/fr\/wp-json\/wp\/v2\/media?parent=39831"}],"wp:term":[{"taxonomy":"pwb-brand","embeddable":true,"href":"https:\/\/gopinkish.com\/fr\/wp-json\/wp\/v2\/pwb-brand?post=39831"},{"taxonomy":"product_brand","embeddable":true,"href":"https:\/\/gopinkish.com\/fr\/wp-json\/wp\/v2\/product_brand?post=39831"},{"taxonomy":"product_cat","embeddable":true,"href":"https:\/\/gopinkish.com\/fr\/wp-json\/wp\/v2\/product_cat?post=39831"},{"taxonomy":"product_tag","embeddable":true,"href":"https:\/\/gopinkish.com\/fr\/wp-json\/wp\/v2\/product_tag?post=39831"}],"curies":[{"name":"wp","href":"https:\/\/api.w.org\/{rel}","templated":true}]}}