{"id":39825,"date":"2026-05-15T23:32:25","date_gmt":"2026-05-15T22:32:25","guid":{"rendered":"https:\/\/gopinkish.com\/?post_type=product&#038;p=39825"},"modified":"2026-05-15T23:39:15","modified_gmt":"2026-05-15T22:39:15","slug":"3474637090487","status":"publish","type":"product","link":"https:\/\/gopinkish.com\/fr\/produit\/3474637090487\/","title":{"rendered":"Shampooing professionnel pour apaiser le cuir chevelu sensible"},"content":{"rendered":"<p style=\"text-align:justify\">L'OREAL PROFESSIONNEL Serie Expert Scalp Advanced Anti-Discomfort Shampooing Niacinamide 300ML est un shampooing professionnel avanc\u00e9 pour apaiser le cuir chevelu sensible et irrit\u00e9 gr\u00e2ce au Niacinamide. Il nettoie les cheveux en douceur et soulage les d\u00e9mangeaisons et les rougeurs du cuir chevelu. Sa formule fran\u00e7aise professionnelle est douce pour le cuir chevelu et efficace contre les impuret\u00e9s. Convient aux personnes souffrant d'une sensibilit\u00e9 chronique du cuir chevelu.<\/p>\n<p><strong>Principaux ingr\u00e9dients et caract\u00e9ristiques<\/strong><\/p>\n<ul>\n<li>Niacinamide pour apaiser le cuir chevelu<\/li>\n<li>Formule professionnelle avanc\u00e9e<\/li>\n<li>Doux sans \u00eatre dur<\/li>\n<li>Acides amin\u00e9s nutritifs<\/li>\n<li>300ml format professionnel<\/li>\n<\/ul>\n<p><strong>Principales caract\u00e9ristiques et avantages<\/strong><\/p>\n<ul>\n<li>Apaisement instantan\u00e9 du cuir chevelu<\/li>\n<li>Soulager les d\u00e9mangeaisons et les rougeurs<\/li>\n<li>Nettoyage efficace et en douceur<\/li>\n<li>Restauration de la barri\u00e8re cutan\u00e9e<\/li>\n<li>Confort durable du cuir chevelu<\/li>\n<\/ul>\n<p style=\"text-align:center\">\ud83c\uddec\ud83c\udde7 L'OREAL PROFESSIONNEL - Serie Expert Scalp Advanced Anti-Discomfort Shampooing 300ml<\/p>\n<p style=\"text-align:center\">\ud83c\uddeb\ud83c\uddf7 L'OREAL PROFESSIONNEL - Shampooing Cuir Chevelu Anti-Inconv\u00e9nients Niacinamide 300ml<\/p>","protected":false},"excerpt":{"rendered":"<p>\u0645\u0646\u062a\u062c Serie Expert Scalp Advanced Anti-Discomfort Shampoo Niacinamide 300ML \u0645\u0646 L&#8217;OREAL PROFESSIONNEL \u0647\u0648 \u0634\u0627\u0645\u0628\u0648 \u0627\u062d\u062a\u0631\u0627\u0641\u064a \u0645\u062a\u0637\u0648\u0631 \u0644\u062a\u0647\u062f\u0626\u0629 \u0641\u0631\u0648\u0629 \u0627\u0644\u0631\u0623\u0633 \u0627\u0644\u062d\u0633\u0627\u0633\u0629 \u0648\u0627\u0644\u0645\u062a\u0647\u064a\u062c\u0629 \u0628\u062a\u0631\u0643\u064a\u0628\u0629 \u0627\u0644\u0646\u064a\u0627\u0633\u064a\u0646\u0627\u0645\u064a\u062f. \u064a\u0646\u0638\u0641 \u0627\u0644\u0634\u0639\u0631 \u0628\u0644\u0637\u0641 \u0648\u064a\u062e\u0641\u0641 \u0645\u0646 \u0627\u0644\u062d\u0643\u0629 \u0648\u0627\u0644\u0627\u062d\u0645\u0631\u0627\u0631 \u0641\u064a \u0641\u0631\u0648\u0629 \u0627\u0644\u0631\u0623\u0633. \u062a\u0631\u0643\u064a\u0628\u062a\u0647 \u0627\u0644\u0641\u0631\u0646\u0633\u064a\u0629 \u0627\u0644\u0627\u062d\u062a\u0631\u0627\u0641\u064a\u0629 \u0644\u0637\u064a\u0641\u0629 \u0639\u0644\u0649 \u0641\u0631\u0648\u0629 \u0627\u0644\u0631\u0623\u0633 \u0648\u0641\u0639\u0627\u0644\u0629 \u0639\u0644\u0649 \u0627\u0644\u0634\u0648\u0627\u0626\u0628. \u0645\u0646\u0627\u0633\u0628 \u0644\u0645\u0646 \u064a\u0639\u0627\u0646\u0648\u0646 \u0645\u0646 \u062d\u0633\u0627\u0633\u064a\u0629 \u0641\u0631\u0648\u0629 \u0627\u0644\u0631\u0623\u0633 \u0627\u0644\u0645\u0632\u0645\u0646\u0629. \u0627\u0644\u0645\u0643\u0648\u0646\u0627\u062a \u0648\u0627\u0644\u062e\u0635\u0627\u0626\u0635 \u0627\u0644\u0631\u0626\u064a\u0633\u064a\u0629 \u0646\u064a\u0627\u0633\u064a\u0646\u0627\u0645\u064a\u062f [&hellip;]<\/p>\n","protected":false},"featured_media":39824,"template":"","meta":[],"pwb-brand":[239],"product_brand":[],"product_cat":[1155,1148],"product_tag":[1050,688,692],"class_list":{"0":"post-39825","1":"product","2":"type-product","3":"status-publish","4":"has-post-thumbnail","6":"pwb-brand-loreal","7":"product_cat-scalp-care","8":"product_cat-hair-shampoo","9":"product_tag-1050","10":"product_tag-sensitive","11":"product_tag-headitching","13":"first","14":"instock","15":"shipping-taxable","16":"purchasable","17":"product-type-variable","18":"has-default-attributes","19":"wvs-archive-product-wrapper"},"brands":[{"id":239,"name":"L'Or\u00e9al Paris","slug":"loreal"}],"_links":{"self":[{"href":"https:\/\/gopinkish.com\/fr\/wp-json\/wp\/v2\/product\/39825","targetHints":{"allow":["GET"]}}],"collection":[{"href":"https:\/\/gopinkish.com\/fr\/wp-json\/wp\/v2\/product"}],"about":[{"href":"https:\/\/gopinkish.com\/fr\/wp-json\/wp\/v2\/types\/product"}],"wp:featuredmedia":[{"embeddable":true,"href":"https:\/\/gopinkish.com\/fr\/wp-json\/wp\/v2\/media\/39824"}],"wp:attachment":[{"href":"https:\/\/gopinkish.com\/fr\/wp-json\/wp\/v2\/media?parent=39825"}],"wp:term":[{"taxonomy":"pwb-brand","embeddable":true,"href":"https:\/\/gopinkish.com\/fr\/wp-json\/wp\/v2\/pwb-brand?post=39825"},{"taxonomy":"product_brand","embeddable":true,"href":"https:\/\/gopinkish.com\/fr\/wp-json\/wp\/v2\/product_brand?post=39825"},{"taxonomy":"product_cat","embeddable":true,"href":"https:\/\/gopinkish.com\/fr\/wp-json\/wp\/v2\/product_cat?post=39825"},{"taxonomy":"product_tag","embeddable":true,"href":"https:\/\/gopinkish.com\/fr\/wp-json\/wp\/v2\/product_tag?post=39825"}],"curies":[{"name":"wp","href":"https:\/\/api.w.org\/{rel}","templated":true}]}}