{"id":39817,"date":"2026-05-15T23:34:26","date_gmt":"2026-05-15T22:34:26","guid":{"rendered":"https:\/\/gopinkish.com\/?post_type=product&#038;p=39817"},"modified":"2026-05-15T23:38:54","modified_gmt":"2026-05-15T22:38:54","slug":"3474636975518","status":"publish","type":"product","link":"https:\/\/gopinkish.com\/fr\/produit\/3474636975518\/","title":{"rendered":"Shampooing professionnel pour prot\u00e9ger les cheveux color\u00e9s gr\u00e2ce au resv\u00e9ratrol"},"content":{"rendered":"<p style=\"text-align:justify\">\u0645\u0646\u062a\u062c Serie Expert Vitamino Color Shampoo Resveratrol 300ML \u0645\u0646 L&#8217;OREAL PROFESSIONNEL \u0647\u0648 \u0634\u0627\u0645\u0628\u0648 \u0627\u062d\u062a\u0631\u0627\u0641\u064a \u0645\u0646 \u0633\u064a\u0631\u064a \u0625\u0643\u0633\u0628\u064a\u0631\u062a \u0645\u062e\u0635\u0635 \u0644\u062d\u0645\u0627\u064a\u0629 \u0627\u0644\u0634\u0639\u0631 \u0627\u0644\u0645\u0635\u0628\u0648\u063a \u0648\u0627\u0644\u0645\u0644\u0648\u0646. \u062a\u0631\u0643\u064a\u0628\u062a\u0647 \u0627\u0644\u063a\u0646\u064a\u0629 \u0628\u0627\u0644\u0631\u064a\u0633\u0641\u064a\u0631\u0627\u062a\u0631\u0648\u0644 \u0627\u0644\u0645\u0636\u0627\u062f \u0644\u0644\u0623\u0643\u0633\u062f\u0629 \u062a\u062d\u0627\u0641\u0638 \u0639\u0644\u0649 \u0646\u0636\u0627\u0631\u0629 \u0644\u0648\u0646 \u0627\u0644\u0635\u0628\u063a\u0629. \u064a\u0646\u0638\u0641 \u0627\u0644\u0634\u0639\u0631 \u0628\u0644\u0637\u0641 \u062f\u0648\u0646 \u062a\u062c\u0631\u064a\u062f\u0647 \u0645\u0646 \u0632\u064a\u0648\u062a\u0647 \u0627\u0644\u0637\u0628\u064a\u0639\u064a\u0629 \u0648\u064a\u062a\u0631\u0643 \u0627\u0644\u0634\u0639\u0631 \u0646\u0627\u0639\u0645\u0627\u064b \u0648\u0644\u0627\u0645\u0639\u0627\u064b. \u0645\u0646\u0627\u0633\u0628 \u0644\u0644\u0627\u0633\u062a\u062e\u062f\u0627\u0645 \u0627\u0644\u064a\u0648\u0645\u064a \u0639\u0644\u0649 \u0627\u0644\u0634\u0639\u0631 \u0627\u0644\u0645\u0635\u0628\u0648\u063a.<\/p>\n<p><strong>Principaux ingr\u00e9dients et caract\u00e9ristiques<\/strong><\/p>\n<ul>\n<li>Resv\u00e9ratrol Antioxydant<\/li>\n<li>Formule professionnelle fran\u00e7aise<\/li>\n<li>Sans sulfates agressifs<\/li>\n<li>Nettoyage en douceur<\/li>\n<li>Volume pratique de 300 ml<\/li>\n<\/ul>\n<p><strong>Principales caract\u00e9ristiques et avantages<\/strong><\/p>\n<ul>\n<li>Prot\u00e9ger la couleur du colorant<\/li>\n<li>Nettoyage en profondeur tout en douceur<\/li>\n<li>Brillance et vitalit\u00e9 pour les cheveux<\/li>\n<li>Protection contre les radicaux libres<\/li>\n<li>R\u00e9sultats professionnels en salon<\/li>\n<\/ul>\n<p style=\"text-align:center\">\ud83c\uddec\ud83c\udde7 L&#8217;OREAL PROFESSIONNEL \u2013 Serie Expert Vitamino Color Shampoo Resveratrol 300ml<\/p>\n<p style=\"text-align:center\">\ud83c\uddeb\ud83c\uddf7 L&#8217;OREAL PROFESSIONNEL \u2013 Shampooing Vitamino Color Resv\u00e9ratrol Serie Expert 300ml<\/p>","protected":false},"excerpt":{"rendered":"<p>\u0645\u0646\u062a\u062c Serie Expert Vitamino Color Shampoo Resveratrol 300ML \u0645\u0646 L&#8217;OREAL PROFESSIONNEL \u0647\u0648 \u0634\u0627\u0645\u0628\u0648 \u0627\u062d\u062a\u0631\u0627\u0641\u064a \u0645\u0646 \u0633\u064a\u0631\u064a \u0625\u0643\u0633\u0628\u064a\u0631\u062a \u0645\u062e\u0635\u0635 \u0644\u062d\u0645\u0627\u064a\u0629 \u0627\u0644\u0634\u0639\u0631 \u0627\u0644\u0645\u0635\u0628\u0648\u063a \u0648\u0627\u0644\u0645\u0644\u0648\u0646. \u062a\u0631\u0643\u064a\u0628\u062a\u0647 \u0627\u0644\u063a\u0646\u064a\u0629 \u0628\u0627\u0644\u0631\u064a\u0633\u0641\u064a\u0631\u0627\u062a\u0631\u0648\u0644 \u0627\u0644\u0645\u0636\u0627\u062f \u0644\u0644\u0623\u0643\u0633\u062f\u0629 \u062a\u062d\u0627\u0641\u0638 \u0639\u0644\u0649 \u0646\u0636\u0627\u0631\u0629 \u0644\u0648\u0646 \u0627\u0644\u0635\u0628\u063a\u0629. \u064a\u0646\u0638\u0641 \u0627\u0644\u0634\u0639\u0631 \u0628\u0644\u0637\u0641 \u062f\u0648\u0646 \u062a\u062c\u0631\u064a\u062f\u0647 \u0645\u0646 \u0632\u064a\u0648\u062a\u0647 \u0627\u0644\u0637\u0628\u064a\u0639\u064a\u0629 \u0648\u064a\u062a\u0631\u0643 \u0627\u0644\u0634\u0639\u0631 \u0646\u0627\u0639\u0645\u0627\u064b \u0648\u0644\u0627\u0645\u0639\u0627\u064b. \u0645\u0646\u0627\u0633\u0628 \u0644\u0644\u0627\u0633\u062a\u062e\u062f\u0627\u0645 \u0627\u0644\u064a\u0648\u0645\u064a \u0639\u0644\u0649 \u0627\u0644\u0634\u0639\u0631 \u0627\u0644\u0645\u0635\u0628\u0648\u063a. \u0627\u0644\u0645\u0643\u0648\u0646\u0627\u062a \u0648\u0627\u0644\u062e\u0635\u0627\u0626\u0635 \u0627\u0644\u0631\u0626\u064a\u0633\u064a\u0629 \u0631\u064a\u0633\u0641\u064a\u0631\u0627\u062a\u0631\u0648\u0644 \u0645\u0636\u0627\u062f [&hellip;]<\/p>\n","protected":false},"featured_media":39816,"template":"","meta":[],"pwb-brand":[239],"product_brand":[],"product_cat":[1156,1148],"product_tag":[1035,749,1041],"class_list":{"0":"post-39817","1":"product","2":"type-product","3":"status-publish","4":"has-post-thumbnail","6":"pwb-brand-loreal","7":"product_cat-dyed-hair-care","8":"product_cat-hair-shampoo","9":"product_tag-1035","10":"product_tag-749","11":"product_tag-1041","13":"first","14":"instock","15":"shipping-taxable","16":"purchasable","17":"product-type-variable","18":"has-default-attributes","19":"wvs-archive-product-wrapper"},"brands":[{"id":239,"name":"L'Or\u00e9al Paris","slug":"loreal"}],"_links":{"self":[{"href":"https:\/\/gopinkish.com\/fr\/wp-json\/wp\/v2\/product\/39817","targetHints":{"allow":["GET"]}}],"collection":[{"href":"https:\/\/gopinkish.com\/fr\/wp-json\/wp\/v2\/product"}],"about":[{"href":"https:\/\/gopinkish.com\/fr\/wp-json\/wp\/v2\/types\/product"}],"wp:featuredmedia":[{"embeddable":true,"href":"https:\/\/gopinkish.com\/fr\/wp-json\/wp\/v2\/media\/39816"}],"wp:attachment":[{"href":"https:\/\/gopinkish.com\/fr\/wp-json\/wp\/v2\/media?parent=39817"}],"wp:term":[{"taxonomy":"pwb-brand","embeddable":true,"href":"https:\/\/gopinkish.com\/fr\/wp-json\/wp\/v2\/pwb-brand?post=39817"},{"taxonomy":"product_brand","embeddable":true,"href":"https:\/\/gopinkish.com\/fr\/wp-json\/wp\/v2\/product_brand?post=39817"},{"taxonomy":"product_cat","embeddable":true,"href":"https:\/\/gopinkish.com\/fr\/wp-json\/wp\/v2\/product_cat?post=39817"},{"taxonomy":"product_tag","embeddable":true,"href":"https:\/\/gopinkish.com\/fr\/wp-json\/wp\/v2\/product_tag?post=39817"}],"curies":[{"name":"wp","href":"https:\/\/api.w.org\/{rel}","templated":true}]}}