{"id":39810,"date":"2026-05-15T23:30:27","date_gmt":"2026-05-15T22:30:27","guid":{"rendered":"https:\/\/gopinkish.com\/?post_type=product&#038;p=39810"},"modified":"2026-05-15T23:38:35","modified_gmt":"2026-05-15T22:38:35","slug":"0761318321767","status":"publish","type":"product","link":"https:\/\/gopinkish.com\/fr\/produit\/0761318321767\/","title":{"rendered":"Ensemble de fer \u00e0 lisser avec brosse et sac de rangement"},"content":{"rendered":"<p style=\"text-align:justify\">Le REVLON Ultra Straight and Smooth Styler Set (Straightener + Cushion Brush + Storage Pouch) est un set de coiffage Revlon complet qui comprend un lisseur, une brosse coussin et une pochette de rangement pratique. Le lisseur \u00e0 plaque en c\u00e9ramique prot\u00e8ge les cheveux de la chaleur excessive et leur donne un toucher soyeux. La brosse coussin aide \u00e0 d\u00e9m\u00ealer et \u00e0 r\u00e9partir les huiles naturelles. Parfait pour la maison et les voyages.<\/p>\n<p><strong>Principaux ingr\u00e9dients et caract\u00e9ristiques<\/strong><\/p>\n<ul>\n<li>Lisseur \u00e0 plaques en c\u00e9ramique<\/li>\n<li>Brosse et tampon flexibles<\/li>\n<li>Sac de rangement pratique<\/li>\n<li>Technologie de protection contre la chaleur<\/li>\n<li>Design \u00e9l\u00e9gant et portable<\/li>\n<\/ul>\n<p><strong>Principales caract\u00e9ristiques et avantages<\/strong><\/p>\n<ul>\n<li>Lissage rapide<\/li>\n<li>Prot\u00e9ger les cheveux des agressions<\/li>\n<li>Texture soyeuse et brillante<\/li>\n<li>Facile \u00e0 transporter et \u00e0 stocker<\/li>\n<li>R\u00e9sultats professionnels en salon<\/li>\n<\/ul>\n<p style=\"text-align:center\">\ud83c\uddec\ud83c\udde7 REVLON - Set de stylistes ultra-droit et lisse<\/p>\n<p style=\"text-align:center\">\ud83c\uddeb\ud83c\uddf7 REVLON - Ensemble Lisseur et Brosse Ultra droit et lisse<\/p>","protected":false},"excerpt":{"rendered":"<p>\u0645\u0646\u062a\u062c Ultra Straight and Smooth Styler Set (Straightener + Cushion Brush + Storage Pouch) \u0645\u0646 REVLON \u0647\u0648 \u0637\u0642\u0645 \u0645\u062a\u0643\u0627\u0645\u0644 \u0644\u062a\u0635\u0641\u064a\u0641 \u0627\u0644\u0634\u0639\u0631 \u0645\u0646 \u0631\u064a\u0641\u0644\u0648\u0646 \u064a\u0634\u0645\u0644 \u0645\u0643\u0648\u0627\u0629 \u0641\u0631\u062f \u0648\u0641\u0631\u0634\u0627\u0629 \u0648\u0633\u0627\u062f\u064a\u0629 \u0648\u0643\u064a\u0633 \u062a\u062e\u0632\u064a\u0646 \u0639\u0645\u0644\u064a. \u0645\u0643\u0648\u0627\u0629 \u0627\u0644\u0641\u0631\u062f \u0628\u0623\u0644\u0648\u0627\u062d \u0633\u064a\u0631\u0627\u0645\u064a\u0643 \u062a\u062d\u0645\u064a \u0627\u0644\u0634\u0639\u0631 \u0645\u0646 \u0627\u0644\u062d\u0631\u0627\u0631\u0629 \u0627\u0644\u0632\u0627\u0626\u062f\u0629 \u0648\u062a\u0645\u0646\u062d\u0647 \u0645\u0644\u0645\u0633\u0627\u064b \u062d\u0631\u064a\u0631\u064a\u0627\u064b. \u0627\u0644\u0641\u0631\u0634\u0627\u0629 \u0627\u0644\u0648\u0633\u0627\u062f\u064a\u0629 \u062a\u0633\u0627\u0639\u062f \u0639\u0644\u0649 \u0641\u0643 \u0627\u0644\u062a\u0634\u0627\u0628\u0643 \u0648\u062a\u0648\u0632\u064a\u0639 \u0627\u0644\u0632\u064a\u0648\u062a \u0627\u0644\u0637\u0628\u064a\u0639\u064a\u0629. \u0637\u0642\u0645 \u0645\u062b\u0627\u0644\u064a \u0644\u0644\u0627\u0633\u062a\u062e\u062f\u0627\u0645 [&hellip;]<\/p>\n","protected":false},"featured_media":39809,"template":"","meta":[],"pwb-brand":[1006],"product_brand":[],"product_cat":[1158,1161],"product_tag":[749,1018],"class_list":{"0":"post-39810","1":"product","2":"type-product","3":"status-publish","4":"has-post-thumbnail","6":"pwb-brand-revlon","7":"product_cat-hair-care-equip","8":"product_cat-hair-brush","9":"product_tag-749","10":"product_tag-1018","12":"first","13":"instock","14":"shipping-taxable","15":"purchasable","16":"product-type-variable","17":"has-default-attributes","18":"wvs-archive-product-wrapper"},"brands":[{"id":1006,"name":"Revlon","slug":"revlon"}],"_links":{"self":[{"href":"https:\/\/gopinkish.com\/fr\/wp-json\/wp\/v2\/product\/39810","targetHints":{"allow":["GET"]}}],"collection":[{"href":"https:\/\/gopinkish.com\/fr\/wp-json\/wp\/v2\/product"}],"about":[{"href":"https:\/\/gopinkish.com\/fr\/wp-json\/wp\/v2\/types\/product"}],"wp:featuredmedia":[{"embeddable":true,"href":"https:\/\/gopinkish.com\/fr\/wp-json\/wp\/v2\/media\/39809"}],"wp:attachment":[{"href":"https:\/\/gopinkish.com\/fr\/wp-json\/wp\/v2\/media?parent=39810"}],"wp:term":[{"taxonomy":"pwb-brand","embeddable":true,"href":"https:\/\/gopinkish.com\/fr\/wp-json\/wp\/v2\/pwb-brand?post=39810"},{"taxonomy":"product_brand","embeddable":true,"href":"https:\/\/gopinkish.com\/fr\/wp-json\/wp\/v2\/product_brand?post=39810"},{"taxonomy":"product_cat","embeddable":true,"href":"https:\/\/gopinkish.com\/fr\/wp-json\/wp\/v2\/product_cat?post=39810"},{"taxonomy":"product_tag","embeddable":true,"href":"https:\/\/gopinkish.com\/fr\/wp-json\/wp\/v2\/product_tag?post=39810"}],"curies":[{"name":"wp","href":"https:\/\/api.w.org\/{rel}","templated":true}]}}