{"id":39803,"date":"2026-05-15T23:36:28","date_gmt":"2026-05-15T22:36:28","guid":{"rendered":"https:\/\/gopinkish.com\/?post_type=product&#038;p=39803"},"modified":"2026-05-15T23:38:16","modified_gmt":"2026-05-15T22:38:16","slug":"8809576261608","status":"publish","type":"product","link":"https:\/\/gopinkish.com\/fr\/produit\/8809576261608\/","title":{"rendered":"Cr\u00e8me solaire l\u00e9g\u00e8re \u00e0 l'extrait de centella asiatique"},"content":{"rendered":"<p style=\"text-align:justify\">La cr\u00e8me solaire l\u00e9g\u00e8re Madagascar Centella Air-Fit SPF30 PA++++ 50ml de SKIN1004 est une cr\u00e8me solaire cor\u00e9enne l\u00e9g\u00e8re \u00e0 l'extrait apaisant de centella asiatique. Elle offre une protection quotidienne SPF30 et PA++++ contre les rayons UV. Sa formule l\u00e9g\u00e8re et a\u00e9rienne laisse une sensation de fra\u00eecheur sur la peau, sans aucune lourdeur ni effet collant. Convient \u00e0 un usage quotidien et aux peaux sensibles et grasses.<\/p>\n<p><strong>Principaux ingr\u00e9dients et caract\u00e9ristiques<\/strong><\/p>\n<ul>\n<li>Extrait de centella asiatique<\/li>\n<li>SPF30 PA++++<\/li>\n<li>Construction a\u00e9rodynamique l\u00e9g\u00e8re<\/li>\n<li>Ingr\u00e9dients apaisants d'origine cor\u00e9enne<\/li>\n<li>Sans oxyde<\/li>\n<\/ul>\n<p><strong>Principales caract\u00e9ristiques et avantages<\/strong><\/p>\n<ul>\n<li>Une protection quotidienne efficace<\/li>\n<li>L\u00e9g\u00e8ret\u00e9 rafra\u00eechissante<\/li>\n<li>Apaiser les peaux sensibles<\/li>\n<li>Pas de collage ni de lourdeur<\/li>\n<li>Convient \u00e0 tous les types de peau<\/li>\n<\/ul>\n<p style=\"text-align:center\">\ud83c\uddec\ud83c\udde7 SKIN1004 - Madagascar Centella Air-Fit Cr\u00e8me solaire l\u00e9g\u00e8re SPF30 PA++++ 50ml<\/p>\n<p style=\"text-align:center\">\ud83c\uddeb\ud83c\uddf7 SKIN1004 - Cr\u00e8me Solaire L\u00e9g\u00e8re Madagascar Centella Air-Fit SPF30 PA++++ 50ml<\/p>","protected":false},"excerpt":{"rendered":"<p>\u0645\u0646\u062a\u062c Madagascar Centella Air-Fit Suncream Light SPF30 PA++++ 50ML \u0645\u0646 SKIN1004 \u0647\u0648 \u0643\u0631\u064a\u0645 \u0634\u0645\u0633\u064a \u0643\u0648\u0631\u064a \u062e\u0641\u064a\u0641 \u0627\u0644\u0648\u0632\u0646 \u0628\u0645\u0633\u062a\u062e\u0644\u0635 \u0627\u0644\u0633\u0646\u062a\u064a\u0644\u0627 \u0627\u0644\u0622\u0633\u064a\u0648\u064a\u0629 \u0627\u0644\u0645\u0647\u062f\u0626. \u064a\u0648\u0641\u0631 \u062d\u0645\u0627\u064a\u0629 \u064a\u0648\u0645\u064a\u0629 \u0628\u0639\u0627\u0645\u0644 \u0648\u0642\u0627\u064a\u0629 SPF30 \u0648PA++++ \u0645\u0646 \u0627\u0644\u0623\u0634\u0639\u0629 \u0641\u0648\u0642 \u0627\u0644\u0628\u0646\u0641\u0633\u062c\u064a\u0629. \u062a\u0631\u0643\u064a\u0628\u062a\u0647 \u0627\u0644\u0647\u0648\u0627\u0626\u064a\u0629 \u0627\u0644\u062e\u0641\u064a\u0641\u0629 \u062a\u062a\u0631\u0643 \u0627\u0644\u0628\u0634\u0631\u0629 \u0645\u0646\u0639\u0634\u0629 \u062f\u0648\u0646 \u0623\u064a \u062b\u0642\u0644 \u0623\u0648 \u0644\u0632\u0648\u062c\u0629. \u0645\u0646\u0627\u0633\u0628 \u0644\u0644\u0627\u0633\u062a\u062e\u062f\u0627\u0645 \u0627\u0644\u064a\u0648\u0645\u064a \u0648\u0644\u0644\u0628\u0634\u0631\u0629 \u0627\u0644\u062d\u0633\u0627\u0633\u0629 \u0648\u0627\u0644\u062f\u0647\u0646\u064a\u0629. \u0627\u0644\u0645\u0643\u0648\u0646\u0627\u062a \u0648\u0627\u0644\u062e\u0635\u0627\u0626\u0635 \u0627\u0644\u0631\u0626\u064a\u0633\u064a\u0629 \u0645\u0633\u062a\u062e\u0644\u0635 \u0627\u0644\u0633\u0646\u062a\u064a\u0644\u0627 \u0627\u0644\u0622\u0633\u064a\u0648\u064a\u0629 [&hellip;]<\/p>\n","protected":false},"featured_media":39801,"template":"","meta":[],"pwb-brand":[1045],"product_brand":[],"product_cat":[1144],"product_tag":[688,689,704,717],"class_list":{"0":"post-39803","1":"product","2":"type-product","3":"status-publish","4":"has-post-thumbnail","6":"pwb-brand-skin1004","7":"product_cat-face-sunscreen","8":"product_tag-sensitive","9":"product_tag-oily","10":"product_tag-daycream","11":"product_tag-717","13":"first","14":"instock","15":"shipping-taxable","16":"purchasable","17":"product-type-variable","18":"has-default-attributes","19":"wvs-archive-product-wrapper"},"brands":[{"id":1045,"name":"SKIN1004","slug":"peau1004"}],"_links":{"self":[{"href":"https:\/\/gopinkish.com\/fr\/wp-json\/wp\/v2\/product\/39803","targetHints":{"allow":["GET"]}}],"collection":[{"href":"https:\/\/gopinkish.com\/fr\/wp-json\/wp\/v2\/product"}],"about":[{"href":"https:\/\/gopinkish.com\/fr\/wp-json\/wp\/v2\/types\/product"}],"wp:featuredmedia":[{"embeddable":true,"href":"https:\/\/gopinkish.com\/fr\/wp-json\/wp\/v2\/media\/39801"}],"wp:attachment":[{"href":"https:\/\/gopinkish.com\/fr\/wp-json\/wp\/v2\/media?parent=39803"}],"wp:term":[{"taxonomy":"pwb-brand","embeddable":true,"href":"https:\/\/gopinkish.com\/fr\/wp-json\/wp\/v2\/pwb-brand?post=39803"},{"taxonomy":"product_brand","embeddable":true,"href":"https:\/\/gopinkish.com\/fr\/wp-json\/wp\/v2\/product_brand?post=39803"},{"taxonomy":"product_cat","embeddable":true,"href":"https:\/\/gopinkish.com\/fr\/wp-json\/wp\/v2\/product_cat?post=39803"},{"taxonomy":"product_tag","embeddable":true,"href":"https:\/\/gopinkish.com\/fr\/wp-json\/wp\/v2\/product_tag?post=39803"}],"curies":[{"name":"wp","href":"https:\/\/api.w.org\/{rel}","templated":true}]}}