{"id":39795,"date":"2026-05-15T17:56:29","date_gmt":"2026-05-15T16:56:29","guid":{"rendered":"https:\/\/gopinkish.com\/?post_type=product&#038;p=39795"},"modified":"2026-05-15T17:56:30","modified_gmt":"2026-05-15T16:56:30","slug":"8809835061765","status":"publish","type":"product","link":"https:\/\/gopinkish.com\/fr\/produit\/8809835061765\/","title":{"rendered":"Couche de fond solaire l\u00e9g\u00e8re \u00e0 la vitamine E et \u00e0 la centella asiatique"},"content":{"rendered":"<p style=\"text-align:justify\">TOCOBO Vita Airy Sun Primer SPF50+ PA++++ Vitamine E + Acide Mad\u00e9cassique + Asiaticoside 35ml est un primer solaire cor\u00e9en multi-actions qui combine protection solaire et pr\u00e9paration au maquillage. Enrichi en vitamine E, en acide mad\u00e9cassique et en centella asiaticoside pour nourrir et apaiser. Sa texture l\u00e9g\u00e8re donne \u00e0 la peau un fini lisse et uniforme. Id\u00e9al pour une utilisation sous le maquillage de tous les jours.<\/p>\n<p><strong>Principaux ingr\u00e9dients et caract\u00e9ristiques<\/strong><\/p>\n<ul>\n<li>SPF50+ PA++++<\/li>\n<li>Vitamine E antioxydante<\/li>\n<li>Acide mad\u00e9cassique calmant<\/li>\n<li>Ac\u00e9tatecoside de Centella<\/li>\n<li>Formule cor\u00e9enne avanc\u00e9e<\/li>\n<\/ul>\n<p><strong>Principales caract\u00e9ristiques et avantages<\/strong><\/p>\n<ul>\n<li>Protection solaire compl\u00e8te<\/li>\n<li>Une pr\u00e9paration parfaite avant le maquillage<\/li>\n<li>Lissage et \u00e9claircissement de la peau<\/li>\n<li>Apaiser et nourrir<\/li>\n<li>Un aspect naturel et harmonieux<\/li>\n<\/ul>\n<p style=\"text-align:center\">\ud83c\uddec\ud83c\udde7 TOCOBO - Vita Airy Sun Primer SPF50+ PA++++ 35ml<\/p>\n<p style=\"text-align:center\">\ud83c\uddeb\ud83c\uddf7 TOCOBO - Base Solaire Vita Airy SPF50+ PA++++ 35ml<\/p>","protected":false},"excerpt":{"rendered":"<p>\u0645\u0646\u062a\u062c Vita Airy Sun Primer SPF50+ PA++++ Vitamin E + Madecassic Acid + Asiaticoside 35ML \u0645\u0646 TOCOBO \u0647\u0648 \u0628\u0631\u0627\u064a\u0645\u0631 \u0634\u0645\u0633\u064a \u0643\u0648\u0631\u064a \u0645\u062a\u0639\u062f\u062f \u0627\u0644\u0645\u0641\u0639\u0648\u0644 \u064a\u062c\u0645\u0639 \u0628\u064a\u0646 \u0627\u0644\u062d\u0645\u0627\u064a\u0629 \u0645\u0646 \u0627\u0644\u0634\u0645\u0633 \u0648\u062a\u062d\u0636\u064a\u0631 \u0627\u0644\u0628\u0634\u0631\u0629 \u0644\u0644\u0645\u0643\u064a\u0627\u062c. \u063a\u0646\u064a \u0628\u0641\u064a\u062a\u0627\u0645\u064a\u0646 \u0625\u064a \u0648\u062d\u0645\u0636 \u0627\u0644\u0645\u0627\u062f\u064a\u0643\u0627\u0633\u064a\u0643 \u0648\u0645\u0631\u0643\u0628\u0627\u062a \u0627\u0644\u0633\u0646\u062a\u064a\u0644\u0627 \u0627\u0644\u0622\u0633\u064a\u0648\u064a\u0629 \u0644\u0644\u062a\u063a\u0630\u064a\u0629 \u0648\u0627\u0644\u062a\u0647\u062f\u0626\u0629. \u0642\u0648\u0627\u0645\u0647 \u0627\u0644\u062e\u0641\u064a\u0641 \u064a\u0639\u0637\u064a \u0627\u0644\u0628\u0634\u0631\u0629 \u0644\u0645\u0633\u0629 \u0646\u0647\u0627\u0626\u064a\u0629 \u0646\u0627\u0639\u0645\u0629 \u0648\u0645\u062a\u062c\u0627\u0646\u0633\u0629. \u0645\u062b\u0627\u0644\u064a \u0644\u0644\u0627\u0633\u062a\u062e\u062f\u0627\u0645 \u062a\u062d\u062a \u0627\u0644\u0645\u0643\u064a\u0627\u062c \u0627\u0644\u064a\u0648\u0645\u064a. \u0627\u0644\u0645\u0643\u0648\u0646\u0627\u062a [&hellip;]<\/p>\n","protected":false},"featured_media":39794,"template":"","meta":[],"pwb-brand":[1449],"product_brand":[],"product_cat":[1174,1144],"product_tag":[688,704,717],"class_list":{"0":"post-39795","1":"product","2":"type-product","3":"status-publish","4":"has-post-thumbnail","6":"pwb-brand-tocobo","7":"product_cat-base-primer-makeup","8":"product_cat-face-sunscreen","9":"product_tag-sensitive","10":"product_tag-daycream","11":"product_tag-717","13":"first","14":"instock","15":"shipping-taxable","16":"purchasable","17":"product-type-variable","18":"has-default-attributes","19":"wvs-archive-product-wrapper"},"brands":[{"id":1449,"name":"Tocobo","slug":"tocobo"}],"_links":{"self":[{"href":"https:\/\/gopinkish.com\/fr\/wp-json\/wp\/v2\/product\/39795","targetHints":{"allow":["GET"]}}],"collection":[{"href":"https:\/\/gopinkish.com\/fr\/wp-json\/wp\/v2\/product"}],"about":[{"href":"https:\/\/gopinkish.com\/fr\/wp-json\/wp\/v2\/types\/product"}],"wp:featuredmedia":[{"embeddable":true,"href":"https:\/\/gopinkish.com\/fr\/wp-json\/wp\/v2\/media\/39794"}],"wp:attachment":[{"href":"https:\/\/gopinkish.com\/fr\/wp-json\/wp\/v2\/media?parent=39795"}],"wp:term":[{"taxonomy":"pwb-brand","embeddable":true,"href":"https:\/\/gopinkish.com\/fr\/wp-json\/wp\/v2\/pwb-brand?post=39795"},{"taxonomy":"product_brand","embeddable":true,"href":"https:\/\/gopinkish.com\/fr\/wp-json\/wp\/v2\/product_brand?post=39795"},{"taxonomy":"product_cat","embeddable":true,"href":"https:\/\/gopinkish.com\/fr\/wp-json\/wp\/v2\/product_cat?post=39795"},{"taxonomy":"product_tag","embeddable":true,"href":"https:\/\/gopinkish.com\/fr\/wp-json\/wp\/v2\/product_tag?post=39795"}],"curies":[{"name":"wp","href":"https:\/\/api.w.org\/{rel}","templated":true}]}}