{"id":39790,"date":"2026-05-15T23:15:30","date_gmt":"2026-05-15T22:15:30","guid":{"rendered":"https:\/\/gopinkish.com\/?post_type=product&#038;p=39790"},"modified":"2026-05-15T23:47:01","modified_gmt":"2026-05-15T22:47:01","slug":"8025272980753","status":"publish","type":"product","link":"https:\/\/gopinkish.com\/fr\/produit\/8025272980753\/","title":{"rendered":"Spray fixateur de maquillage longue dur\u00e9e"},"content":{"rendered":"<p style=\"text-align:justify\">KIKO MILANO Face Make Up Fixer 75ML est un spray fixateur de maquillage professionnel qui prolonge la tenue de votre look pendant des heures. Sa formule italienne l\u00e9g\u00e8re forme un film invisible qui prot\u00e8ge votre maquillage de la d\u00e9coloration et de la fonte. Il offre un fini mat ou naturel, selon votre pr\u00e9f\u00e9rence. Convient \u00e0 tous les types de peau, pour un usage quotidien ou occasionnel.<\/p>\n<p><strong>Principaux ingr\u00e9dients et caract\u00e9ristiques<\/strong><\/p>\n<ul>\n<li>Formule italienne professionnelle<\/li>\n<li>Brouillard fin homog\u00e8ne<\/li>\n<li>Formule l\u00e9g\u00e8re \u00e0 base d'eau<\/li>\n<li>Format Premium 75ml<\/li>\n<li>Sans huile<\/li>\n<\/ul>\n<p><strong>Principales caract\u00e9ristiques et avantages<\/strong><\/p>\n<ul>\n<li>Tient le maquillage pendant des heures<\/li>\n<li>Prot\u00e9gez votre maquillage de la fonte<\/li>\n<li>Finition \u00e9l\u00e9gante<\/li>\n<li>Texture l\u00e9g\u00e8re et non collante<\/li>\n<li>Revitalisation instantan\u00e9e de la peau<\/li>\n<\/ul>\n<p style=\"text-align:center\">\ud83c\uddec\ud83c\udde7 KIKO MILANO - Fixateur de maquillage pour le visage 75ml<\/p>\n<p style=\"text-align:center\">\ud83c\uddeb\ud83c\uddf7 KIKO MILANO - Spray Fixateur de Maquillage 75ml<\/p>","protected":false},"excerpt":{"rendered":"<p>\u0645\u0646\u062a\u062c Face Make Up Fixer 75ML \u0645\u0646 KIKO MILANO \u0647\u0648 \u0631\u0630\u0627\u0630 \u0645\u062b\u0628\u062a \u0627\u062d\u062a\u0631\u0627\u0641\u064a \u0644\u0644\u0645\u0643\u064a\u0627\u062c \u064a\u0637\u064a\u0644 \u062b\u0628\u0627\u062a \u0627\u0644\u0625\u0637\u0644\u0627\u0644\u0629 \u0644\u0633\u0627\u0639\u0627\u062a \u0637\u0648\u064a\u0644\u0629. \u062a\u0631\u0643\u064a\u0628\u062a\u0647 \u0627\u0644\u0625\u064a\u0637\u0627\u0644\u064a\u0629 \u0627\u0644\u062e\u0641\u064a\u0641\u0629 \u062a\u0634\u0643\u0644 \u0637\u0628\u0642\u0629 \u063a\u064a\u0631 \u0645\u0631\u0626\u064a\u0629 \u062a\u062d\u0645\u064a \u0627\u0644\u0645\u0643\u064a\u0627\u062c \u0645\u0646 \u0627\u0644\u062a\u0644\u0627\u0634\u064a \u0648\u0627\u0644\u0630\u0648\u0628\u0627\u0646. \u064a\u0645\u0646\u062d \u0627\u0644\u0628\u0634\u0631\u0629 \u0644\u0645\u0633\u0629 \u0646\u0647\u0627\u0626\u064a\u0629 \u0645\u0627\u062a \u0623\u0648 \u0637\u0628\u064a\u0639\u064a\u0629 \u062d\u0633\u0628 \u0627\u0644\u0627\u062e\u062a\u064a\u0627\u0631. \u0645\u0646\u0627\u0633\u0628 \u0644\u062c\u0645\u064a\u0639 \u0623\u0646\u0648\u0627\u0639 \u0627\u0644\u0628\u0634\u0631\u0629 \u0648\u0644\u0644\u0627\u0633\u062a\u062e\u062f\u0627\u0645 \u0627\u0644\u064a\u0648\u0645\u064a \u0648\u0627\u0644\u0645\u0646\u0627\u0633\u0628\u0627\u062a. \u0627\u0644\u0645\u0643\u0648\u0646\u0627\u062a \u0648\u0627\u0644\u062e\u0635\u0627\u0626\u0635 \u0627\u0644\u0631\u0626\u064a\u0633\u064a\u0629 \u062a\u0631\u0643\u064a\u0628\u0629 \u0625\u064a\u0637\u0627\u0644\u064a\u0629 \u0627\u062d\u062a\u0631\u0627\u0641\u064a\u0629 \u0631\u0630\u0627\u0630 \u062f\u0642\u064a\u0642 [&hellip;]<\/p>\n","protected":false},"featured_media":39789,"template":"","meta":[],"pwb-brand":[220],"product_brand":[],"product_cat":[1174],"product_tag":[697],"class_list":{"0":"post-39790","1":"product","2":"type-product","3":"status-publish","4":"has-post-thumbnail","6":"pwb-brand-kiko","7":"product_cat-base-primer-makeup","8":"product_tag-moisturizing","10":"first","11":"instock","12":"shipping-taxable","13":"purchasable","14":"product-type-variable","15":"has-default-attributes","16":"wvs-archive-product-wrapper"},"brands":[{"id":220,"name":"Kiko Milano","slug":"kiko"}],"_links":{"self":[{"href":"https:\/\/gopinkish.com\/fr\/wp-json\/wp\/v2\/product\/39790","targetHints":{"allow":["GET"]}}],"collection":[{"href":"https:\/\/gopinkish.com\/fr\/wp-json\/wp\/v2\/product"}],"about":[{"href":"https:\/\/gopinkish.com\/fr\/wp-json\/wp\/v2\/types\/product"}],"wp:featuredmedia":[{"embeddable":true,"href":"https:\/\/gopinkish.com\/fr\/wp-json\/wp\/v2\/media\/39789"}],"wp:attachment":[{"href":"https:\/\/gopinkish.com\/fr\/wp-json\/wp\/v2\/media?parent=39790"}],"wp:term":[{"taxonomy":"pwb-brand","embeddable":true,"href":"https:\/\/gopinkish.com\/fr\/wp-json\/wp\/v2\/pwb-brand?post=39790"},{"taxonomy":"product_brand","embeddable":true,"href":"https:\/\/gopinkish.com\/fr\/wp-json\/wp\/v2\/product_brand?post=39790"},{"taxonomy":"product_cat","embeddable":true,"href":"https:\/\/gopinkish.com\/fr\/wp-json\/wp\/v2\/product_cat?post=39790"},{"taxonomy":"product_tag","embeddable":true,"href":"https:\/\/gopinkish.com\/fr\/wp-json\/wp\/v2\/product_tag?post=39790"}],"curies":[{"name":"wp","href":"https:\/\/api.w.org\/{rel}","templated":true}]}}