{"id":39771,"date":"2026-05-15T23:35:34","date_gmt":"2026-05-15T22:35:34","guid":{"rendered":"https:\/\/gopinkish.com\/?post_type=product&#038;p=39771"},"modified":"2026-05-15T23:37:43","modified_gmt":"2026-05-15T22:37:43","slug":"8800312065429","status":"publish","type":"product","link":"https:\/\/gopinkish.com\/fr\/produit\/8800312065429\/","title":{"rendered":"Essence solaire aux peptides et au NAD+ pour un \u00e9clat de ros\u00e9e"},"content":{"rendered":"<p style=\"text-align:justify\">No. 9+ NAD+ Peptides Dewy Sun Essence SPF 50+ PA++++ 50ml de NUMBUZIN est une essence solaire cor\u00e9enne avanc\u00e9e qui combine NAD+ et peptides anti-\u00e2ge avec une protection sup\u00e9rieure. Sa texture l\u00e9g\u00e8re et cr\u00e9meuse donne \u00e0 la peau un fini gras et brillant au lieu d'un aspect mat. Elle offre une protection SPF 50+ et PA++++ tout en r\u00e9g\u00e9n\u00e9rant les cellules de la peau. Convient aux peaux ternes et matures.<\/p>\n<p><strong>Principaux ingr\u00e9dients et caract\u00e9ristiques<\/strong><\/p>\n<ul>\n<li>R\u00e9g\u00e9n\u00e9rateur de cellules NAD<\/li>\n<li>Peptides anti-\u00e2ge<\/li>\n<li>SPF 50+ PA++++<\/li>\n<li>Texture aqueuse<\/li>\n<li>Formule cor\u00e9enne de luxe<\/li>\n<\/ul>\n<p><strong>Principales caract\u00e9ristiques et avantages<\/strong><\/p>\n<ul>\n<li>Protection solaire compl\u00e8te<\/li>\n<li>Dahiya Glow<\/li>\n<li>Rajeunissement des cellules de la peau<\/li>\n<li>Minimiser l'apparence des rides<\/li>\n<li>Hydratation longue dur\u00e9e<\/li>\n<\/ul>\n<p style=\"text-align:center\">\ud83c\uddec\ud83c\udde7 NUMBUZIN - No. 9+ NAD+ Peptides Dewy Sun Essence SPF 50+ PA++++ 50ml<\/p>\n<p style=\"text-align:center\">\ud83c\uddeb\ud83c\uddf7 NUMBUZIN - Essence Solaire NAD+ Peptides No.9+ SPF 50+ PA++++ 50ml<\/p>","protected":false},"excerpt":{"rendered":"<p>\u0645\u0646\u062a\u062c No. 9+ NAD+ Peptides Dewy Sun Essence SPF 50+ PA++++ 50ML \u0645\u0646 NUMBUZIN \u0647\u0648 \u0625\u0633\u0627\u0646\u0633 \u0634\u0645\u0633\u064a \u0645\u062a\u0642\u062f\u0645 \u0643\u0648\u0631\u064a \u064a\u062c\u0645\u0639 \u0628\u064a\u0646 NAD+ \u0648\u0627\u0644\u0628\u0628\u062a\u064a\u062f\u0627\u062a \u0627\u0644\u0645\u0636\u0627\u062f\u0629 \u0644\u0644\u0634\u064a\u062e\u0648\u062e\u0629 \u0645\u0639 \u062d\u0645\u0627\u064a\u0629 \u0641\u0627\u0626\u0642\u0629. \u0642\u0648\u0627\u0645\u0647 \u0627\u0644\u0625\u0633\u0627\u0646\u0633\u064a \u0627\u0644\u062e\u0641\u064a\u0641 \u064a\u0645\u0646\u062d \u0627\u0644\u0628\u0634\u0631\u0629 \u0644\u0645\u0633\u0629 \u0646\u0647\u0627\u0626\u064a\u0629 \u062f\u0647\u064a\u0629 \u0645\u062a\u0648\u0647\u062c\u0629 \u0628\u062f\u0644\u0627\u064b \u0645\u0646 \u0627\u0644\u0645\u0638\u0647\u0631 \u0627\u0644\u0645\u0627\u062a. \u064a\u0648\u0641\u0631 \u062d\u0645\u0627\u064a\u0629 SPF 50+ \u0648PA++++ \u0645\u0639 \u062a\u062c\u062f\u064a\u062f \u062e\u0644\u0627\u064a\u0627 \u0627\u0644\u0628\u0634\u0631\u0629. \u0645\u0646\u0627\u0633\u0628 \u0644\u0644\u0628\u0634\u0631\u0629 \u0627\u0644\u0628\u0627\u0647\u062a\u0629 \u0648\u0627\u0644\u0646\u0627\u0636\u062c\u0629. \u0627\u0644\u0645\u0643\u0648\u0646\u0627\u062a [&hellip;]<\/p>\n","protected":false},"featured_media":39770,"template":"","meta":[],"pwb-brand":[1332],"product_brand":[],"product_cat":[1227,1144],"product_tag":[672,697,1013,717],"class_list":{"0":"post-39771","1":"product","2":"type-product","3":"status-publish","4":"has-post-thumbnail","6":"pwb-brand-numbuzin","7":"product_cat-face-renew","8":"product_cat-face-sunscreen","9":"product_tag-wrinkles","10":"product_tag-moisturizing","11":"product_tag-1013","12":"product_tag-717","14":"first","15":"instock","16":"shipping-taxable","17":"purchasable","18":"product-type-variable","19":"has-default-attributes","20":"wvs-archive-product-wrapper"},"brands":[{"id":1332,"name":"Numbuzin","slug":"numbuzin"}],"_links":{"self":[{"href":"https:\/\/gopinkish.com\/fr\/wp-json\/wp\/v2\/product\/39771","targetHints":{"allow":["GET"]}}],"collection":[{"href":"https:\/\/gopinkish.com\/fr\/wp-json\/wp\/v2\/product"}],"about":[{"href":"https:\/\/gopinkish.com\/fr\/wp-json\/wp\/v2\/types\/product"}],"wp:featuredmedia":[{"embeddable":true,"href":"https:\/\/gopinkish.com\/fr\/wp-json\/wp\/v2\/media\/39770"}],"wp:attachment":[{"href":"https:\/\/gopinkish.com\/fr\/wp-json\/wp\/v2\/media?parent=39771"}],"wp:term":[{"taxonomy":"pwb-brand","embeddable":true,"href":"https:\/\/gopinkish.com\/fr\/wp-json\/wp\/v2\/pwb-brand?post=39771"},{"taxonomy":"product_brand","embeddable":true,"href":"https:\/\/gopinkish.com\/fr\/wp-json\/wp\/v2\/product_brand?post=39771"},{"taxonomy":"product_cat","embeddable":true,"href":"https:\/\/gopinkish.com\/fr\/wp-json\/wp\/v2\/product_cat?post=39771"},{"taxonomy":"product_tag","embeddable":true,"href":"https:\/\/gopinkish.com\/fr\/wp-json\/wp\/v2\/product_tag?post=39771"}],"curies":[{"name":"wp","href":"https:\/\/api.w.org\/{rel}","templated":true}]}}