{"id":39767,"date":"2026-05-15T23:35:35","date_gmt":"2026-05-15T22:35:35","guid":{"rendered":"https:\/\/gopinkish.com\/?post_type=product&#038;p=39767"},"modified":"2026-05-15T23:37:08","modified_gmt":"2026-05-15T22:37:08","slug":"8800312065719","status":"publish","type":"product","link":"https:\/\/gopinkish.com\/fr\/produit\/8800312065719\/","title":{"rendered":"Un s\u00e9rum solaire \u00e9claircissant dans une teinte naturelle"},"content":{"rendered":"<p style=\"text-align:justify\">NUMBUZIN No. 3 No Filter Tone-Up Sun Serum SPF 50+ PA++++ 50ml est un s\u00e9rum solaire cor\u00e9en avanc\u00e9 qui combine protection solaire et \u00e9claircissement instantan\u00e9 de la peau. Il offre une protection sup\u00e9rieure gr\u00e2ce au SPF 50+ et \u00e0 la PA++++ avec des ingr\u00e9dients \u00e9claircissants \u00e0 base de niacinamide. Sa texture douce et aqueuse s'estompe facilement et laisse la peau radieuse et uniforme. Id\u00e9ale pour une utilisation sous le maquillage ou seule.<\/p>\n<p><strong>Principaux ingr\u00e9dients et caract\u00e9ristiques<\/strong><\/p>\n<ul>\n<li>SPF 50+ PA++++<\/li>\n<li>Le niacinamide est un \u00e9claircissant pour la peau<\/li>\n<li>Formule cor\u00e9enne avanc\u00e9e<\/li>\n<li>Texture lisse et aqueuse<\/li>\n<li>Teinte GLOW<\/li>\n<\/ul>\n<p><strong>Principales caract\u00e9ristiques et avantages<\/strong><\/p>\n<ul>\n<li>Protection solaire sup\u00e9rieure<\/li>\n<li>\u00c9claircissement instantan\u00e9 de la peau<\/li>\n<li>Un \u00e9clat naturel et harmonieux<\/li>\n<li>R\u00e9duire les taches brunes<\/li>\n<li>La base parfaite sous le maquillage<\/li>\n<\/ul>\n<p style=\"text-align:center\">\ud83c\uddec\ud83c\udde7 NUMBUZIN - No. 3 No Filter Tone-Up Sun Serum SPF 50+ PA++++ 50ml<\/p>\n<p style=\"text-align:center\">\ud83c\uddeb\ud83c\uddf7 NUMBUZIN - S\u00e9rum Solaire Tone-Up No.3 SPF 50+ PA++++ 50ml<\/p>","protected":false},"excerpt":{"rendered":"<p>\u0645\u0646\u062a\u062c No. 3 No Filter Tone-Up Sun Serum SPF 50+ PA++++ 50ML \u0645\u0646 NUMBUZIN \u0647\u0648 \u0633\u064a\u0631\u0648\u0645 \u0634\u0645\u0633\u064a \u0643\u0648\u0631\u064a \u0645\u062a\u0637\u0648\u0631 \u064a\u062c\u0645\u0639 \u0628\u064a\u0646 \u0627\u0644\u062d\u0645\u0627\u064a\u0629 \u0645\u0646 \u0627\u0644\u0634\u0645\u0633 \u0648\u062a\u0641\u062a\u064a\u062d \u0644\u0648\u0646 \u0627\u0644\u0628\u0634\u0631\u0629 \u0641\u0648\u0631\u0627\u064b. \u064a\u0648\u0641\u0631 \u062d\u0645\u0627\u064a\u0629 \u0641\u0627\u0626\u0642\u0629 \u0628\u0639\u0627\u0645\u0644 \u0648\u0642\u0627\u064a\u0629 SPF 50+ \u0648PA++++ \u0645\u0639 \u0645\u0643\u0648\u0646\u0627\u062a \u0646\u064a\u0627\u0633\u064a\u0646\u0627\u0645\u064a\u062f \u0644\u0644\u062a\u0641\u062a\u064a\u062d. \u0642\u0648\u0627\u0645\u0647 \u0627\u0644\u0645\u0627\u0626\u064a \u0627\u0644\u0646\u0627\u0639\u0645 \u064a\u0646\u062f\u0645\u062c \u0628\u0633\u0644\u0627\u0633\u0629 \u0648\u064a\u062a\u0631\u0643 \u0627\u0644\u0628\u0634\u0631\u0629 \u0645\u0634\u0631\u0642\u0629 \u0648\u0645\u0648\u062d\u062f\u0629. \u0645\u062b\u0627\u0644\u064a \u0644\u0644\u0627\u0633\u062a\u062e\u062f\u0627\u0645 \u062a\u062d\u062a \u0627\u0644\u0645\u0643\u064a\u0627\u062c \u0623\u0648 \u0648\u062d\u062f\u0647. [&hellip;]<\/p>\n","protected":false},"featured_media":39762,"template":"","meta":[],"pwb-brand":[1332],"product_brand":[],"product_cat":[1123,1144],"product_tag":[675,685,704,717],"class_list":{"0":"post-39767","1":"product","2":"type-product","3":"status-publish","4":"has-post-thumbnail","6":"pwb-brand-numbuzin","7":"product_cat-face-bright","8":"product_cat-face-sunscreen","9":"product_tag-spots","10":"product_tag-brightening","11":"product_tag-daycream","12":"product_tag-717","14":"first","15":"instock","16":"shipping-taxable","17":"purchasable","18":"product-type-variable","19":"has-default-attributes","20":"wvs-archive-product-wrapper"},"brands":[{"id":1332,"name":"Numbuzin","slug":"numbuzin"}],"_links":{"self":[{"href":"https:\/\/gopinkish.com\/fr\/wp-json\/wp\/v2\/product\/39767","targetHints":{"allow":["GET"]}}],"collection":[{"href":"https:\/\/gopinkish.com\/fr\/wp-json\/wp\/v2\/product"}],"about":[{"href":"https:\/\/gopinkish.com\/fr\/wp-json\/wp\/v2\/types\/product"}],"wp:featuredmedia":[{"embeddable":true,"href":"https:\/\/gopinkish.com\/fr\/wp-json\/wp\/v2\/media\/39762"}],"wp:attachment":[{"href":"https:\/\/gopinkish.com\/fr\/wp-json\/wp\/v2\/media?parent=39767"}],"wp:term":[{"taxonomy":"pwb-brand","embeddable":true,"href":"https:\/\/gopinkish.com\/fr\/wp-json\/wp\/v2\/pwb-brand?post=39767"},{"taxonomy":"product_brand","embeddable":true,"href":"https:\/\/gopinkish.com\/fr\/wp-json\/wp\/v2\/product_brand?post=39767"},{"taxonomy":"product_cat","embeddable":true,"href":"https:\/\/gopinkish.com\/fr\/wp-json\/wp\/v2\/product_cat?post=39767"},{"taxonomy":"product_tag","embeddable":true,"href":"https:\/\/gopinkish.com\/fr\/wp-json\/wp\/v2\/product_tag?post=39767"}],"curies":[{"name":"wp","href":"https:\/\/api.w.org\/{rel}","templated":true}]}}