{"id":39746,"date":"2026-05-15T17:56:38","date_gmt":"2026-05-15T16:56:38","guid":{"rendered":"https:\/\/gopinkish.com\/?post_type=product&#038;p=39746"},"modified":"2026-05-15T17:56:38","modified_gmt":"2026-05-15T16:56:38","slug":"3600550817591","status":"publish","type":"product","link":"https:\/\/gopinkish.com\/fr\/produit\/3600550817591\/","title":{"rendered":"Masque nourrissant et volumateur pour cheveux secs et fourchus"},"content":{"rendered":"<p style=\"text-align:justify\">DESSANGE PARIS Nutri Extreme Masque Anti-Dess\u00e8chement Cheveux Secs 250ml est un masque luxueux sp\u00e9cialis\u00e9 pour les cheveux tr\u00e8s secs et ternes de la marque haut de gamme DESSAGE PARIS. Sa formule riche p\u00e9n\u00e8tre en profondeur, nourrit et hydrate les cheveux de la racine \u00e0 la pointe. Il restaure la douceur et la brillance naturelle des cheveux et lutte contre la casse. Convient pour un usage hebdomadaire sur les cheveux extr\u00eamement secs.<\/p>\n<p><strong>Principaux ingr\u00e9dients et caract\u00e9ristiques<\/strong><\/p>\n<ul>\n<li>Huiles pr\u00e9cieuses nourrissantes<\/li>\n<li>Prot\u00e9ines r\u00e9paratrices<\/li>\n<li>Formule parisienne de luxe<\/li>\n<li>Texture riche et cr\u00e9meuse<\/li>\n<li>250ml volume pratique<\/li>\n<\/ul>\n<p><strong>Principales caract\u00e9ristiques et avantages<\/strong><\/p>\n<ul>\n<li>Nourriture intensive pour les cheveux secs<\/li>\n<li>Protection contre la d\u00e9shydratation s\u00e9v\u00e8re<\/li>\n<li>Restaure la brillance naturelle<\/li>\n<li>Combat efficacement la fragilit\u00e9<\/li>\n<li>Cheveux soyeux et lisses<\/li>\n<\/ul>\n<p style=\"text-align:center\">\ud83c\uddec\ud83c\udde7 DESSANGE PARIS - Nutri Extreme Masque Cheveux Secs 250ml<\/p>\n<p style=\"text-align:center\">\ud83c\uddeb\ud83c\uddf7 DESSANGE PARIS - Masque Nutri Extr\u00eame Anti-Dess\u00e8chement Cheveux Secs 250ml<\/p>","protected":false},"excerpt":{"rendered":"<p>\u0645\u0646\u062a\u062c Nutri Extreme Masque Anti-Dess\u00e8chement Cheveux Secs 250ML \u0645\u0646 DESSANGE PARIS \u0647\u0648 \u0645\u0627\u0633\u0643 \u0641\u0627\u062e\u0631 \u0645\u062a\u062e\u0635\u0635 \u0644\u0644\u0634\u0639\u0631 \u0627\u0644\u062c\u0627\u0641 \u062c\u062f\u0627\u064b \u0648\u0627\u0644\u0628\u0627\u0647\u062a \u0645\u0646 \u0639\u0644\u0627\u0645\u0629 \u062f\u0633\u0627\u062c \u0628\u0627\u0631\u064a\u0633 \u0627\u0644\u0631\u0627\u0642\u064a\u0629. \u062a\u0631\u0643\u064a\u0628\u062a\u0647 \u0627\u0644\u063a\u0646\u064a\u0629 \u062a\u062e\u062a\u0631\u0642 \u0627\u0644\u0634\u0639\u0631 \u0628\u0639\u0645\u0642 \u0648\u062a\u063a\u0630\u064a\u0647 \u0648\u062a\u0631\u0637\u0628\u0647 \u0645\u0646 \u0627\u0644\u062c\u0630\u0648\u0631 \u0625\u0644\u0649 \u0627\u0644\u0623\u0637\u0631\u0627\u0641. \u064a\u0633\u062a\u0639\u064a\u062f \u0627\u0644\u0634\u0639\u0631 \u0646\u0639\u0648\u0645\u062a\u0647 \u0648\u0644\u0645\u0639\u0627\u0646\u0647 \u0627\u0644\u0637\u0628\u064a\u0639\u064a \u0648\u064a\u062d\u0627\u0631\u0628 \u0627\u0644\u062a\u0642\u0635\u0641. \u0645\u0646\u0627\u0633\u0628 \u0644\u0644\u0627\u0633\u062a\u062e\u062f\u0627\u0645 \u0627\u0644\u0623\u0633\u0628\u0648\u0639\u064a \u0644\u0644\u0634\u0639\u0631 \u0634\u062f\u064a\u062f \u0627\u0644\u062c\u0641\u0627\u0641. \u0627\u0644\u0645\u0643\u0648\u0646\u0627\u062a \u0648\u0627\u0644\u062e\u0635\u0627\u0626\u0635 \u0627\u0644\u0631\u0626\u064a\u0633\u064a\u0629 \u0632\u064a\u0648\u062a \u062b\u0645\u064a\u0646\u0629 \u0645\u063a\u0630\u064a\u0629 \u0628\u0631\u0648\u062a\u064a\u0646\u0627\u062a [&hellip;]<\/p>\n","protected":false},"featured_media":39745,"template":"","meta":[],"pwb-brand":[],"product_brand":[],"product_cat":[1151],"product_tag":[677,1035,755,1404],"class_list":{"0":"post-39746","1":"product","2":"type-product","3":"status-publish","4":"has-post-thumbnail","6":"product_cat-hair-mask","7":"product_tag-brokenhair","8":"product_tag-1035","9":"product_tag-755","10":"product_tag-1404","12":"first","13":"instock","14":"shipping-taxable","15":"purchasable","16":"product-type-variable","17":"has-default-attributes","18":"wvs-archive-product-wrapper"},"brands":[],"_links":{"self":[{"href":"https:\/\/gopinkish.com\/fr\/wp-json\/wp\/v2\/product\/39746","targetHints":{"allow":["GET"]}}],"collection":[{"href":"https:\/\/gopinkish.com\/fr\/wp-json\/wp\/v2\/product"}],"about":[{"href":"https:\/\/gopinkish.com\/fr\/wp-json\/wp\/v2\/types\/product"}],"wp:featuredmedia":[{"embeddable":true,"href":"https:\/\/gopinkish.com\/fr\/wp-json\/wp\/v2\/media\/39745"}],"wp:attachment":[{"href":"https:\/\/gopinkish.com\/fr\/wp-json\/wp\/v2\/media?parent=39746"}],"wp:term":[{"taxonomy":"pwb-brand","embeddable":true,"href":"https:\/\/gopinkish.com\/fr\/wp-json\/wp\/v2\/pwb-brand?post=39746"},{"taxonomy":"product_brand","embeddable":true,"href":"https:\/\/gopinkish.com\/fr\/wp-json\/wp\/v2\/product_brand?post=39746"},{"taxonomy":"product_cat","embeddable":true,"href":"https:\/\/gopinkish.com\/fr\/wp-json\/wp\/v2\/product_cat?post=39746"},{"taxonomy":"product_tag","embeddable":true,"href":"https:\/\/gopinkish.com\/fr\/wp-json\/wp\/v2\/product_tag?post=39746"}],"curies":[{"name":"wp","href":"https:\/\/api.w.org\/{rel}","templated":true}]}}