{"id":39739,"date":"2026-05-15T17:56:40","date_gmt":"2026-05-15T16:56:40","guid":{"rendered":"https:\/\/gopinkish.com\/?post_type=product&#038;p=39739"},"modified":"2026-05-15T17:56:41","modified_gmt":"2026-05-15T16:56:41","slug":"3600523682683","status":"publish","type":"product","link":"https:\/\/gopinkish.com\/fr\/produit\/3600523682683\/","title":{"rendered":"Masque au violet pour \u00e9liminer le jaunissement des cheveux blonds"},"content":{"rendered":"<p style=\"text-align:justify\">Elseve Color-Vive Masque Violet D\u00e9m\u00ealant D\u00e9jaunisseur 150ml de L'OREAL est un masque violet intensif pour \u00e9liminer le jaunissement des cheveux blonds, d\u00e9color\u00e9s et gris. Sa formule enrichie en prot\u00e9ines et pigments violets neutralise les tons jaunes ind\u00e9sirables. D\u00e9m\u00eale et hydrate les cheveux en profondeur tout en pr\u00e9servant la couleur de la teinture. Convient pour un usage r\u00e9gulier sur les cheveux trait\u00e9s chimiquement.<\/p>\n<p><strong>Principaux ingr\u00e9dients et caract\u00e9ristiques<\/strong><\/p>\n<ul>\n<li>Pigments violets neutres pour le jaune<\/li>\n<li>Prot\u00e9ines nourrissantes pour les cheveux<\/li>\n<li>Formule profond\u00e9ment hydratante<\/li>\n<li>Booster d'acides amin\u00e9s<\/li>\n<li>Sans sulfates agressifs<\/li>\n<\/ul>\n<p><strong>Principales caract\u00e9ristiques et avantages<\/strong><\/p>\n<ul>\n<li>\u00c9liminer le jaunissement des cheveux blonds<\/li>\n<li>Prot\u00e8ge et maintient la couleur du colorant<\/li>\n<li>Hydrate et nourrit en profondeur<\/li>\n<li>D\u00e9m\u00ealage facile<\/li>\n<li>Un \u00e9clat frais et \u00e9l\u00e9gant<\/li>\n<\/ul>\n<p style=\"text-align:center\">\ud83c\uddec\ud83c\udde7 L'OREAL - Elseve Color-Vive Masque Violet D\u00e9m\u00ealant 150ml<\/p>\n<p style=\"text-align:center\">\ud83c\uddeb\ud83c\uddf7 L'OREAL - Elseve Color-Vive Masque Violet D\u00e9m\u00ealant D\u00e9jaunisseur 150ml<\/p>","protected":false},"excerpt":{"rendered":"<p>\u0645\u0646\u062a\u062c Elseve Color-Vive Masque Violet D\u00e9m\u00ealant D\u00e9jaunisseur 150ML \u0645\u0646 L&#8217;OREAL \u0647\u0648 \u0645\u0627\u0633\u0643 \u0645\u0643\u062b\u0641 \u0628\u0646\u0641\u0633\u062c\u064a \u0627\u0644\u0644\u0648\u0646 \u0644\u0625\u0632\u0627\u0644\u0629 \u0627\u0644\u0627\u0635\u0641\u0631\u0627\u0631 \u0645\u0646 \u0627\u0644\u0634\u0639\u0631 \u0627\u0644\u0623\u0634\u0642\u0631 \u0648\u0627\u0644\u0645\u0628\u064a\u0636 \u0648\u0627\u0644\u0631\u0645\u0627\u062f\u064a. \u062a\u0631\u0643\u064a\u0628\u062a\u0647 \u0627\u0644\u063a\u0646\u064a\u0629 \u0628\u0628\u0631\u0648\u062a\u064a\u0646\u0627\u062a \u0648\u0623\u0635\u0628\u0627\u063a \u0628\u0646\u0641\u0633\u062c\u064a\u0629 \u062a\u062d\u064a\u062f \u0627\u0644\u062f\u0631\u062c\u0627\u062a \u0627\u0644\u0635\u0641\u0631\u0627\u0621 \u063a\u064a\u0631 \u0627\u0644\u0645\u0631\u063a\u0648\u0628\u0629. \u064a\u0641\u0643 \u062a\u0634\u0627\u0628\u0643 \u0627\u0644\u0634\u0639\u0631 \u0648\u064a\u0631\u0637\u0628\u0647 \u0628\u0639\u0645\u0642 \u0645\u0639 \u0627\u0644\u062d\u0641\u0627\u0638 \u0639\u0644\u0649 \u0644\u0648\u0646 \u0627\u0644\u0635\u0628\u063a\u0629. \u0645\u0646\u0627\u0633\u0628 \u0644\u0644\u0627\u0633\u062a\u062e\u062f\u0627\u0645 \u0627\u0644\u0645\u0646\u062a\u0638\u0645 \u0639\u0644\u0649 \u0627\u0644\u0634\u0639\u0631 \u0627\u0644\u0645\u0639\u0627\u0644\u062c \u0643\u064a\u0645\u064a\u0627\u0626\u064a\u0627\u064b. \u0627\u0644\u0645\u0643\u0648\u0646\u0627\u062a \u0648\u0627\u0644\u062e\u0635\u0627\u0626\u0635 \u0627\u0644\u0631\u0626\u064a\u0633\u064a\u0629 \u0623\u0635\u0628\u0627\u063a \u0628\u0646\u0641\u0633\u062c\u064a\u0629 \u0645\u062d\u064a\u062f\u0629 [&hellip;]<\/p>\n","protected":false},"featured_media":39735,"template":"","meta":[],"pwb-brand":[239],"product_brand":[],"product_cat":[1156,1151],"product_tag":[1035,749,1041],"class_list":{"0":"post-39739","1":"product","2":"type-product","3":"status-publish","4":"has-post-thumbnail","6":"pwb-brand-loreal","7":"product_cat-dyed-hair-care","8":"product_cat-hair-mask","9":"product_tag-1035","10":"product_tag-749","11":"product_tag-1041","13":"first","14":"instock","15":"shipping-taxable","16":"purchasable","17":"product-type-variable","18":"has-default-attributes","19":"wvs-archive-product-wrapper"},"brands":[{"id":239,"name":"L'Or\u00e9al Paris","slug":"loreal"}],"_links":{"self":[{"href":"https:\/\/gopinkish.com\/fr\/wp-json\/wp\/v2\/product\/39739","targetHints":{"allow":["GET"]}}],"collection":[{"href":"https:\/\/gopinkish.com\/fr\/wp-json\/wp\/v2\/product"}],"about":[{"href":"https:\/\/gopinkish.com\/fr\/wp-json\/wp\/v2\/types\/product"}],"wp:featuredmedia":[{"embeddable":true,"href":"https:\/\/gopinkish.com\/fr\/wp-json\/wp\/v2\/media\/39735"}],"wp:attachment":[{"href":"https:\/\/gopinkish.com\/fr\/wp-json\/wp\/v2\/media?parent=39739"}],"wp:term":[{"taxonomy":"pwb-brand","embeddable":true,"href":"https:\/\/gopinkish.com\/fr\/wp-json\/wp\/v2\/pwb-brand?post=39739"},{"taxonomy":"product_brand","embeddable":true,"href":"https:\/\/gopinkish.com\/fr\/wp-json\/wp\/v2\/product_brand?post=39739"},{"taxonomy":"product_cat","embeddable":true,"href":"https:\/\/gopinkish.com\/fr\/wp-json\/wp\/v2\/product_cat?post=39739"},{"taxonomy":"product_tag","embeddable":true,"href":"https:\/\/gopinkish.com\/fr\/wp-json\/wp\/v2\/product_tag?post=39739"}],"curies":[{"name":"wp","href":"https:\/\/api.w.org\/{rel}","templated":true}]}}