{"id":39733,"date":"2026-05-15T23:35:42","date_gmt":"2026-05-15T22:35:42","guid":{"rendered":"https:\/\/gopinkish.com\/?post_type=product&#038;p=39733"},"modified":"2026-05-15T23:36:33","modified_gmt":"2026-05-15T22:36:33","slug":"4005800119156","status":"publish","type":"product","link":"https:\/\/gopinkish.com\/fr\/produit\/4005800119156\/","title":{"rendered":"Spray de protection solaire \u00e0 indice de protection \u00e9lev\u00e9 pour les peaux sensibles"},"content":{"rendered":"<p style=\"text-align:justify\">EUCERIN Sensitive Protect Sun Spray SPF 50+ 200ml est un spray solaire m\u00e9dical allemand pour les peaux sensibles avec une protection sup\u00e9rieure SPF 50+. Sa formule l\u00e9g\u00e8re s'\u00e9tale facilement sur le corps et le visage et est rapidement absorb\u00e9e par la peau. Il r\u00e9siste \u00e0 l'eau et \u00e0 la sueur et ne laisse pas de r\u00e9sidus collants. La technologie Advanced Spectrum prot\u00e8ge contre les rayons UV \u00e0 large spectre.<\/p>\n<p><strong>Principaux ingr\u00e9dients et caract\u00e9ristiques<\/strong><\/p>\n<ul>\n<li>SPF 50+ \u00e9lev\u00e9<\/li>\n<li>Technologie avanc\u00e9e du spectre<\/li>\n<li>Formule brume l\u00e9g\u00e8re<\/li>\n<li>R\u00e9sistant \u00e0 l'eau et \u00e0 la transpiration<\/li>\n<li>Sans parfum ni alcool<\/li>\n<\/ul>\n<p><strong>Principales caract\u00e9ristiques et avantages<\/strong><\/p>\n<ul>\n<li>Protection sup\u00e9rieure contre les UVA et les UVB<\/li>\n<li>Convient aux peaux sensibles<\/li>\n<li>Facile \u00e0 appliquer sur le corps<\/li>\n<li>Ne laisse aucun r\u00e9sidu collant ou gras<\/li>\n<li>Protection tout au long de la journ\u00e9e<\/li>\n<\/ul>\n<p style=\"text-align:center\">\ud83c\uddec\ud83c\udde7 EUCERIN - Protection solaire Sensitive Protect Spray solaire Sensitive Protect SPF 50+ 200ml<\/p>\n<p style=\"text-align:center\">\ud83c\uddeb\ud83c\uddf7 EUCERIN - Spray Solaire Sensitive Protect SPF 50+ 200ml<\/p>","protected":false},"excerpt":{"rendered":"<p>\u0645\u0646\u062a\u062c Sun Protection Sensitive Protect Sun Spray SPF 50+ 200ML \u0645\u0646 EUCERIN \u0647\u0648 \u0631\u0630\u0627\u0630 \u0634\u0645\u0633\u064a \u0637\u0628\u064a \u0623\u0644\u0645\u0627\u0646\u064a \u0645\u062e\u0635\u0635 \u0644\u0644\u0628\u0634\u0631\u0629 \u0627\u0644\u062d\u0633\u0627\u0633\u0629 \u0645\u0639 \u062d\u0645\u0627\u064a\u0629 \u0641\u0627\u0626\u0642\u0629 \u0628\u0639\u0627\u0645\u0644 \u0648\u0642\u0627\u064a\u0629 SPF 50+. \u062a\u0631\u0643\u064a\u0628\u062a\u0647 \u0627\u0644\u062e\u0641\u064a\u0641\u0629 \u062a\u0646\u062a\u0634\u0631 \u0628\u0633\u0647\u0648\u0644\u0629 \u0639\u0644\u0649 \u0627\u0644\u062c\u0633\u0645 \u0648\u0627\u0644\u0648\u062c\u0647 \u0648\u062a\u0645\u062a\u0635\u0647\u0627 \u0627\u0644\u0628\u0634\u0631\u0629 \u0633\u0631\u064a\u0639\u0627\u064b. \u0645\u0642\u0627\u0648\u0645 \u0644\u0644\u0645\u0627\u0621 \u0648\u0627\u0644\u0639\u0631\u0642 \u0648\u0644\u0627 \u064a\u062a\u0631\u0643 \u0623\u062b\u0631\u0627\u064b \u0644\u0632\u062c\u0627\u064b. \u062a\u0642\u0646\u064a\u0629 \u0623\u062f\u0641\u0627\u0646\u0633\u062a \u0633\u0628\u0643\u062a\u0631\u0648\u0645 \u062a\u062d\u0645\u064a \u0645\u0646 \u0627\u0644\u0623\u0634\u0639\u0629 \u0641\u0648\u0642 \u0627\u0644\u0628\u0646\u0641\u0633\u062c\u064a\u0629 \u0627\u0644\u0648\u0627\u0633\u0639\u0629 \u0627\u0644\u0637\u064a\u0641. \u0627\u0644\u0645\u0643\u0648\u0646\u0627\u062a [&hellip;]<\/p>\n","protected":false},"featured_media":39728,"template":"","meta":[],"pwb-brand":[439],"product_brand":[],"product_cat":[1145],"product_tag":[688,717],"class_list":{"0":"post-39733","1":"product","2":"type-product","3":"status-publish","4":"has-post-thumbnail","6":"pwb-brand-eucerin","7":"product_cat-body-sunscreen","8":"product_tag-sensitive","9":"product_tag-717","11":"first","12":"instock","13":"shipping-taxable","14":"purchasable","15":"product-type-variable","16":"has-default-attributes","17":"wvs-archive-product-wrapper"},"brands":[{"id":439,"name":"Eucerin","slug":"eucerin"}],"_links":{"self":[{"href":"https:\/\/gopinkish.com\/fr\/wp-json\/wp\/v2\/product\/39733","targetHints":{"allow":["GET"]}}],"collection":[{"href":"https:\/\/gopinkish.com\/fr\/wp-json\/wp\/v2\/product"}],"about":[{"href":"https:\/\/gopinkish.com\/fr\/wp-json\/wp\/v2\/types\/product"}],"wp:featuredmedia":[{"embeddable":true,"href":"https:\/\/gopinkish.com\/fr\/wp-json\/wp\/v2\/media\/39728"}],"wp:attachment":[{"href":"https:\/\/gopinkish.com\/fr\/wp-json\/wp\/v2\/media?parent=39733"}],"wp:term":[{"taxonomy":"pwb-brand","embeddable":true,"href":"https:\/\/gopinkish.com\/fr\/wp-json\/wp\/v2\/pwb-brand?post=39733"},{"taxonomy":"product_brand","embeddable":true,"href":"https:\/\/gopinkish.com\/fr\/wp-json\/wp\/v2\/product_brand?post=39733"},{"taxonomy":"product_cat","embeddable":true,"href":"https:\/\/gopinkish.com\/fr\/wp-json\/wp\/v2\/product_cat?post=39733"},{"taxonomy":"product_tag","embeddable":true,"href":"https:\/\/gopinkish.com\/fr\/wp-json\/wp\/v2\/product_tag?post=39733"}],"curies":[{"name":"wp","href":"https:\/\/api.w.org\/{rel}","templated":true}]}}