{"id":39725,"date":"2026-05-15T23:35:43","date_gmt":"2026-05-15T22:35:43","guid":{"rendered":"https:\/\/gopinkish.com\/?post_type=product&#038;p=39725"},"modified":"2026-05-15T23:36:02","modified_gmt":"2026-05-15T22:36:02","slug":"4550516493590","status":"publish","type":"product","link":"https:\/\/gopinkish.com\/fr\/produit\/4550516493590\/","title":{"rendered":"Une luxueuse huile r\u00e9paratrice pour r\u00e9parer les cheveux ab\u00eem\u00e9s"},"content":{"rendered":"<p style=\"text-align:justify\">FINO's Premium Touch Hair Oil 70ml est une huile capillaire japonaise luxueuse de Shiseido FINO qui r\u00e9pare les cheveux ab\u00eem\u00e9s de l'int\u00e9rieur, les rendant brillants et soyeux. Enrichie de six types d'huiles luxueuses et d'acides amin\u00e9s, elle p\u00e9n\u00e8tre dans la tige du cheveu pour r\u00e9parer les pointes fourchues. S'utilise sur cheveux secs ou humides sans rin\u00e7age. Prot\u00e8ge contre la chaleur et facilite le coiffage.<\/p>\n<p><strong>Principaux ingr\u00e9dients et caract\u00e9ristiques<\/strong><\/p>\n<ul>\n<li>6 huiles nourrissantes de luxe pour les cheveux<\/li>\n<li>Acides amin\u00e9s et k\u00e9ratine<\/li>\n<li>Formule japonaise avanc\u00e9e<\/li>\n<li>Texture l\u00e9g\u00e8re et non grasse<\/li>\n<li>Volume pratique de 70 ml<\/li>\n<\/ul>\n<p><strong>Principales caract\u00e9ristiques et avantages<\/strong><\/p>\n<ul>\n<li>R\u00e9parer les cheveux ab\u00eem\u00e9s de l'int\u00e9rieur<\/li>\n<li>Brillance soyeuse et peau d'apparence saine<\/li>\n<li>Protection contre les hautes temp\u00e9ratures<\/li>\n<li>Lissage et d\u00e9m\u00ealage en toute simplicit\u00e9<\/li>\n<li>Nourriture permanente en profondeur pour les cheveux<\/li>\n<\/ul>\n<p style=\"text-align:center\">\ud83c\uddec\ud83c\udde7 FINO - Huile capillaire Premium Touch 70ml<\/p>\n<p style=\"text-align:center\">\ud83c\uddeb\ud83c\uddf7 FINO - Huile Capillaire Premium Touch 70ml<\/p>","protected":false},"excerpt":{"rendered":"<p>\u0645\u0646\u062a\u062c Premium Touch Hair Oil 70ML \u0645\u0646 FINO \u0647\u0648 \u0632\u064a\u062a \u0634\u0639\u0631 \u064a\u0627\u0628\u0627\u0646\u064a \u0641\u0627\u062e\u0631 \u0645\u0646 \u0634\u064a\u0633\u064a\u062f\u0648 \u0641\u064a\u0646\u0648 \u064a\u0631\u0645\u0645 \u0627\u0644\u0634\u0639\u0631 \u0627\u0644\u062a\u0627\u0644\u0641 \u0645\u0646 \u0627\u0644\u062f\u0627\u062e\u0644 \u0648\u064a\u0645\u0646\u062d\u0647 \u0644\u0645\u0639\u0627\u0646\u0627\u064b \u0648\u062d\u0631\u064a\u0631\u064a\u0629. \u062a\u0631\u0643\u064a\u0628\u062a\u0647 \u0627\u0644\u063a\u0646\u064a\u0629 \u0628\u0633\u062a\u0629 \u0623\u0646\u0648\u0627\u0639 \u0645\u0646 \u0627\u0644\u0632\u064a\u0648\u062a \u0627\u0644\u0641\u0627\u062e\u0631\u0629 \u0648\u0623\u062d\u0645\u0627\u0636 \u0623\u0645\u064a\u0646\u064a\u0629 \u062a\u062e\u062a\u0631\u0642 \u062c\u0630\u0639 \u0627\u0644\u0634\u0639\u0631\u0629 \u0644\u0625\u0635\u0644\u0627\u062d \u0627\u0644\u062a\u0642\u0635\u0641. \u064a\u0633\u062a\u062e\u062f\u0645 \u0639\u0644\u0649 \u0627\u0644\u0634\u0639\u0631 \u0627\u0644\u062c\u0627\u0641 \u0623\u0648 \u0627\u0644\u0631\u0637\u0628 \u062f\u0648\u0646 \u0634\u0637\u0641. \u064a\u062d\u0645\u064a \u0645\u0646 \u0627\u0644\u062d\u0631\u0627\u0631\u0629 \u0648\u064a\u0633\u0647\u0644 \u062a\u0635\u0641\u064a\u0641 \u0627\u0644\u0634\u0639\u0631. \u0627\u0644\u0645\u0643\u0648\u0646\u0627\u062a \u0648\u0627\u0644\u062e\u0635\u0627\u0626\u0635 \u0627\u0644\u0631\u0626\u064a\u0633\u064a\u0629 [&hellip;]<\/p>\n","protected":false},"featured_media":39723,"template":"","meta":[],"pwb-brand":[1333],"product_brand":[],"product_cat":[1153],"product_tag":[677,1035,755,749,1404],"class_list":{"0":"post-39725","1":"product","2":"type-product","3":"status-publish","4":"has-post-thumbnail","6":"pwb-brand-fino","7":"product_cat-hair-oil","8":"product_tag-brokenhair","9":"product_tag-1035","10":"product_tag-755","11":"product_tag-749","12":"product_tag-1404","14":"first","15":"instock","16":"shipping-taxable","17":"purchasable","18":"product-type-variable","19":"has-default-attributes","20":"wvs-archive-product-wrapper"},"brands":[{"id":1333,"name":"Shiseido Fino","slug":"fino"}],"_links":{"self":[{"href":"https:\/\/gopinkish.com\/fr\/wp-json\/wp\/v2\/product\/39725","targetHints":{"allow":["GET"]}}],"collection":[{"href":"https:\/\/gopinkish.com\/fr\/wp-json\/wp\/v2\/product"}],"about":[{"href":"https:\/\/gopinkish.com\/fr\/wp-json\/wp\/v2\/types\/product"}],"wp:featuredmedia":[{"embeddable":true,"href":"https:\/\/gopinkish.com\/fr\/wp-json\/wp\/v2\/media\/39723"}],"wp:attachment":[{"href":"https:\/\/gopinkish.com\/fr\/wp-json\/wp\/v2\/media?parent=39725"}],"wp:term":[{"taxonomy":"pwb-brand","embeddable":true,"href":"https:\/\/gopinkish.com\/fr\/wp-json\/wp\/v2\/pwb-brand?post=39725"},{"taxonomy":"product_brand","embeddable":true,"href":"https:\/\/gopinkish.com\/fr\/wp-json\/wp\/v2\/product_brand?post=39725"},{"taxonomy":"product_cat","embeddable":true,"href":"https:\/\/gopinkish.com\/fr\/wp-json\/wp\/v2\/product_cat?post=39725"},{"taxonomy":"product_tag","embeddable":true,"href":"https:\/\/gopinkish.com\/fr\/wp-json\/wp\/v2\/product_tag?post=39725"}],"curies":[{"name":"wp","href":"https:\/\/api.w.org\/{rel}","templated":true}]}}