{"id":39697,"date":"2026-05-14T23:17:44","date_gmt":"2026-05-14T22:17:44","guid":{"rendered":"https:\/\/gopinkish.com\/?post_type=product&#038;p=39697"},"modified":"2026-05-15T10:08:42","modified_gmt":"2026-05-15T09:08:42","slug":"8059385011202","status":"publish","type":"product","link":"https:\/\/gopinkish.com\/fr\/produit\/8059385011202\/","title":{"rendered":"Poudre de r\u00e9glage translucide au fini invisible"},"content":{"rendered":"<p style=\"text-align: justify;\">Invisible Touch Face Fixing Powder 13,5 g de KIKO MILANO est une poudre de r\u00e9glage fine et translucide qui donne au visage un fini invisible et naturel. Sa formule douce se fond dans la peau sans ajouter de poids ou d'\u00e9paisseur. Elle fixe le fond de teint et l'anticerne et absorbe d\u00e9licatement l'exc\u00e8s de brillance. Elle convient \u00e0 toutes les carnations et peut \u00eatre utilis\u00e9e sous ou sur le maquillage.<\/p>\n<p><strong>Principaux ingr\u00e9dients et caract\u00e9ristiques<\/strong><\/p>\n<ul>\n<li>Poudre translucide \u00e0 fines particules<\/li>\n<li>Formule m\u00e9langeable<\/li>\n<li>13.5g<\/li>\n<li>Ingr\u00e9dients absorbant l'huile de la peau<\/li>\n<li>Tr\u00e8s l\u00e9ger sur le visage<\/li>\n<\/ul>\n<p><strong>Principales caract\u00e9ristiques et avantages<\/strong><\/p>\n<ul>\n<li>Fixation durable du maquillage<\/li>\n<li>Effet invisible sur la peau<\/li>\n<li>Contr\u00f4le de la brillance<\/li>\n<li>Le look naturel et frais de Matt<\/li>\n<li>Convient \u00e0 tous les tons de peau<\/li>\n<\/ul>\n<p style=\"text-align: center;\">\ud83c\uddec\ud83c\udde7 KIKO MILANO - Poudre Fixante Visage Invisible Touch<\/p>\n<p style=\"text-align: center;\">\ud83c\uddeb\ud83c\uddf7 KIKO MILANO - Poudre Fixante Invisible Touch<\/p>","protected":false},"excerpt":{"rendered":"<p>\u0645\u0646\u062a\u062c Invisible Touch Face Fixing Powder 13.5G \u0645\u0646 KIKO MILANO \u0647\u0648 \u0628\u0648\u062f\u0631\u0629 \u062a\u062b\u0628\u064a\u062a \u0634\u0641\u0627\u0641\u0629 \u062f\u0642\u064a\u0642\u0629 \u062a\u0645\u0646\u062d \u0627\u0644\u0648\u062c\u0647 \u0644\u0645\u0633\u0629 \u0646\u0647\u0627\u0626\u064a\u0629 \u063a\u064a\u0631 \u0645\u0631\u0626\u064a\u0629 \u0648\u0637\u0628\u064a\u0639\u064a\u0629. \u062a\u0631\u0643\u064a\u0628\u062a\u0647\u0627 \u0627\u0644\u0646\u0627\u0639\u0645\u0629 \u062a\u062a\u0644\u0627\u0634\u0649 \u0645\u0639 \u0627\u0644\u0628\u0634\u0631\u0629 \u062f\u0648\u0646 \u0623\u0646 \u062a\u0636\u064a\u0641 \u0648\u0632\u0646\u0627\u064b \u0623\u0648 \u0633\u0645\u0627\u0643\u0629. \u062a\u062b\u0628\u0651\u062a \u0643\u0631\u064a\u0645 \u0627\u0644\u0623\u0633\u0627\u0633 \u0648\u0627\u0644\u0643\u0648\u0646\u0633\u064a\u0644\u0631 \u0648\u062a\u0645\u062a\u0635 \u0627\u0644\u0644\u0645\u0639\u0627\u0646 \u0627\u0644\u0632\u0627\u0626\u062f \u0628\u0644\u0637\u0641. \u0645\u0646\u0627\u0633\u0628\u0629 \u0644\u062c\u0645\u064a\u0639 \u062f\u0631\u062c\u0627\u062a \u0627\u0644\u0628\u0634\u0631\u0629 \u0648\u0644\u0644\u0627\u0633\u062a\u062e\u062f\u0627\u0645 \u062a\u062d\u062a \u0627\u0644\u0645\u0643\u064a\u0627\u062c \u0623\u0648 \u0641\u0648\u0642\u0647. \u0627\u0644\u0645\u0643\u0648\u0646\u0627\u062a \u0648\u0627\u0644\u062e\u0635\u0627\u0626\u0635 \u0627\u0644\u0631\u0626\u064a\u0633\u064a\u0629 \u0628\u0648\u062f\u0631\u0629 \u0634\u0641\u0627\u0641\u0629 [&hellip;]<\/p>\n","protected":false},"featured_media":39696,"template":"","meta":[],"pwb-brand":[220],"product_brand":[],"product_cat":[1172],"product_tag":[689],"class_list":{"0":"post-39697","1":"product","2":"type-product","3":"status-publish","4":"has-post-thumbnail","6":"pwb-brand-kiko","7":"product_cat-powder-makeup","8":"product_tag-oily","10":"first","11":"instock","12":"shipping-taxable","13":"purchasable","14":"product-type-variable","15":"has-default-attributes","16":"wvs-archive-product-wrapper"},"brands":[{"id":220,"name":"Kiko Milano","slug":"kiko"}],"_links":{"self":[{"href":"https:\/\/gopinkish.com\/fr\/wp-json\/wp\/v2\/product\/39697","targetHints":{"allow":["GET"]}}],"collection":[{"href":"https:\/\/gopinkish.com\/fr\/wp-json\/wp\/v2\/product"}],"about":[{"href":"https:\/\/gopinkish.com\/fr\/wp-json\/wp\/v2\/types\/product"}],"wp:featuredmedia":[{"embeddable":true,"href":"https:\/\/gopinkish.com\/fr\/wp-json\/wp\/v2\/media\/39696"}],"wp:attachment":[{"href":"https:\/\/gopinkish.com\/fr\/wp-json\/wp\/v2\/media?parent=39697"}],"wp:term":[{"taxonomy":"pwb-brand","embeddable":true,"href":"https:\/\/gopinkish.com\/fr\/wp-json\/wp\/v2\/pwb-brand?post=39697"},{"taxonomy":"product_brand","embeddable":true,"href":"https:\/\/gopinkish.com\/fr\/wp-json\/wp\/v2\/product_brand?post=39697"},{"taxonomy":"product_cat","embeddable":true,"href":"https:\/\/gopinkish.com\/fr\/wp-json\/wp\/v2\/product_cat?post=39697"},{"taxonomy":"product_tag","embeddable":true,"href":"https:\/\/gopinkish.com\/fr\/wp-json\/wp\/v2\/product_tag?post=39697"}],"curies":[{"name":"wp","href":"https:\/\/api.w.org\/{rel}","templated":true}]}}