{"id":39683,"date":"2026-05-14T23:34:21","date_gmt":"2026-05-14T22:34:21","guid":{"rendered":"https:\/\/gopinkish.com\/?post_type=product&#038;p=39683"},"modified":"2026-05-15T23:40:13","modified_gmt":"2026-05-15T22:40:13","slug":"3661434009778","status":"publish","type":"product","link":"https:\/\/gopinkish.com\/fr\/produit\/3661434009778\/","title":{"rendered":"Cr\u00e8me de jour anti-taches \u00e0 haute protection solaire"},"content":{"rendered":"<p style=\"text-align: justify;\">URIAGE Depiderm Anti-Taches Soin de Jour SPF 50+ 30ml est une cr\u00e8me de jour sp\u00e9cialis\u00e9e qui cible les taches brunes et l'hyperpigmentation tout en offrant une protection solaire \u00e9lev\u00e9e SPF 50+. Sa formule associe des ingr\u00e9dients \u00e9claircissants \u00e0 des technologies de protection UV \u00e0 large spectre. Elle pr\u00e9vient l'apparition de nouvelles taches et \u00e9claircit progressivement les taches existantes. Convient \u00e0 tous les types de peau, y compris les peaux sensibles.<\/p>\n<p><strong>Principaux ingr\u00e9dients et caract\u00e9ristiques<\/strong><\/p>\n<ul>\n<li>SPF 50<\/li>\n<li>Formule anti-hyperpigmentation<\/li>\n<li>Eau thermale apaisante Aurea<\/li>\n<li>Protection \u00e9tendue contre les UVA et les UVB<\/li>\n<li>Formule l\u00e9g\u00e8re et absorbable<\/li>\n<\/ul>\n<p><strong>Principales caract\u00e9ristiques et avantages<\/strong><\/p>\n<ul>\n<li>\u00c9claircir les taches sombres existantes<\/li>\n<li>Pr\u00e9venir l'apparition de nouvelles taches<\/li>\n<li>Protection solaire \u00e9lev\u00e9e tout au long de la journ\u00e9e<\/li>\n<li>Uniformise progressivement le teint de la peau<\/li>\n<li>Hydrate et apaise les peaux sensibles<\/li>\n<\/ul>\n<p style=\"text-align: center;\">\ud83c\uddec\ud83c\udde7 URIAGE - D\u00e9piderm Anti-Taches Soin de Jour SPF 50+ 30ml<\/p>\n<p style=\"text-align: center;\">\ud83c\uddeb\ud83c\uddf7 URIAGE - D\u00e9piderm Soin Jour Anti-Taches SPF 50+ 30ml<\/p>","protected":false},"excerpt":{"rendered":"<p>\u0645\u0646\u062a\u062c Depiderm Anti-Dark Spot Daytime Care SPF 50+ 30ML \u0645\u0646 URIAGE \u0647\u0648 \u0643\u0631\u064a\u0645 \u0646\u0647\u0627\u0631\u064a \u0645\u062a\u062e\u0635\u0635 \u064a\u0633\u062a\u0647\u062f\u0641 \u0627\u0644\u0628\u0642\u0639 \u0627\u0644\u062f\u0627\u0643\u0646\u0629 \u0648\u0641\u0631\u0637 \u0627\u0644\u062a\u0635\u0628\u063a \u0645\u0639 \u062a\u0648\u0641\u064a\u0631 \u062d\u0645\u0627\u064a\u0629 \u0634\u0645\u0633\u064a\u0629 \u0639\u0627\u0644\u064a\u0629 \u0628\u0639\u0627\u0645\u0644 \u0648\u0642\u0627\u064a\u0629 50+. \u062a\u0631\u0643\u064a\u0628\u062a\u0647 \u062a\u062c\u0645\u0639 \u0628\u064a\u0646 \u0627\u0644\u0645\u0643\u0648\u0646\u0627\u062a \u0627\u0644\u0645\u0641\u062a\u062d\u0629 \u0648\u062a\u0642\u0646\u064a\u0627\u062a \u0627\u0644\u062d\u0645\u0627\u064a\u0629 \u0627\u0644\u0648\u0627\u0633\u0639\u0629 \u0645\u0646 \u0627\u0644\u0623\u0634\u0639\u0629 \u0641\u0648\u0642 \u0627\u0644\u0628\u0646\u0641\u0633\u062c\u064a\u0629. \u064a\u0645\u0646\u0639 \u0638\u0647\u0648\u0631 \u0627\u0644\u0628\u0642\u0639 \u0627\u0644\u062c\u062f\u064a\u062f\u0629 \u0648\u064a\u0641\u062a\u062d \u0627\u0644\u0628\u0642\u0639 \u0627\u0644\u0645\u0648\u062c\u0648\u062f\u0629 \u062a\u062f\u0631\u064a\u062c\u064a\u0627\u064b. \u0645\u0646\u0627\u0633\u0628 \u0644\u062c\u0645\u064a\u0639 \u0623\u0646\u0648\u0627\u0639 \u0627\u0644\u0628\u0634\u0631\u0629 \u0628\u0645\u0627 \u0641\u064a\u0647\u0627 \u0627\u0644\u062d\u0633\u0627\u0633\u0629. [&hellip;]<\/p>\n","protected":false},"featured_media":39682,"template":"","meta":[],"pwb-brand":[256],"product_brand":[],"product_cat":[1123,1144],"product_tag":[688,675,685,671,704,717],"class_list":{"0":"post-39683","1":"product","2":"type-product","3":"status-publish","4":"has-post-thumbnail","6":"pwb-brand-uriage","7":"product_cat-face-bright","8":"product_cat-face-sunscreen","9":"product_tag-sensitive","10":"product_tag-spots","11":"product_tag-brightening","12":"product_tag-pigmentation","13":"product_tag-daycream","14":"product_tag-717","16":"first","17":"instock","18":"shipping-taxable","19":"purchasable","20":"product-type-variable","21":"has-default-attributes","22":"wvs-archive-product-wrapper"},"brands":[{"id":256,"name":"Uriage","slug":"uriage"}],"_links":{"self":[{"href":"https:\/\/gopinkish.com\/fr\/wp-json\/wp\/v2\/product\/39683","targetHints":{"allow":["GET"]}}],"collection":[{"href":"https:\/\/gopinkish.com\/fr\/wp-json\/wp\/v2\/product"}],"about":[{"href":"https:\/\/gopinkish.com\/fr\/wp-json\/wp\/v2\/types\/product"}],"wp:featuredmedia":[{"embeddable":true,"href":"https:\/\/gopinkish.com\/fr\/wp-json\/wp\/v2\/media\/39682"}],"wp:attachment":[{"href":"https:\/\/gopinkish.com\/fr\/wp-json\/wp\/v2\/media?parent=39683"}],"wp:term":[{"taxonomy":"pwb-brand","embeddable":true,"href":"https:\/\/gopinkish.com\/fr\/wp-json\/wp\/v2\/pwb-brand?post=39683"},{"taxonomy":"product_brand","embeddable":true,"href":"https:\/\/gopinkish.com\/fr\/wp-json\/wp\/v2\/product_brand?post=39683"},{"taxonomy":"product_cat","embeddable":true,"href":"https:\/\/gopinkish.com\/fr\/wp-json\/wp\/v2\/product_cat?post=39683"},{"taxonomy":"product_tag","embeddable":true,"href":"https:\/\/gopinkish.com\/fr\/wp-json\/wp\/v2\/product_tag?post=39683"}],"curies":[{"name":"wp","href":"https:\/\/api.w.org\/{rel}","templated":true}]}}