{"id":39674,"date":"2026-05-14T22:24:04","date_gmt":"2026-05-14T21:24:04","guid":{"rendered":"https:\/\/gopinkish.com\/?post_type=product&#038;p=39674"},"modified":"2026-05-14T22:27:18","modified_gmt":"2026-05-14T21:27:18","slug":"8059385040301","status":"publish","type":"product","link":"https:\/\/gopinkish.com\/fr\/produit\/8059385040301\/","title":{"rendered":"Double poudre de r\u00e9glage \u00e0 l'\u00e9clat festif"},"content":{"rendered":"<p style=\"text-align: justify;\">Snow-Kissed Holiday My Setting Duo Face Powder de KIKO MILANO est une poudre pour le visage \u00e0 deux tons qui fixe le maquillage et unifie le teint avec un fini doux et mat. Sa formule soyeuse offre un fini mat \u00e9l\u00e9gant et une couverture uniforme. Une collection sp\u00e9ciale en \u00e9dition limit\u00e9e pour les f\u00eates de fin d'ann\u00e9e. Parfaite pour un usage quotidien et les occasions sp\u00e9ciales.<\/p>\n<p><strong>Principaux ingr\u00e9dients et caract\u00e9ristiques<\/strong><\/p>\n<ul>\n<li>Poudre compacte double ton<\/li>\n<li>Formule soyeuse<\/li>\n<li>Collection de vacances en \u00e9dition limit\u00e9e<\/li>\n<li>Poids total 9,5 g<\/li>\n<li>Sans brillance excessive<\/li>\n<\/ul>\n<p><strong>Principales caract\u00e9ristiques et avantages<\/strong><\/p>\n<ul>\n<li>Fixation durable du maquillage<\/li>\n<li>Effet mat \u00e9l\u00e9gant et harmonieux<\/li>\n<li>Uniformise efficacement le teint de la peau<\/li>\n<li>Contr\u00f4le de la brillance<\/li>\n<li>Sensation de douceur et de l\u00e9g\u00e8ret\u00e9 sur la peau<\/li>\n<\/ul>\n<p style=\"text-align: center;\">\ud83c\uddec\ud83c\udde7 KIKO MILANO - Snow-Kissed Holiday My Setting Duo Poudre pour le visage<\/p>\n<p style=\"text-align: center;\">\ud83c\uddeb\ud83c\uddf7 KIKO MILANO - Poudre Visage Fixante Duo Snow-Kissed Holiday<\/p>","protected":false},"excerpt":{"rendered":"<p>\u0645\u0646\u062a\u062c Snow-Kissed Holiday My Setting Duo Face Powder \u0645\u0646 KIKO MILANO \u0647\u0648 \u0628\u0648\u062f\u0631\u0629 \u0648\u062c\u0647 \u0645\u0632\u062f\u0648\u062c\u0629 \u0627\u0644\u062f\u0631\u062c\u0627\u062a \u0644\u062a\u062b\u0628\u064a\u062a \u0627\u0644\u0645\u0643\u064a\u0627\u062c \u0648\u062a\u0648\u062d\u064a\u062f \u0644\u0648\u0646 \u0627\u0644\u0628\u0634\u0631\u0629 \u0628\u0644\u0645\u0633\u0629 \u0646\u0627\u0639\u0645\u0629 \u0648\u063a\u064a\u0631 \u0644\u0627\u0645\u0639\u0629. \u062a\u0631\u0643\u064a\u0628\u062a\u0647\u0627 \u0627\u0644\u062d\u0631\u064a\u0631\u064a\u0629 \u062a\u0645\u0646\u062d \u0625\u0637\u0644\u0627\u0644\u0629 \u0645\u0627\u062a \u0623\u0646\u064a\u0642\u0629 \u0648\u062a\u063a\u0637\u064a\u0629 \u0645\u062a\u062c\u0627\u0646\u0633\u0629. \u062a\u0623\u062a\u064a \u0636\u0645\u0646 \u0645\u062c\u0645\u0648\u0639\u0629 \u0627\u0644\u0639\u0637\u0644\u0627\u062a \u0628\u0625\u0635\u062f\u0627\u0631 \u0645\u062d\u062f\u0648\u062f \u0645\u0645\u064a\u0632. \u0645\u062b\u0627\u0644\u064a\u0629 \u0644\u0644\u0627\u0633\u062a\u062e\u062f\u0627\u0645 \u0627\u0644\u064a\u0648\u0645\u064a \u0648\u0644\u0644\u0645\u0646\u0627\u0633\u0628\u0627\u062a \u0627\u0644\u062e\u0627\u0635\u0629. \u0627\u0644\u0645\u0643\u0648\u0646\u0627\u062a \u0648\u0627\u0644\u062e\u0635\u0627\u0626\u0635 \u0627\u0644\u0631\u0626\u064a\u0633\u064a\u0629 \u0628\u0648\u062f\u0631\u0629 \u0645\u0636\u063a\u0648\u0637\u0629 \u0645\u0632\u062f\u0648\u062c\u0629 \u0627\u0644\u062f\u0631\u062c\u0627\u062a \u062a\u0631\u0643\u064a\u0628\u0629 \u062d\u0631\u064a\u0631\u064a\u0629 \u0646\u0627\u0639\u0645\u0629 [&hellip;]<\/p>\n","protected":false},"featured_media":39670,"template":"","meta":[],"pwb-brand":[220],"product_brand":[],"product_cat":[1172],"product_tag":[689,704],"class_list":{"0":"post-39674","1":"product","2":"type-product","3":"status-publish","4":"has-post-thumbnail","6":"pwb-brand-kiko","7":"product_cat-powder-makeup","8":"product_tag-oily","9":"product_tag-daycream","11":"first","12":"instock","13":"shipping-taxable","14":"purchasable","15":"product-type-variable","16":"has-default-attributes","17":"wvs-archive-product-wrapper"},"brands":[{"id":220,"name":"Kiko Milano","slug":"kiko"}],"_links":{"self":[{"href":"https:\/\/gopinkish.com\/fr\/wp-json\/wp\/v2\/product\/39674","targetHints":{"allow":["GET"]}}],"collection":[{"href":"https:\/\/gopinkish.com\/fr\/wp-json\/wp\/v2\/product"}],"about":[{"href":"https:\/\/gopinkish.com\/fr\/wp-json\/wp\/v2\/types\/product"}],"wp:featuredmedia":[{"embeddable":true,"href":"https:\/\/gopinkish.com\/fr\/wp-json\/wp\/v2\/media\/39670"}],"wp:attachment":[{"href":"https:\/\/gopinkish.com\/fr\/wp-json\/wp\/v2\/media?parent=39674"}],"wp:term":[{"taxonomy":"pwb-brand","embeddable":true,"href":"https:\/\/gopinkish.com\/fr\/wp-json\/wp\/v2\/pwb-brand?post=39674"},{"taxonomy":"product_brand","embeddable":true,"href":"https:\/\/gopinkish.com\/fr\/wp-json\/wp\/v2\/product_brand?post=39674"},{"taxonomy":"product_cat","embeddable":true,"href":"https:\/\/gopinkish.com\/fr\/wp-json\/wp\/v2\/product_cat?post=39674"},{"taxonomy":"product_tag","embeddable":true,"href":"https:\/\/gopinkish.com\/fr\/wp-json\/wp\/v2\/product_tag?post=39674"}],"curies":[{"name":"wp","href":"https:\/\/api.w.org\/{rel}","templated":true}]}}