{"id":39143,"date":"2026-04-26T02:31:41","date_gmt":"2026-04-26T01:31:41","guid":{"rendered":"https:\/\/gopinkish.com\/?post_type=product&#038;p=39143"},"modified":"2026-04-26T02:31:41","modified_gmt":"2026-04-26T01:31:41","slug":"3660005591377","status":"publish","type":"product","link":"https:\/\/gopinkish.com\/fr\/produit\/3660005591377\/","title":{"rendered":"\u0633\u064a\u0631\u0648\u0645 \u0625\u064a\u0641 \u0631\u0648\u0634\u064a\u0647 \u0647\u064a\u062f\u0631\u0627 \u0641\u064a\u062c\u064a\u062a\u0627\u0644 100 \u0633\u0627\u0639\u0629"},"content":{"rendered":"<p style=\"text-align:justify\">\u0645\u0646\u062a\u062c YVES ROCHER HYDRA VEGETAL 100H NON-STOP MOISTURIZING SERUM 30ML \u0645\u0646 \u0625\u064a\u0641 \u0631\u0648\u0634\u064a\u0647 \u0647\u0648 \u0633\u064a\u0631\u0648\u0645 \u0645\u0631\u0637\u0651\u0628 \u0641\u0627\u0626\u0642 \u0627\u0644\u062a\u0631\u0643\u064a\u0632 \u064a\u064f\u0648\u0641\u0651\u0631 \u062a\u0631\u0637\u064a\u0628\u0627\u064b \u064a\u062f\u0648\u0645 100 \u0633\u0627\u0639\u0629 \u0645\u062a\u0648\u0627\u0635\u0644\u0629. \u062a\u0631\u0643\u064a\u0628\u062a\u0647 \u0627\u0644\u0646\u0628\u0627\u062a\u064a\u0629 \u0628\u0627\u0644\u0633\u0643\u0651\u0631\u064a\u0627\u062a \u0627\u0644\u0645\u0627\u0626\u064a\u0629 \u0648\u0627\u0644\u0639\u0646\u0627\u0635\u0631 \u0627\u0644\u062a\u0631\u0637\u064a\u0628\u064a\u0629 \u062a\u062e\u062a\u0631\u0642 \u0627\u0644\u0628\u0634\u0631\u0629 \u0628\u0639\u0645\u0642 \u0644\u062a\u0631\u0637\u064a\u0628 \u0645\u0643\u062b\u0651\u0641 \u0648\u0645\u0633\u062a\u0645\u0631. \u0645\u0644\u0645\u0633 \u0633\u064a\u0631\u0648\u0645 \u062e\u0641\u064a\u0641 \u064a\u064f\u0645\u062a\u0635 \u0628\u0633\u0631\u0639\u0629. \u064a\u0645\u0643\u0646 \u0627\u0633\u062a\u0639\u0645\u0627\u0644\u0647 \u0645\u0639 \u0627\u0644\u0643\u0631\u064a\u0645 \u0627\u0644\u0646\u0647\u0627\u0631\u064a \u0623\u0648 \u0627\u0644\u0644\u064a\u0644\u064a. \u0645\u0646\u0627\u0633\u0628 \u0644\u062c\u0645\u064a\u0639 \u0623\u0646\u0648\u0627\u0639 \u0627\u0644\u0628\u0634\u0631\u0629. \u062a\u0631\u0643\u064a\u0628\u0629 \u0646\u0628\u0627\u062a\u064a\u0629 \u0635\u0646\u0639\u062a \u0641\u064a \u0641\u0631\u0646\u0633\u0627.<\/p>\n<p><strong>Principaux ingr\u00e9dients et caract\u00e9ristiques<\/strong><\/p>\n<ul>\n<li>\u0633\u0643\u0651\u0631\u064a\u0627\u062a \u0645\u0627\u0626\u064a\u0629 \u0646\u0628\u0627\u062a\u064a\u0629 \u0645\u0631\u0643\u0651\u0632\u0629<\/li>\n<li>\u0639\u0646\u0627\u0635\u0631 \u062a\u0631\u0637\u064a\u0628\u064a\u0629 \u0639\u0645\u064a\u0642\u0629<\/li>\n<li>\u0645\u0644\u0645\u0633 \u0633\u064a\u0631\u0648\u0645 \u062e\u0641\u064a\u0641<\/li>\n<li>\u062a\u0631\u0637\u064a\u0628 100 \u0633\u0627\u0639\u0629<\/li>\n<li>\u062a\u0631\u0643\u064a\u0628\u0629 \u0646\u0628\u0627\u062a\u064a\u0629 \u0641\u0631\u0646\u0633\u064a\u0629<\/li>\n<\/ul>\n<p><strong>Principales caract\u00e9ristiques et avantages<\/strong><\/p>\n<ul>\n<li>\u064a\u0631\u0637\u0651\u0628 \u0627\u0644\u0628\u0634\u0631\u0629 \u0644\u0645\u062f\u0629 100 \u0633\u0627\u0639\u0629<\/li>\n<li>\u064a\u064f\u0636\u0641\u064a \u0628\u0634\u0631\u0629 \u0645\u0645\u062a\u0644\u0626\u0629 \u0648\u0645\u0634\u0631\u0642\u0629<\/li>\n<li>\u0645\u0644\u0645\u0633 \u062e\u0641\u064a\u0641 \u0633\u0631\u064a\u0639 \u0627\u0644\u0627\u0645\u062a\u0635\u0627\u0635<\/li>\n<li>\u064a\u0639\u0632\u0651\u0632 \u0627\u0644\u0643\u0631\u064a\u0645 \u0627\u0644\u0646\u0647\u0627\u0631\u064a \u0623\u0648 \u0627\u0644\u0644\u064a\u0644\u064a<\/li>\n<li>Convient \u00e0 tous les types de peau<\/li>\n<li>\u062a\u0631\u0643\u064a\u0628\u0629 \u0646\u0628\u0627\u062a\u064a\u0629 \u0623\u0635\u064a\u0644\u0629<\/li>\n<\/ul>\n<p style=\"text-align:center\">\ud83c\uddec\ud83c\udde7 YVES ROCHER Product \u2013 YVES ROCHER HYDRA VEGETAL 100H NON-STOP MOISTURIZING SERUM 30ML<\/p>\n<p style=\"text-align:center\">\ud83c\uddeb\ud83c\uddf7 YVES ROCHER Produit \u2013 YVES ROCHER HYDRA V\u00c9G\u00c9TAL 100H S\u00c9RUM HYDRATATION NON-STOP 30ML<\/p>","protected":false},"excerpt":{"rendered":"<p>\u0645\u0646\u062a\u062c YVES ROCHER HYDRA VEGETAL 100H NON-STOP MOISTURIZING SERUM 30ML \u0645\u0646 \u0625\u064a\u0641 \u0631\u0648\u0634\u064a\u0647 \u0647\u0648 \u0633\u064a\u0631\u0648\u0645 \u0645\u0631\u0637\u0651\u0628 \u0641\u0627\u0626\u0642 \u0627\u0644\u062a\u0631\u0643\u064a\u0632 \u064a\u064f\u0648\u0641\u0651\u0631 \u062a\u0631\u0637\u064a\u0628\u0627\u064b \u064a\u062f\u0648\u0645 100 \u0633\u0627\u0639\u0629 \u0645\u062a\u0648\u0627\u0635\u0644\u0629. \u062a\u0631\u0643\u064a\u0628\u062a\u0647 \u0627\u0644\u0646\u0628\u0627\u062a\u064a\u0629 \u0628\u0627\u0644\u0633\u0643\u0651\u0631\u064a\u0627\u062a \u0627\u0644\u0645\u0627\u0626\u064a\u0629 \u0648\u0627\u0644\u0639\u0646\u0627\u0635\u0631 \u0627\u0644\u062a\u0631\u0637\u064a\u0628\u064a\u0629 \u062a\u062e\u062a\u0631\u0642 \u0627\u0644\u0628\u0634\u0631\u0629 \u0628\u0639\u0645\u0642 \u0644\u062a\u0631\u0637\u064a\u0628 \u0645\u0643\u062b\u0651\u0641 \u0648\u0645\u0633\u062a\u0645\u0631. \u0645\u0644\u0645\u0633 \u0633\u064a\u0631\u0648\u0645 \u062e\u0641\u064a\u0641 \u064a\u064f\u0645\u062a\u0635 \u0628\u0633\u0631\u0639\u0629. \u064a\u0645\u0643\u0646 \u0627\u0633\u062a\u0639\u0645\u0627\u0644\u0647 \u0645\u0639 \u0627\u0644\u0643\u0631\u064a\u0645 \u0627\u0644\u0646\u0647\u0627\u0631\u064a \u0623\u0648 \u0627\u0644\u0644\u064a\u0644\u064a. \u0645\u0646\u0627\u0633\u0628 \u0644\u062c\u0645\u064a\u0639 \u0623\u0646\u0648\u0627\u0639 \u0627\u0644\u0628\u0634\u0631\u0629. \u062a\u0631\u0643\u064a\u0628\u0629 \u0646\u0628\u0627\u062a\u064a\u0629 \u0635\u0646\u0639\u062a [&hellip;]<\/p>\n","protected":false},"featured_media":39122,"template":"","meta":[],"pwb-brand":[],"product_brand":[],"product_cat":[1230],"product_tag":[696,694,697,680],"class_list":{"0":"post-39143","1":"product","2":"type-product","3":"status-publish","4":"has-post-thumbnail","6":"product_cat-face-serum","7":"product_tag-dryskin","8":"product_tag-normalskin","9":"product_tag-moisturizing","10":"product_tag-dryness","12":"first","13":"instock","14":"shipping-taxable","15":"purchasable","16":"product-type-variable","17":"has-default-attributes","18":"wvs-archive-product-wrapper"},"brands":[],"_links":{"self":[{"href":"https:\/\/gopinkish.com\/fr\/wp-json\/wp\/v2\/product\/39143","targetHints":{"allow":["GET"]}}],"collection":[{"href":"https:\/\/gopinkish.com\/fr\/wp-json\/wp\/v2\/product"}],"about":[{"href":"https:\/\/gopinkish.com\/fr\/wp-json\/wp\/v2\/types\/product"}],"wp:featuredmedia":[{"embeddable":true,"href":"https:\/\/gopinkish.com\/fr\/wp-json\/wp\/v2\/media\/39122"}],"wp:attachment":[{"href":"https:\/\/gopinkish.com\/fr\/wp-json\/wp\/v2\/media?parent=39143"}],"wp:term":[{"taxonomy":"pwb-brand","embeddable":true,"href":"https:\/\/gopinkish.com\/fr\/wp-json\/wp\/v2\/pwb-brand?post=39143"},{"taxonomy":"product_brand","embeddable":true,"href":"https:\/\/gopinkish.com\/fr\/wp-json\/wp\/v2\/product_brand?post=39143"},{"taxonomy":"product_cat","embeddable":true,"href":"https:\/\/gopinkish.com\/fr\/wp-json\/wp\/v2\/product_cat?post=39143"},{"taxonomy":"product_tag","embeddable":true,"href":"https:\/\/gopinkish.com\/fr\/wp-json\/wp\/v2\/product_tag?post=39143"}],"curies":[{"name":"wp","href":"https:\/\/api.w.org\/{rel}","templated":true}]}}