{"id":39133,"date":"2026-04-26T02:31:44","date_gmt":"2026-04-26T01:31:44","guid":{"rendered":"https:\/\/gopinkish.com\/?post_type=product&#038;p=39133"},"modified":"2026-04-26T02:33:25","modified_gmt":"2026-04-26T01:33:25","slug":"8059385039992","status":"publish","type":"product","link":"https:\/\/gopinkish.com\/fr\/produit\/8059385039992\/","title":{"rendered":"\u0635\u0628\u063a\u0629 \u0634\u0641\u0627\u0647 \u0643\u064a\u0643\u0648 \u0645\u064a\u0644\u0627\u0646\u0648 \u0644\u0644\u0623\u0639\u064a\u0627\u062f"},"content":{"rendered":"<div  class=\"section-element\"><div class=\"row\"><div class=\"large-12 nasa-col columns\"><div class=\"wpb_text_column wpb_content_element\" ><p style=\"text-align: justify;\">\u0645\u0646\u062a\u062c KIKO MILANO SNOW-KISSED HOLIDAY ALL THAT MATTERS LIP TINT \u0645\u0646 \u0643\u064a\u0643\u0648 \u0645\u064a\u0644\u0627\u0646\u0648 \u0647\u0648 \u0635\u0628\u063a\u0629 \u0634\u0641\u0627\u0647 \u0641\u0627\u062e\u0631\u0629 \u0645\u0646 \u0645\u062c\u0645\u0648\u0639\u0629 \u0627\u0644\u0623\u0639\u064a\u0627\u062f \u0627\u0644\u0645\u062d\u062f\u0648\u062f\u0629. \u062a\u0631\u0643\u064a\u0628\u0629 \u0645\u0627\u0626\u064a\u0629 \u062e\u0641\u064a\u0641\u0629 \u062a\u0645\u0646\u062d \u0627\u0644\u0634\u0641\u0627\u0647 \u0644\u0648\u0646\u0627\u064b \u0643\u062b\u064a\u0641\u0627\u064b \u0648\u0637\u0628\u064a\u0639\u064a\u0627\u064b \u0643\u0645\u0646 \u062a\u0630\u0648\u0651\u0642\u062a \u0644\u0644\u062a\u0648 \u0627\u0644\u0641\u0648\u0627\u0643\u0647. \u062a\u062f\u0648\u0645 \u0644\u0633\u0627\u0639\u0627\u062a \u062f\u0648\u0646 \u0623\u0646 \u062a\u062c\u0641\u0651\u0641. \u0627\u0644\u0644\u0648\u0646 02 Mulled Mauve \u0647\u0648 \u0644\u0648\u0646 \u0648\u0631\u062f\u064a \u0623\u0631\u062c\u0648\u0627\u0646\u064a \u0645\u0633\u062a\u0648\u062d\u0649 \u0645\u0646 \u0627\u0644\u0646\u0628\u064a\u0630 \u0627\u0644\u0633\u0627\u062e\u0646. \u062a\u063a\u0644\u064a\u0641 \u0641\u0627\u062e\u0631 \u0645\u0639 \u0644\u0645\u0633\u0627\u062a \u0634\u062a\u0648\u064a\u0629 \u0633\u0627\u062d\u0631\u0629.<\/p>\n<p><strong>Principaux ingr\u00e9dients et caract\u00e9ristiques<\/strong><\/p>\n<ul>\n<li>Formule l\u00e9g\u00e8re \u00e0 base d'eau<\/li>\n<li>\u0644\u0648\u0646 \u0645\u0643\u062b\u0651\u0641 \u0637\u0628\u064a\u0639\u064a<\/li>\n<li>\u0645\u062c\u0645\u0648\u0639\u0629 \u0623\u0639\u064a\u0627\u062f \u0645\u062d\u062f\u0648\u062f\u0629<\/li>\n<li>\u062a\u0635\u0645\u064a\u0645 \u0625\u064a\u0637\u0627\u0644\u064a \u0641\u0627\u062e\u0631<\/li>\n<li>\u0644\u0627 \u062a\u062c\u0641\u0651\u0641 \u0627\u0644\u0634\u0641\u0627\u0647<\/li>\n<\/ul>\n<p><strong>Principales caract\u00e9ristiques et avantages<\/strong><\/p>\n<ul>\n<li>\u0644\u0648\u0646 \u0634\u0641\u0627\u0647 \u0637\u0628\u064a\u0639\u064a \u0643\u062b\u064a\u0641<\/li>\n<li>\u064a\u062f\u0648\u0645 \u0644\u0633\u0627\u0639\u0627\u062a \u0637\u0648\u064a\u0644\u0629<\/li>\n<li>\u0644\u0627 \u064a\u062c\u0641\u0651\u0641 \u0627\u0644\u0634\u0641\u0627\u0647<\/li>\n<li>\u0645\u0644\u0645\u0633 \u062e\u0641\u064a\u0641 \u0645\u0631\u064a\u062d<\/li>\n<li>\u062a\u063a\u0644\u064a\u0641 \u0634\u062a\u0648\u064a \u0633\u0627\u062d\u0631<\/li>\n<li>\u0645\u062c\u0645\u0648\u0639\u0629 \u0623\u0639\u064a\u0627\u062f \u0645\u062d\u062f\u0648\u062f\u0629<\/li>\n<\/ul>\n<p style=\"text-align: center;\">\ud83c\uddec\ud83c\udde7 KIKO MILANO SNOW-KISSED HOLIDAY ALL THAT MATTERS LIP TINT<\/p>\n<p style=\"text-align: center;\">\ud83c\uddeb\ud83c\uddf7 KIKO MILANO SNOW-KISSED HOLIDAY ALL THAT MATTERS TEINTE L\u00c8VRES<\/p>\n<\/div><\/div><\/div><\/div>","protected":false},"excerpt":{"rendered":"\u0645\u0646\u062a\u062c KIKO MILANO SNOW-KISSED HOLIDAY ALL THAT MATTERS LIP TINT \u0645\u0646 \u0643\u064a\u0643\u0648 \u0645\u064a\u0644\u0627\u0646\u0648 \u0647\u0648 \u0635\u0628\u063a\u0629 \u0634\u0641\u0627\u0647 \u0641\u0627\u062e\u0631\u0629 \u0645\u0646 \u0645\u062c\u0645\u0648\u0639\u0629 \u0627\u0644\u0623\u0639\u064a\u0627\u062f \u0627\u0644\u0645\u062d\u062f\u0648\u062f\u0629. \u062a\u0631\u0643\u064a\u0628\u0629 \u0645\u0627\u0626\u064a\u0629 \u062e\u0641\u064a\u0641\u0629 \u062a\u0645\u0646\u062d \u0627\u0644\u0634\u0641\u0627\u0647 \u0644\u0648\u0646\u0627\u064b \u0643\u062b\u064a\u0641\u0627\u064b \u0648\u0637\u0628\u064a\u0639\u064a\u0627\u064b \u0643\u0645\u0646 \u062a\u0630\u0648\u0651\u0642\u062a \u0644\u0644\u062a\u0648 \u0627\u0644\u0641\u0648\u0627\u0643\u0647. \u062a\u062f\u0648\u0645 \u0644\u0633\u0627\u0639\u0627\u062a \u062f\u0648\u0646 \u0623\u0646 \u062a\u062c\u0641\u0651\u0641. \u0627\u0644\u0644\u0648\u0646 02 Mulled Mauve \u0647\u0648 \u0644\u0648\u0646 \u0648\u0631\u062f\u064a \u0623\u0631\u062c\u0648\u0627\u0646\u064a \u0645\u0633\u062a\u0648\u062d\u0649 \u0645\u0646 \u0627\u0644\u0646\u0628\u064a\u0630 \u0627\u0644\u0633\u0627\u062e\u0646. \u062a\u063a\u0644\u064a\u0641 \u0641\u0627\u062e\u0631 \u0645\u0639 \u0644\u0645\u0633\u0627\u062a \u0634\u062a\u0648\u064a\u0629 [...]","protected":false},"featured_media":39094,"template":"","meta":[],"pwb-brand":[220],"product_brand":[],"product_cat":[1181],"product_tag":[],"class_list":{"0":"post-39133","1":"product","2":"type-product","3":"status-publish","4":"has-post-thumbnail","6":"pwb-brand-kiko","7":"product_cat-liquid-lipstick-makeup","9":"first","10":"instock","11":"shipping-taxable","12":"purchasable","13":"product-type-variable","14":"has-default-attributes","15":"wvs-archive-product-wrapper"},"brands":[{"id":220,"name":"Kiko Milano","slug":"kiko"}],"_links":{"self":[{"href":"https:\/\/gopinkish.com\/fr\/wp-json\/wp\/v2\/product\/39133","targetHints":{"allow":["GET"]}}],"collection":[{"href":"https:\/\/gopinkish.com\/fr\/wp-json\/wp\/v2\/product"}],"about":[{"href":"https:\/\/gopinkish.com\/fr\/wp-json\/wp\/v2\/types\/product"}],"wp:featuredmedia":[{"embeddable":true,"href":"https:\/\/gopinkish.com\/fr\/wp-json\/wp\/v2\/media\/39094"}],"wp:attachment":[{"href":"https:\/\/gopinkish.com\/fr\/wp-json\/wp\/v2\/media?parent=39133"}],"wp:term":[{"taxonomy":"pwb-brand","embeddable":true,"href":"https:\/\/gopinkish.com\/fr\/wp-json\/wp\/v2\/pwb-brand?post=39133"},{"taxonomy":"product_brand","embeddable":true,"href":"https:\/\/gopinkish.com\/fr\/wp-json\/wp\/v2\/product_brand?post=39133"},{"taxonomy":"product_cat","embeddable":true,"href":"https:\/\/gopinkish.com\/fr\/wp-json\/wp\/v2\/product_cat?post=39133"},{"taxonomy":"product_tag","embeddable":true,"href":"https:\/\/gopinkish.com\/fr\/wp-json\/wp\/v2\/product_tag?post=39133"}],"curies":[{"name":"wp","href":"https:\/\/api.w.org\/{rel}","templated":true}]}}