{"id":39081,"date":"2026-04-26T02:04:59","date_gmt":"2026-04-26T01:04:59","guid":{"rendered":"https:\/\/gopinkish.com\/?post_type=product&#038;p=39081"},"modified":"2026-04-26T02:38:25","modified_gmt":"2026-04-26T01:38:25","slug":"609332575202","status":"publish","type":"product","link":"https:\/\/gopinkish.com\/fr\/produit\/609332575202\/","title":{"rendered":"\u0628\u0631\u0648\u0646\u0632\u0631 \u0633\u0627\u0626\u0644 \u0644\u0633\u0645\u0631\u0629 \u0645\u0634\u0639\u0651\u0629"},"content":{"rendered":"<div  class=\"section-element\"><div class=\"row\"><div class=\"large-12 nasa-col columns\"><div class=\"wpb_text_column wpb_content_element\" ><p style=\"text-align: justify;\">\u0645\u0646\u062a\u062c E.L.F. SKIN BRONZING DROPS \u0645\u0646 \u0625\u0644\u0641 \u0647\u0648 \u0642\u0637\u0631\u0627\u062a \u0628\u0631\u0648\u0646\u0632 \u0633\u0627\u0626\u0644\u0629 \u062a\u0645\u0646\u062d \u0627\u0644\u0628\u0634\u0631\u0629 \u0633\u0645\u0631\u0629 \u0637\u0628\u064a\u0639\u064a\u0629 \u0645\u0634\u0639\u0651\u0629. \u062a\u0631\u0643\u064a\u0628\u0629 \u0645\u0631\u0643\u0651\u0632\u0629 \u064a\u0645\u0643\u0646 \u0645\u0632\u062c\u0647\u0627 \u0645\u0639 \u0627\u0644\u0643\u0631\u064a\u0645 \u0627\u0644\u0645\u0631\u0637\u0651\u0628 \u0623\u0648 \u0627\u0644\u0641\u0627\u0648\u0646\u062f\u064a\u0634\u0646 \u0644\u0644\u062d\u0635\u0648\u0644 \u0639\u0644\u0649 \u062f\u0631\u062c\u0629 \u0627\u0644\u0633\u0645\u0631\u0629 \u0627\u0644\u0645\u0637\u0644\u0648\u0628\u0629\u060c \u0623\u0648 \u0627\u0633\u062a\u0639\u0645\u0627\u0644\u0647\u0627 \u0645\u0641\u0631\u062f\u0629 \u0643\u0628\u0631\u0648\u0646\u0632 \u0645\u0643\u062b\u0651\u0641. \u0645\u0644\u0645\u0633 \u062e\u0641\u064a\u0641 \u064a\u064f\u0645\u062a\u0635 \u0628\u0633\u0631\u0639\u0629. \u0641\u0639\u0627\u0644\u0629 \u0648\u0628\u0633\u0639\u0631 \u0645\u0646\u0627\u0633\u0628. \u0645\u062a\u0648\u0641\u0651\u0631\u0629 \u0628\u062f\u0631\u062c\u062a\u064a\u0646 \u0644\u062a\u0646\u0627\u0633\u0628 \u062f\u0631\u062c\u0627\u062a \u0627\u0644\u0628\u0634\u0631\u0629 \u0627\u0644\u0645\u062e\u062a\u0644\u0641\u0629. \u0646\u0628\u0627\u062a\u064a\u0629 \u0648\u062e\u0627\u0644\u064a\u0629 \u0645\u0646 \u0627\u0644\u0642\u0633\u0648\u0629.<\/p>\n<p><strong>Principaux ingr\u00e9dients et caract\u00e9ristiques<\/strong><\/p>\n<ul>\n<li>\u0642\u0637\u0631\u0627\u062a \u0628\u0631\u0648\u0646\u0632 \u0633\u0627\u0626\u0644\u0629 \u0645\u0631\u0643\u0651\u0632\u0629<\/li>\n<li>\u0642\u0627\u0628\u0644\u0629 \u0644\u0644\u0645\u0632\u062c \u0628\u0627\u0644\u0643\u0631\u064a\u0645 \u0623\u0648 \u0627\u0644\u0641\u0627\u0648\u0646\u062f\u064a\u0634\u0646<\/li>\n<li>Formule l\u00e9g\u00e8re \u00e0 absorption rapide<\/li>\n<li>\u0646\u0628\u0627\u062a\u064a\u0629 \u0648\u062e\u0627\u0644\u064a\u0629 \u0645\u0646 \u0627\u0644\u0642\u0633\u0648\u0629<\/li>\n<li>\u0645\u0627\u0631\u0643\u0629 \u0625\u0644\u0641 \u0628\u0633\u0639\u0631 \u0645\u0646\u0627\u0633\u0628<\/li>\n<\/ul>\n<p><strong>Principales caract\u00e9ristiques et avantages<\/strong><\/p>\n<ul>\n<li>\u062a\u0645\u0646\u062d \u0633\u0645\u0631\u0629 \u0637\u0628\u064a\u0639\u064a\u0629 \u0645\u0634\u0639\u0651\u0629<\/li>\n<li>\u0642\u0627\u0628\u0644\u0629 \u0644\u0644\u062a\u062e\u0635\u064a\u0635 \u062d\u0633\u0628 \u0627\u0644\u0645\u0637\u0644\u0648\u0628<\/li>\n<li>\u064a\u0645\u0643\u0646 \u0627\u0633\u062a\u0639\u0645\u0627\u0644\u0647\u0627 \u0645\u0641\u0631\u062f\u0629 \u0623\u0648 \u0645\u0645\u0632\u0648\u062c\u0629<\/li>\n<li>\u0645\u0644\u0645\u0633 \u062e\u0641\u064a\u0641 \u0644\u0627 \u064a\u064f\u062b\u0642\u0644 \u0627\u0644\u0628\u0634\u0631\u0629<\/li>\n<li>\u0646\u062a\u0627\u0626\u062c \u0645\u0631\u0626\u064a\u0629 \u0641\u0648\u0631\u064a\u0629<\/li>\n<li>\u0642\u064a\u0645\u0629 \u0645\u0645\u062a\u0627\u0632\u0629 \u0628\u0633\u0639\u0631 \u0645\u0646\u0627\u0633\u0628<\/li>\n<\/ul>\n<p style=\"text-align: center;\">\ud83c\uddec\ud83c\udde7 E.L.F. SKIN BRONZING DROPS<\/p>\n<p style=\"text-align: center;\">\ud83c\uddeb\ud83c\uddf7 E.L.F. SKIN GOUTTES BRONZANTES<\/p>\n<\/div><\/div><\/div><\/div>","protected":false},"excerpt":{"rendered":"\u0645\u0646\u062a\u062c E.L.F. SKIN BRONZING DROPS \u0645\u0646 \u0625\u0644\u0641 \u0647\u0648 \u0642\u0637\u0631\u0627\u062a \u0628\u0631\u0648\u0646\u0632 \u0633\u0627\u0626\u0644\u0629 \u062a\u0645\u0646\u062d \u0627\u0644\u0628\u0634\u0631\u0629 \u0633\u0645\u0631\u0629 \u0637\u0628\u064a\u0639\u064a\u0629 \u0645\u0634\u0639\u0651\u0629. \u062a\u0631\u0643\u064a\u0628\u0629 \u0645\u0631\u0643\u0651\u0632\u0629 \u064a\u0645\u0643\u0646 \u0645\u0632\u062c\u0647\u0627 \u0645\u0639 \u0627\u0644\u0643\u0631\u064a\u0645 \u0627\u0644\u0645\u0631\u0637\u0651\u0628 \u0623\u0648 \u0627\u0644\u0641\u0627\u0648\u0646\u062f\u064a\u0634\u0646 \u0644\u0644\u062d\u0635\u0648\u0644 \u0639\u0644\u0649 \u062f\u0631\u062c\u0629 \u0627\u0644\u0633\u0645\u0631\u0629 \u0627\u0644\u0645\u0637\u0644\u0648\u0628\u0629\u060c \u0623\u0648 \u0627\u0633\u062a\u0639\u0645\u0627\u0644\u0647\u0627 \u0645\u0641\u0631\u062f\u0629 \u0643\u0628\u0631\u0648\u0646\u0632 \u0645\u0643\u062b\u0651\u0641. \u0645\u0644\u0645\u0633 \u062e\u0641\u064a\u0641 \u064a\u064f\u0645\u062a\u0635 \u0628\u0633\u0631\u0639\u0629. \u0641\u0639\u0627\u0644\u0629 \u0648\u0628\u0633\u0639\u0631 \u0645\u0646\u0627\u0633\u0628. \u0645\u062a\u0648\u0641\u0651\u0631\u0629 \u0628\u062f\u0631\u062c\u062a\u064a\u0646 \u0644\u062a\u0646\u0627\u0633\u0628 \u062f\u0631\u062c\u0627\u062a \u0627\u0644\u0628\u0634\u0631\u0629 \u0627\u0644\u0645\u062e\u062a\u0644\u0641\u0629. \u0646\u0628\u0627\u062a\u064a\u0629 \u0648\u062e\u0627\u0644\u064a\u0629 \u0645\u0646 \u0627\u0644\u0642\u0633\u0648\u0629. \u0627\u0644\u0645\u0643\u0648\u0646\u0627\u062a \u0648\u0627\u0644\u062e\u0635\u0627\u0626\u0635 \u0627\u0644\u0631\u0626\u064a\u0633\u064a\u0629 [...]","protected":false},"featured_media":38982,"template":"","meta":[],"pwb-brand":[1063],"product_brand":[],"product_cat":[1168],"product_tag":[685],"class_list":{"0":"post-39081","1":"product","2":"type-product","3":"status-publish","4":"has-post-thumbnail","6":"pwb-brand-elf","7":"product_cat-bronzer-makeup","8":"product_tag-brightening","10":"first","11":"instock","12":"shipping-taxable","13":"purchasable","14":"product-type-variable","15":"has-default-attributes","16":"wvs-archive-product-wrapper"},"brands":[{"id":1063,"name":"e.l.f.","slug":"elfe"}],"_links":{"self":[{"href":"https:\/\/gopinkish.com\/fr\/wp-json\/wp\/v2\/product\/39081","targetHints":{"allow":["GET"]}}],"collection":[{"href":"https:\/\/gopinkish.com\/fr\/wp-json\/wp\/v2\/product"}],"about":[{"href":"https:\/\/gopinkish.com\/fr\/wp-json\/wp\/v2\/types\/product"}],"wp:featuredmedia":[{"embeddable":true,"href":"https:\/\/gopinkish.com\/fr\/wp-json\/wp\/v2\/media\/38982"}],"wp:attachment":[{"href":"https:\/\/gopinkish.com\/fr\/wp-json\/wp\/v2\/media?parent=39081"}],"wp:term":[{"taxonomy":"pwb-brand","embeddable":true,"href":"https:\/\/gopinkish.com\/fr\/wp-json\/wp\/v2\/pwb-brand?post=39081"},{"taxonomy":"product_brand","embeddable":true,"href":"https:\/\/gopinkish.com\/fr\/wp-json\/wp\/v2\/product_brand?post=39081"},{"taxonomy":"product_cat","embeddable":true,"href":"https:\/\/gopinkish.com\/fr\/wp-json\/wp\/v2\/product_cat?post=39081"},{"taxonomy":"product_tag","embeddable":true,"href":"https:\/\/gopinkish.com\/fr\/wp-json\/wp\/v2\/product_tag?post=39081"}],"curies":[{"name":"wp","href":"https:\/\/api.w.org\/{rel}","templated":true}]}}