{"id":37167,"date":"2026-03-08T22:25:52","date_gmt":"2026-03-08T21:25:52","guid":{"rendered":"https:\/\/gopinkish.com\/?post_type=product&#038;p=37167"},"modified":"2026-04-12T12:14:59","modified_gmt":"2026-04-12T11:14:59","slug":"4068881000249","status":"publish","type":"product","link":"https:\/\/gopinkish.com\/fr\/produit\/4068881000249\/","title":{"rendered":"Dentifrice blanchissant professionnel \u00e0 la technologie laser"},"content":{"rendered":"<p style=\"text-align: justify;\">Whitening Expert Pro Laser de Denivit est un dentifrice blanchissant professionnel dot\u00e9 d'une technologie avanc\u00e9e inspir\u00e9e des traitements au laser. Il permet un blanchiment efficace et visible des dents gr\u00e2ce \u00e0 une formule scientifique qui \u00e9limine les taches superficielles et profondes et redonne de l'\u00e9clat au sourire avec des r\u00e9sultats dignes d'un professionnel.<\/p>\n<p><strong>Principaux ingr\u00e9dients et caract\u00e9ristiques<\/strong><\/p>\n<ul>\n<li>Technologie avanc\u00e9e Pro Laser pour un blanchiment intensif<\/li>\n<li>Mol\u00e9cules blanchissantes efficaces qui p\u00e9n\u00e8trent les couches de taches<\/li>\n<li>Le fluor pour renforcer et prot\u00e9ger l'\u00e9mail<\/li>\n<li>Formule professionnelle pour un usage domestique<\/li>\n<\/ul>\n<p><strong>Principales caract\u00e9ristiques et avantages<\/strong><\/p>\n<ul>\n<li>Blanchiment professionnel \u00e0 domicile avec des r\u00e9sultats visibles<\/li>\n<li>\u00c9limine efficacement les taches superficielles et profondes<\/li>\n<li>Renforce l'\u00e9mail des dents en m\u00eame temps que le blanchiment<\/li>\n<li>Des dents plus blanches apr\u00e8s deux semaines d'utilisation<\/li>\n<\/ul>\n<p style=\"text-align: center;\">\ud83c\uddec\ud83c\udde7 Denivit - Whitening Expert Pro Laser<\/p>\n<p style=\"text-align: center;\">\ud83c\uddeb\ud83c\uddf7 Denivit - Expert Blancheur Pro Laser<\/p>","protected":false},"excerpt":{"rendered":"<p>\u0645\u0646\u062a\u062c Whitening Expert Pro Laser \u0645\u0646 Denivit \u0647\u0648 \u0645\u0639\u062c\u0648\u0646 \u0623\u0633\u0646\u0627\u0646 \u062a\u0628\u064a\u064a\u0636 \u0627\u062d\u062a\u0631\u0627\u0641\u064a \u0628\u062a\u0642\u0646\u064a\u0629 \u0645\u062a\u0642\u062f\u0645\u0629 \u0645\u0633\u062a\u0648\u062d\u0627\u0629 \u0645\u0646 \u0639\u0644\u0627\u062c\u0627\u062a \u0627\u0644\u0644\u064a\u0632\u0631. \u064a\u0648\u0641\u0631 \u062a\u0628\u064a\u064a\u0636\u0627 \u0641\u0639\u0627\u0644\u0627 \u0648\u0645\u0631\u0626\u064a\u0627 \u0644\u0644\u0623\u0633\u0646\u0627\u0646 \u0628\u062a\u0631\u0643\u064a\u0628\u0629 \u0639\u0644\u0645\u064a\u0629 \u062a\u0632\u064a\u0644 \u0627\u0644\u0628\u0642\u0639 \u0627\u0644\u0633\u0637\u062d\u064a\u0629 \u0648\u0627\u0644\u0639\u0645\u064a\u0642\u0629 \u0648\u062a\u0633\u062a\u0639\u064a\u062f \u0625\u0634\u0631\u0627\u0642\u0629 \u0627\u0644\u0627\u0628\u062a\u0633\u0627\u0645\u0629 \u0628\u0646\u062a\u0627\u0626\u062c \u062a\u0634\u0628\u0647 \u0627\u0644\u0639\u0644\u0627\u062c\u0627\u062a \u0627\u0644\u0627\u062d\u062a\u0631\u0627\u0641\u064a\u0629. \u0627\u0644\u0645\u0643\u0648\u0646\u0627\u062a \u0648\u0627\u0644\u062e\u0635\u0627\u0626\u0635 \u0627\u0644\u0631\u0626\u064a\u0633\u064a\u0629 \u062a\u0642\u0646\u064a\u0629 \u0628\u0631\u0648 \u0644\u064a\u0632\u0631 \u0627\u0644\u0645\u062a\u0642\u062f\u0645\u0629 \u0644\u0644\u062a\u0628\u064a\u064a\u0636 \u0627\u0644\u0645\u0643\u062b\u0641 \u062c\u0632\u064a\u0626\u0627\u062a \u062a\u0628\u064a\u064a\u0636 \u0641\u0639\u0627\u0644\u0629 \u062a\u062e\u062a\u0631\u0642 \u0637\u0628\u0642\u0627\u062a \u0627\u0644\u0628\u0642\u0639 \u0641\u0644\u0648\u0631\u064a\u062f \u0644\u062a\u0642\u0648\u064a\u0629 \u0627\u0644\u0645\u064a\u0646\u0627 \u0648\u062d\u0645\u0627\u064a\u062a\u0647\u0627 [&hellip;]<\/p>\n","protected":false},"featured_media":37130,"template":"","meta":[],"pwb-brand":[],"product_brand":[],"product_cat":[1134,1131],"product_tag":[760,706],"class_list":{"0":"post-37167","1":"product","2":"type-product","3":"status-publish","4":"has-post-thumbnail","6":"product_cat-teeth-white","7":"product_cat-tooth-paste","8":"product_tag-760","9":"product_tag-toothpaste","11":"first","12":"instock","13":"shipping-taxable","14":"purchasable","15":"product-type-variable","16":"has-default-attributes","17":"wvs-archive-product-wrapper"},"brands":[],"_links":{"self":[{"href":"https:\/\/gopinkish.com\/fr\/wp-json\/wp\/v2\/product\/37167","targetHints":{"allow":["GET"]}}],"collection":[{"href":"https:\/\/gopinkish.com\/fr\/wp-json\/wp\/v2\/product"}],"about":[{"href":"https:\/\/gopinkish.com\/fr\/wp-json\/wp\/v2\/types\/product"}],"wp:featuredmedia":[{"embeddable":true,"href":"https:\/\/gopinkish.com\/fr\/wp-json\/wp\/v2\/media\/37130"}],"wp:attachment":[{"href":"https:\/\/gopinkish.com\/fr\/wp-json\/wp\/v2\/media?parent=37167"}],"wp:term":[{"taxonomy":"pwb-brand","embeddable":true,"href":"https:\/\/gopinkish.com\/fr\/wp-json\/wp\/v2\/pwb-brand?post=37167"},{"taxonomy":"product_brand","embeddable":true,"href":"https:\/\/gopinkish.com\/fr\/wp-json\/wp\/v2\/product_brand?post=37167"},{"taxonomy":"product_cat","embeddable":true,"href":"https:\/\/gopinkish.com\/fr\/wp-json\/wp\/v2\/product_cat?post=37167"},{"taxonomy":"product_tag","embeddable":true,"href":"https:\/\/gopinkish.com\/fr\/wp-json\/wp\/v2\/product_tag?post=37167"}],"curies":[{"name":"wp","href":"https:\/\/api.w.org\/{rel}","templated":true}]}}