{"id":37165,"date":"2026-03-08T22:25:51","date_gmt":"2026-03-08T21:25:51","guid":{"rendered":"https:\/\/gopinkish.com\/?post_type=product&#038;p=37165"},"modified":"2026-03-08T22:27:27","modified_gmt":"2026-03-08T21:27:27","slug":"4068881000188","status":"publish","type":"product","link":"https:\/\/gopinkish.com\/fr\/produit\/4068881000188\/","title":{"rendered":"Dentifrice blanchissant intensif expert et d\u00e9tachant"},"content":{"rendered":"<p style=\"text-align: justify;\">Whitening Expert Anti-Stain Intense de Denivit est un dentifrice sp\u00e9cialis\u00e9 dans le blanchiment intensif et l'\u00e9limination des taches tenaces. Sa formule avanc\u00e9e \u00e9limine les taches de caf\u00e9, de th\u00e9 et de tabac et restaure la blancheur naturelle des dents gr\u00e2ce \u00e0 un nettoyage quotidien en profondeur.<\/p>\n<p><strong>Principaux ingr\u00e9dients et caract\u00e9ristiques<\/strong><\/p>\n<ul>\n<li>Formule intensive pour \u00e9liminer les taches tenaces<\/li>\n<li>Les particules de blanchiment avanc\u00e9es restaurent la blancheur des dents<\/li>\n<li>Le fluor pour prot\u00e9ger l'\u00e9mail des caries<\/li>\n<li>Ingr\u00e9dients de polissage pour des dents plus blanches<\/li>\n<\/ul>\n<p><strong>Principales caract\u00e9ristiques et avantages<\/strong><\/p>\n<ul>\n<li>\u00c9limine efficacement les taches de caf\u00e9, de th\u00e9 et de fum\u00e9e<\/li>\n<li>Restaure progressivement la blancheur naturelle des dents<\/li>\n<li>Nettoie les dents en profondeur et prot\u00e8ge contre les caries<\/li>\n<li>R\u00e9sultats visibles de l'\u00e9claircissement avec une utilisation r\u00e9guli\u00e8re<\/li>\n<\/ul>\n<p style=\"text-align: center;\">\ud83c\uddec\ud83c\udde7 Denivit - Whitening Expert Anti-Stain Intense<\/p>\n<p style=\"text-align: center;\">\ud83c\uddeb\ud83c\uddf7 Denivit - Expert Blancheur Anti-Taches Intense<\/p>","protected":false},"excerpt":{"rendered":"<p>\u0645\u0646\u062a\u062c Whitening Expert Anti-Stain Intense \u0645\u0646 Denivit \u0647\u0648 \u0645\u0639\u062c\u0648\u0646 \u0623\u0633\u0646\u0627\u0646 \u0645\u062a\u062e\u0635\u0635 \u0641\u064a \u0627\u0644\u062a\u0628\u064a\u064a\u0636 \u0627\u0644\u0645\u0643\u062b\u0641 \u0648\u0625\u0632\u0627\u0644\u0629 \u0627\u0644\u0628\u0642\u0639 \u0627\u0644\u0639\u0646\u064a\u062f\u0629. \u064a\u0639\u0645\u0644 \u0628\u062a\u0631\u0643\u064a\u0628\u0629 \u0645\u062a\u0642\u062f\u0645\u0629 \u0639\u0644\u0649 \u0625\u0632\u0627\u0644\u0629 \u0628\u0642\u0639 \u0627\u0644\u0642\u0647\u0648\u0629 \u0648\u0627\u0644\u0634\u0627\u064a \u0648\u0627\u0644\u062a\u062f\u062e\u064a\u0646 \u0648\u0627\u0633\u062a\u0639\u0627\u062f\u0629 \u0627\u0644\u0628\u064a\u0627\u0636 \u0627\u0644\u0637\u0628\u064a\u0639\u064a \u0644\u0644\u0623\u0633\u0646\u0627\u0646 \u0645\u0639 \u062a\u0646\u0638\u064a\u0641 \u0639\u0645\u064a\u0642 \u064a\u0648\u0645\u064a. \u0627\u0644\u0645\u0643\u0648\u0646\u0627\u062a \u0648\u0627\u0644\u062e\u0635\u0627\u0626\u0635 \u0627\u0644\u0631\u0626\u064a\u0633\u064a\u0629 \u062a\u0631\u0643\u064a\u0628\u0629 \u0645\u0643\u062b\u0641\u0629 \u0644\u0625\u0632\u0627\u0644\u0629 \u0627\u0644\u0628\u0642\u0639 \u0627\u0644\u0639\u0646\u064a\u062f\u0629 \u062c\u0632\u064a\u0626\u0627\u062a \u062a\u0628\u064a\u064a\u0636 \u0645\u062a\u0642\u062f\u0645\u0629 \u062a\u0633\u062a\u0639\u064a\u062f \u0628\u064a\u0627\u0636 \u0627\u0644\u0623\u0633\u0646\u0627\u0646 \u0641\u0644\u0648\u0631\u064a\u062f \u0644\u062d\u0645\u0627\u064a\u0629 \u0627\u0644\u0645\u064a\u0646\u0627 \u0645\u0646 \u0627\u0644\u062a\u0633\u0648\u0633 \u0645\u0643\u0648\u0646\u0627\u062a \u062a\u0644\u0645\u064a\u0639 [&hellip;]<\/p>\n","protected":false},"featured_media":37128,"template":"","meta":[],"pwb-brand":[],"product_brand":[],"product_cat":[1134,1131],"product_tag":[760,706],"class_list":{"0":"post-37165","1":"product","2":"type-product","3":"status-publish","4":"has-post-thumbnail","6":"product_cat-teeth-white","7":"product_cat-tooth-paste","8":"product_tag-760","9":"product_tag-toothpaste","11":"first","12":"instock","13":"shipping-taxable","14":"purchasable","15":"product-type-variable","16":"has-default-attributes","17":"wvs-archive-product-wrapper"},"brands":[],"_links":{"self":[{"href":"https:\/\/gopinkish.com\/fr\/wp-json\/wp\/v2\/product\/37165","targetHints":{"allow":["GET"]}}],"collection":[{"href":"https:\/\/gopinkish.com\/fr\/wp-json\/wp\/v2\/product"}],"about":[{"href":"https:\/\/gopinkish.com\/fr\/wp-json\/wp\/v2\/types\/product"}],"wp:featuredmedia":[{"embeddable":true,"href":"https:\/\/gopinkish.com\/fr\/wp-json\/wp\/v2\/media\/37128"}],"wp:attachment":[{"href":"https:\/\/gopinkish.com\/fr\/wp-json\/wp\/v2\/media?parent=37165"}],"wp:term":[{"taxonomy":"pwb-brand","embeddable":true,"href":"https:\/\/gopinkish.com\/fr\/wp-json\/wp\/v2\/pwb-brand?post=37165"},{"taxonomy":"product_brand","embeddable":true,"href":"https:\/\/gopinkish.com\/fr\/wp-json\/wp\/v2\/product_brand?post=37165"},{"taxonomy":"product_cat","embeddable":true,"href":"https:\/\/gopinkish.com\/fr\/wp-json\/wp\/v2\/product_cat?post=37165"},{"taxonomy":"product_tag","embeddable":true,"href":"https:\/\/gopinkish.com\/fr\/wp-json\/wp\/v2\/product_tag?post=37165"}],"curies":[{"name":"wp","href":"https:\/\/api.w.org\/{rel}","templated":true}]}}