{"id":37163,"date":"2026-03-08T22:25:51","date_gmt":"2026-03-08T21:25:51","guid":{"rendered":"https:\/\/gopinkish.com\/?post_type=product&#038;p=37163"},"modified":"2026-04-02T13:31:38","modified_gmt":"2026-04-02T12:31:38","slug":"4005900634535","status":"publish","type":"product","link":"https:\/\/gopinkish.com\/fr\/produit\/4005900634535\/","title":{"rendered":"Shampoing pour b\u00e9b\u00e9 \u00e0 l'extrait de calendula"},"content":{"rendered":"<p style=\"text-align: justify;\">Nivea's Baby Shampoo &amp; Bath Head to Toe est un shampooing et un bain doux pour b\u00e9b\u00e9s et enfants \u00e0 l'extrait de calendula apaisant. Con\u00e7u pour les soins de la t\u00eate aux pieds, sa formule tr\u00e8s douce et non irritante convient \u00e0 la peau sensible des b\u00e9b\u00e9s d\u00e8s la naissance.<\/p>\n<p><strong>Principaux ingr\u00e9dients et caract\u00e9ristiques<\/strong><\/p>\n<ul>\n<li>Extrait de calendula, apaisant et calmant<\/li>\n<li>Une formule tr\u00e8s douce qui ne provoque pas de larmes<\/li>\n<li>pH neutre adapt\u00e9 \u00e0 la peau de b\u00e9b\u00e9<\/li>\n<li>Sans colorants ni parab\u00e8nes<\/li>\n<\/ul>\n<p><strong>Principales caract\u00e9ristiques et avantages<\/strong><\/p>\n<ul>\n<li>Nettoie en douceur les cheveux et la peau de b\u00e9b\u00e9<\/li>\n<li>L'extrait de calendula apaise les peaux sensibles<\/li>\n<li>Convient aux b\u00e9b\u00e9s \u00e0 partir de la naissance<\/li>\n<li>Un produit pour les cheveux et le corps pour le confort de la maman<\/li>\n<\/ul>\n<p style=\"text-align: center;\">\ud83c\uddec\ud83c\udde7 Nivea - Shampooing et bain pour b\u00e9b\u00e9s de la t\u00eate aux pieds \u00e0 l'extrait de calendula<\/p>\n<p style=\"text-align: center;\">\ud83c\uddeb\ud83c\uddf7 Nivea - B\u00e9b\u00e9 Shampooing &amp; Bain T\u00eate aux Pieds \u00e0 l'Extrait de Calendula<\/p>","protected":false},"excerpt":{"rendered":"<p>\u0645\u0646\u062a\u062c Baby Shampoo &amp; Bath Head to Toe \u0645\u0646 Nivea \u0647\u0648 \u0634\u0627\u0645\u0628\u0648 \u0648\u0627\u0633\u062a\u062d\u0645\u0627\u0645 \u0644\u0637\u064a\u0641 \u0644\u0644\u0623\u0637\u0641\u0627\u0644 \u0648\u0627\u0644\u0631\u0636\u0639 \u0628\u0645\u0633\u062a\u062e\u0644\u0635 \u0627\u0644\u0643\u0627\u0644\u064a\u0646\u062f\u0648\u0644\u0627 \u0627\u0644\u0645\u0647\u062f\u0626. \u0645\u0635\u0645\u0645 \u0644\u0644\u0639\u0646\u0627\u064a\u0629 \u0627\u0644\u0634\u0627\u0645\u0644\u0629 \u0645\u0646 \u0627\u0644\u0631\u0623\u0633 \u0625\u0644\u0649 \u0627\u0644\u0642\u062f\u0645\u064a\u0646 \u0628\u062a\u0631\u0643\u064a\u0628\u0629 \u0644\u0637\u064a\u0641\u0629 \u062c\u062f\u0627 \u0644\u0627 \u062a\u0633\u0628\u0628 \u0627\u0644\u062f\u0645\u0648\u0639 \u0648\u0645\u0646\u0627\u0633\u0628\u0629 \u0644\u0628\u0634\u0631\u0629 \u0627\u0644\u0623\u0637\u0641\u0627\u0644 \u0627\u0644\u062d\u0633\u0627\u0633\u0629 \u0645\u0646\u0630 \u0627\u0644\u0648\u0644\u0627\u062f\u0629. \u0627\u0644\u0645\u0643\u0648\u0646\u0627\u062a \u0648\u0627\u0644\u062e\u0635\u0627\u0626\u0635 \u0627\u0644\u0631\u0626\u064a\u0633\u064a\u0629 \u0645\u0633\u062a\u062e\u0644\u0635 \u0627\u0644\u0643\u0627\u0644\u064a\u0646\u062f\u0648\u0644\u0627 \u0627\u0644\u0645\u0647\u062f\u0626 \u0648\u0627\u0644\u0645\u0644\u0637\u0641 \u062a\u0631\u0643\u064a\u0628\u0629 \u0644\u0637\u064a\u0641\u0629 \u062c\u062f\u0627 \u0644\u0627 \u062a\u0633\u0628\u0628 \u0627\u0644\u062f\u0645\u0648\u0639 \u062f\u0631\u062c\u0629 \u062d\u0645\u0648\u0636\u0629 \u0645\u062d\u0627\u064a\u062f\u0629 \u0645\u0646\u0627\u0633\u0628\u0629 [&hellip;]<\/p>\n","protected":false},"featured_media":37126,"template":"","meta":[],"pwb-brand":[236],"product_brand":[],"product_cat":[1162],"product_tag":[1036,1031],"class_list":{"0":"post-37163","1":"product","2":"type-product","3":"status-publish","4":"has-post-thumbnail","6":"pwb-brand-nivea","7":"product_cat-mom-baby","8":"product_tag-1036","9":"product_tag-1031","11":"first","12":"instock","13":"shipping-taxable","14":"purchasable","15":"product-type-variable","16":"has-default-attributes","17":"wvs-archive-product-wrapper"},"brands":[{"id":236,"name":"Nivea","slug":"nivea"}],"_links":{"self":[{"href":"https:\/\/gopinkish.com\/fr\/wp-json\/wp\/v2\/product\/37163","targetHints":{"allow":["GET"]}}],"collection":[{"href":"https:\/\/gopinkish.com\/fr\/wp-json\/wp\/v2\/product"}],"about":[{"href":"https:\/\/gopinkish.com\/fr\/wp-json\/wp\/v2\/types\/product"}],"wp:featuredmedia":[{"embeddable":true,"href":"https:\/\/gopinkish.com\/fr\/wp-json\/wp\/v2\/media\/37126"}],"wp:attachment":[{"href":"https:\/\/gopinkish.com\/fr\/wp-json\/wp\/v2\/media?parent=37163"}],"wp:term":[{"taxonomy":"pwb-brand","embeddable":true,"href":"https:\/\/gopinkish.com\/fr\/wp-json\/wp\/v2\/pwb-brand?post=37163"},{"taxonomy":"product_brand","embeddable":true,"href":"https:\/\/gopinkish.com\/fr\/wp-json\/wp\/v2\/product_brand?post=37163"},{"taxonomy":"product_cat","embeddable":true,"href":"https:\/\/gopinkish.com\/fr\/wp-json\/wp\/v2\/product_cat?post=37163"},{"taxonomy":"product_tag","embeddable":true,"href":"https:\/\/gopinkish.com\/fr\/wp-json\/wp\/v2\/product_tag?post=37163"}],"curies":[{"name":"wp","href":"https:\/\/api.w.org\/{rel}","templated":true}]}}