{"id":37159,"date":"2026-03-08T22:25:50","date_gmt":"2026-03-08T21:25:50","guid":{"rendered":"https:\/\/gopinkish.com\/?post_type=product&#038;p=37159"},"modified":"2026-03-08T22:27:38","modified_gmt":"2026-03-08T21:27:38","slug":"8809652589794","status":"publish","type":"product","link":"https:\/\/gopinkish.com\/fr\/produit\/8809652589794\/","title":{"rendered":"Lotion tonique illuminatrice enrichie en Nade+ et PDRN"},"content":{"rendered":"<p style=\"text-align: justify;\">Le tonique \u00e9clat No.9+ NAD+PDRN de Numbuzin est un tonique cor\u00e9en avanc\u00e9 qui associe le NAD+ et le PDRN pour stimuler l'\u00e9clat et la r\u00e9g\u00e9n\u00e9ration de la peau. Il active les cellules cutan\u00e9es et am\u00e9liore la texture et le teint de la peau tout en l'hydratant en profondeur pour un \u00e9clat sain et naturel de l'int\u00e9rieur.<\/p>\n<p><strong>Principaux ingr\u00e9dients et caract\u00e9ristiques<\/strong><\/p>\n<ul>\n<li>NAD+ pour revitaliser et r\u00e9g\u00e9n\u00e9rer les cellules de la peau<\/li>\n<li>PDRN pour r\u00e9parer la peau et lui redonner de l'\u00e9clat<\/li>\n<li>Ingr\u00e9dients hydratants pour une hydratation profonde et durable<\/li>\n<li>Formule cor\u00e9enne avanc\u00e9e avec des ingr\u00e9dients scientifiques<\/li>\n<\/ul>\n<p><strong>Principales caract\u00e9ristiques et avantages<\/strong><\/p>\n<ul>\n<li>Renforce l'\u00e9clat et la luminosit\u00e9 naturelle de la peau<\/li>\n<li>Rajeunit les cellules de la peau et am\u00e9liore la texture de la peau<\/li>\n<li>Hydrate en profondeur et pr\u00e9pare la peau aux soins suivants.<\/li>\n<li>Convient \u00e0 tous les types de peau<\/li>\n<\/ul>\n<p style=\"text-align: center;\">\ud83c\uddec\ud83c\udde7 Numbuzin - No.9+ NAD+PDRN Glow Boosting Toner<\/p>\n<p style=\"text-align: center;\">\ud83c\uddeb\ud83c\uddf7 Numbuzin - Tonique No.9+ NAD+PDRN \u00c9clat Booster<\/p>","protected":false},"excerpt":{"rendered":"<p>\u0645\u0646\u062a\u062c No.9+ NAD+PDRN Glow Boosting Toner \u0645\u0646 Numbuzin \u0647\u0648 \u062a\u0648\u0646\u0631 \u0643\u0648\u0631\u064a \u0645\u062a\u0642\u062f\u0645 \u064a\u062c\u0645\u0639 \u0628\u064a\u0646 NAD+ \u0648PDRN \u0644\u062a\u0639\u0632\u064a\u0632 \u0625\u0634\u0631\u0627\u0642\u0629 \u0627\u0644\u0628\u0634\u0631\u0629 \u0648\u062a\u062c\u062f\u064a\u062f\u0647\u0627. \u064a\u0639\u0645\u0644 \u0639\u0644\u0649 \u062a\u0646\u0634\u064a\u0637 \u062e\u0644\u0627\u064a\u0627 \u0627\u0644\u0628\u0634\u0631\u0629 \u0648\u062a\u062d\u0633\u064a\u0646 \u0645\u0644\u0645\u0633\u0647\u0627 \u0648\u0644\u0648\u0646\u0647\u0627 \u0645\u0639 \u062a\u0631\u0637\u064a\u0628 \u0639\u0645\u064a\u0642 \u064a\u0645\u0646\u062d \u062a\u0648\u0647\u062c\u0627 \u0635\u062d\u064a\u0627 \u0648\u0637\u0628\u064a\u0639\u064a\u0627 \u0645\u0646 \u0627\u0644\u062f\u0627\u062e\u0644. \u0627\u0644\u0645\u0643\u0648\u0646\u0627\u062a \u0648\u0627\u0644\u062e\u0635\u0627\u0626\u0635 \u0627\u0644\u0631\u0626\u064a\u0633\u064a\u0629 NAD+ \u0644\u062a\u0646\u0634\u064a\u0637 \u0648\u062a\u062c\u062f\u064a\u062f \u062e\u0644\u0627\u064a\u0627 \u0627\u0644\u0628\u0634\u0631\u0629 PDRN \u0644\u0625\u0635\u0644\u0627\u062d \u0627\u0644\u0628\u0634\u0631\u0629 \u0648\u062a\u0639\u0632\u064a\u0632 \u0627\u0644\u062a\u0648\u0647\u062c \u0645\u0643\u0648\u0646\u0627\u062a \u0645\u0631\u0637\u0628\u0629 \u0644\u062a\u0631\u0637\u064a\u0628 \u0639\u0645\u064a\u0642 \u0648\u0645\u0633\u062a\u0645\u0631 [&hellip;]<\/p>\n","protected":false},"featured_media":37118,"template":"","meta":[],"pwb-brand":[1332],"product_brand":[],"product_cat":[1123,1122],"product_tag":[697,685,763],"class_list":{"0":"post-37159","1":"product","2":"type-product","3":"status-publish","4":"has-post-thumbnail","6":"pwb-brand-numbuzin","7":"product_cat-face-bright","8":"product_cat-face-toner","9":"product_tag-moisturizing","10":"product_tag-brightening","11":"product_tag-korean-product-2","13":"first","14":"instock","15":"shipping-taxable","16":"purchasable","17":"product-type-variable","18":"has-default-attributes","19":"wvs-archive-product-wrapper"},"brands":[{"id":1332,"name":"Numbuzin","slug":"numbuzin"}],"_links":{"self":[{"href":"https:\/\/gopinkish.com\/fr\/wp-json\/wp\/v2\/product\/37159","targetHints":{"allow":["GET"]}}],"collection":[{"href":"https:\/\/gopinkish.com\/fr\/wp-json\/wp\/v2\/product"}],"about":[{"href":"https:\/\/gopinkish.com\/fr\/wp-json\/wp\/v2\/types\/product"}],"wp:featuredmedia":[{"embeddable":true,"href":"https:\/\/gopinkish.com\/fr\/wp-json\/wp\/v2\/media\/37118"}],"wp:attachment":[{"href":"https:\/\/gopinkish.com\/fr\/wp-json\/wp\/v2\/media?parent=37159"}],"wp:term":[{"taxonomy":"pwb-brand","embeddable":true,"href":"https:\/\/gopinkish.com\/fr\/wp-json\/wp\/v2\/pwb-brand?post=37159"},{"taxonomy":"product_brand","embeddable":true,"href":"https:\/\/gopinkish.com\/fr\/wp-json\/wp\/v2\/product_brand?post=37159"},{"taxonomy":"product_cat","embeddable":true,"href":"https:\/\/gopinkish.com\/fr\/wp-json\/wp\/v2\/product_cat?post=37159"},{"taxonomy":"product_tag","embeddable":true,"href":"https:\/\/gopinkish.com\/fr\/wp-json\/wp\/v2\/product_tag?post=37159"}],"curies":[{"name":"wp","href":"https:\/\/api.w.org\/{rel}","templated":true}]}}