{"id":37157,"date":"2026-03-08T22:25:49","date_gmt":"2026-03-08T21:25:49","guid":{"rendered":"https:\/\/gopinkish.com\/?post_type=product&#038;p=37157"},"modified":"2026-04-28T09:58:20","modified_gmt":"2026-04-28T08:58:20","slug":"8809652589800","status":"publish","type":"product","link":"https:\/\/gopinkish.com\/fr\/produit\/8809652589800\/","title":{"rendered":"Cr\u00e8me contour des yeux au r\u00e9tinol et au nadinol pour raffermir et lutter contre les rides"},"content":{"rendered":"<p style=\"text-align: justify;\">La cr\u00e8me pour les yeux No.9+ NAD+ Retinol Volumetox de Numbuzin est une cr\u00e8me cor\u00e9enne avanc\u00e9e pour les yeux qui combine le pouvoir du NAD+ et du r\u00e9tinol pour raffermir le contour des yeux et lutter contre les rides. Elle am\u00e9liore l'\u00e9lasticit\u00e9 de la peau autour des yeux, minimise les ridules et donne du volume et de la jeunesse au contour des yeux gr\u00e2ce \u00e0 une formule intensive et douce.<\/p>\n<p><strong>Principaux ingr\u00e9dients et caract\u00e9ristiques<\/strong><\/p>\n<ul>\n<li>NAD+ pour le renouvellement cellulaire et la revitalisation de la peau<\/li>\n<li>Le r\u00e9tinol pour lutter contre les rides et les ridules<\/li>\n<li>Peptides Volumetox pour le lifting du contour des yeux<\/li>\n<li>Une formule cor\u00e9enne avanc\u00e9e qui respecte le contour des yeux<\/li>\n<\/ul>\n<p><strong>Principales caract\u00e9ristiques et avantages<\/strong><\/p>\n<ul>\n<li>Raffermit le contour des yeux et att\u00e9nue les rides et les ridules<\/li>\n<li>Donne du volume et de la jeunesse au contour de l'\u0153il<\/li>\n<li>Am\u00e9liore l'\u00e9lasticit\u00e9 et la fermet\u00e9 de la peau autour des yeux<\/li>\n<li>R\u00e9sultats visibles avec une utilisation r\u00e9guli\u00e8re<\/li>\n<\/ul>\n<p style=\"text-align: center;\">\ud83c\uddec\ud83c\udde7 Numbuzin - No.9+ NAD+R\u00e9tinol Volumetox Cr\u00e8me pour les yeux<\/p>\n<p style=\"text-align: center;\">\ud83c\uddeb\ud83c\uddf7 Numbuzin - Cr\u00e8me Yeux No.9+ NAD+R\u00e9tinol Volumetox<\/p>","protected":false},"excerpt":{"rendered":"<p>\u0645\u0646\u062a\u062c No.9+ NAD+Retinol Volumetox Eye Cream \u0645\u0646 Numbuzin \u0647\u0648 \u0643\u0631\u064a\u0645 \u0639\u064a\u0648\u0646 \u0643\u0648\u0631\u064a \u0645\u062a\u0642\u062f\u0645 \u064a\u062c\u0645\u0639 \u0628\u064a\u0646 \u0642\u0648\u0629 NAD+ \u0648\u0627\u0644\u0631\u064a\u062a\u064a\u0646\u0648\u0644 \u0644\u0634\u062f \u0645\u0646\u0637\u0642\u0629 \u0627\u0644\u0639\u064a\u0648\u0646 \u0648\u0645\u062d\u0627\u0631\u0628\u0629 \u0627\u0644\u062a\u062c\u0627\u0639\u064a\u062f. \u064a\u0639\u0645\u0644 \u0639\u0644\u0649 \u062a\u062d\u0633\u064a\u0646 \u0645\u0631\u0648\u0646\u0629 \u0627\u0644\u0628\u0634\u0631\u0629 \u062d\u0648\u0644 \u0627\u0644\u0639\u064a\u0646\u064a\u0646 \u0648\u062a\u0642\u0644\u064a\u0644 \u0627\u0644\u062e\u0637\u0648\u0637 \u0627\u0644\u062f\u0642\u064a\u0642\u0629 \u0648\u0645\u0646\u062d \u0645\u0646\u0637\u0642\u0629 \u0627\u0644\u0639\u064a\u0648\u0646 \u062d\u062c\u0645\u0627 \u0648\u0634\u0628\u0627\u0628\u0627 \u0628\u062a\u0631\u0643\u064a\u0628\u0629 \u0645\u0643\u062b\u0641\u0629 \u0648\u0644\u0637\u064a\u0641\u0629. \u0627\u0644\u0645\u0643\u0648\u0646\u0627\u062a \u0648\u0627\u0644\u062e\u0635\u0627\u0626\u0635 \u0627\u0644\u0631\u0626\u064a\u0633\u064a\u0629 NAD+ \u0644\u062a\u062c\u062f\u064a\u062f \u0627\u0644\u062e\u0644\u0627\u064a\u0627 \u0648\u062a\u0646\u0634\u064a\u0637 \u0627\u0644\u0628\u0634\u0631\u0629 \u0627\u0644\u0631\u064a\u062a\u064a\u0646\u0648\u0644 \u0644\u0645\u062d\u0627\u0631\u0628\u0629 \u0627\u0644\u062a\u062c\u0627\u0639\u064a\u062f \u0648\u0627\u0644\u062e\u0637\u0648\u0637 \u0627\u0644\u062f\u0642\u064a\u0642\u0629 \u0628\u0628\u062a\u064a\u062f\u0627\u062a [&hellip;]<\/p>\n","protected":false},"featured_media":37100,"template":"","meta":[],"pwb-brand":[1332],"product_brand":[],"product_cat":[1126,1128],"product_tag":[672,676,1013,763],"class_list":{"0":"post-37157","1":"product","2":"type-product","3":"status-publish","4":"has-post-thumbnail","6":"pwb-brand-numbuzin","7":"product_cat-eyes-moist","8":"product_cat-eyes-lift","9":"product_tag-wrinkles","10":"product_tag-lift","11":"product_tag-1013","12":"product_tag-korean-product-2","14":"first","15":"instock","16":"shipping-taxable","17":"purchasable","18":"product-type-variable","19":"has-default-attributes","20":"wvs-archive-product-wrapper"},"brands":[{"id":1332,"name":"Numbuzin","slug":"numbuzin"}],"_links":{"self":[{"href":"https:\/\/gopinkish.com\/fr\/wp-json\/wp\/v2\/product\/37157","targetHints":{"allow":["GET"]}}],"collection":[{"href":"https:\/\/gopinkish.com\/fr\/wp-json\/wp\/v2\/product"}],"about":[{"href":"https:\/\/gopinkish.com\/fr\/wp-json\/wp\/v2\/types\/product"}],"wp:featuredmedia":[{"embeddable":true,"href":"https:\/\/gopinkish.com\/fr\/wp-json\/wp\/v2\/media\/37100"}],"wp:attachment":[{"href":"https:\/\/gopinkish.com\/fr\/wp-json\/wp\/v2\/media?parent=37157"}],"wp:term":[{"taxonomy":"pwb-brand","embeddable":true,"href":"https:\/\/gopinkish.com\/fr\/wp-json\/wp\/v2\/pwb-brand?post=37157"},{"taxonomy":"product_brand","embeddable":true,"href":"https:\/\/gopinkish.com\/fr\/wp-json\/wp\/v2\/product_brand?post=37157"},{"taxonomy":"product_cat","embeddable":true,"href":"https:\/\/gopinkish.com\/fr\/wp-json\/wp\/v2\/product_cat?post=37157"},{"taxonomy":"product_tag","embeddable":true,"href":"https:\/\/gopinkish.com\/fr\/wp-json\/wp\/v2\/product_tag?post=37157"}],"curies":[{"name":"wp","href":"https:\/\/api.w.org\/{rel}","templated":true}]}}