{"id":37155,"date":"2026-03-08T22:25:48","date_gmt":"2026-03-08T21:25:48","guid":{"rendered":"https:\/\/gopinkish.com\/?post_type=product&#038;p=37155"},"modified":"2026-03-25T13:09:39","modified_gmt":"2026-03-25T12:09:39","slug":"7702018094455","status":"publish","type":"product","link":"https:\/\/gopinkish.com\/fr\/produit\/7702018094455\/","title":{"rendered":"Mousse \u00e0 raser douce au parfum original pour peaux sensibles"},"content":{"rendered":"<p style=\"text-align: justify;\">La mousse \u00e0 raser Gillette Original Scent Sensitive est une mousse \u00e0 raser con\u00e7ue pour les peaux sensibles, au parfum classique et original. Elle forme une couche protectrice dense entre la lame et la peau pour un rasage doux et confortable qui minimise les irritations et les rougeurs tout en gardant la peau hydrat\u00e9e.<\/p>\n<p><strong>Principaux ingr\u00e9dients et caract\u00e9ristiques<\/strong><\/p>\n<ul>\n<li>Une formule douce con\u00e7ue pour les peaux sensibles<\/li>\n<li>La mousse dense constitue une couche protectrice entre la lame et la peau.<\/li>\n<li>Parfum Original Classic de Gillette<\/li>\n<li>Ingr\u00e9dients hydratants pour pr\u00e9venir le dess\u00e8chement de la peau<\/li>\n<\/ul>\n<p><strong>Principales caract\u00e9ristiques et avantages<\/strong><\/p>\n<ul>\n<li>Un rasage doux et confortable sans irritation<\/li>\n<li>R\u00e9duit les rougeurs et les d\u00e9mangeaisons apr\u00e8s le rasage<\/li>\n<li>Grand emballage 300ml (200+100ml) Economie<\/li>\n<li>Convient \u00e0 une utilisation quotidienne pour les peaux sensibles<\/li>\n<\/ul>\n<p style=\"text-align: center;\">\ud83c\uddec\ud83c\udde7 Gillette - Mousse \u00e0 raser Parfum Original Sensitive 300ml<\/p>\n<p style=\"text-align: center;\">\ud83c\uddeb\ud83c\uddf7 Gillette - Mousse \u00e0 Raser Parfum Original Peaux Sensibles 300ml<\/p>","protected":false},"excerpt":{"rendered":"<p>\u0645\u0646\u062a\u062c Shave Foam Original Scent Sensitive \u0645\u0646 Gillette \u0647\u0648 \u0631\u063a\u0648\u0629 \u062d\u0644\u0627\u0642\u0629 \u0645\u0635\u0645\u0645\u0629 \u0644\u0644\u0628\u0634\u0631\u0629 \u0627\u0644\u062d\u0633\u0627\u0633\u0629 \u0628\u0627\u0644\u0639\u0637\u0631 \u0627\u0644\u0623\u0635\u0644\u064a \u0627\u0644\u0643\u0644\u0627\u0633\u064a\u0643\u064a. \u062a\u0648\u0641\u0631 \u0637\u0628\u0642\u0629 \u062d\u0645\u0627\u064a\u0629 \u0643\u062b\u064a\u0641\u0629 \u0628\u064a\u0646 \u0627\u0644\u0634\u0641\u0631\u0629 \u0648\u0627\u0644\u0628\u0634\u0631\u0629 \u0644\u062d\u0644\u0627\u0642\u0629 \u0646\u0627\u0639\u0645\u0629 \u0648\u0645\u0631\u064a\u062d\u0629 \u062a\u0642\u0644\u0644 \u0627\u0644\u062a\u0647\u064a\u062c \u0648\u0627\u0644\u0627\u062d\u0645\u0631\u0627\u0631 \u0645\u0639 \u0627\u0644\u062d\u0641\u0627\u0638 \u0639\u0644\u0649 \u062a\u0631\u0637\u064a\u0628 \u0627\u0644\u0628\u0634\u0631\u0629. \u0627\u0644\u0645\u0643\u0648\u0646\u0627\u062a \u0648\u0627\u0644\u062e\u0635\u0627\u0626\u0635 \u0627\u0644\u0631\u0626\u064a\u0633\u064a\u0629 \u062a\u0631\u0643\u064a\u0628\u0629 \u0644\u0637\u064a\u0641\u0629 \u0645\u0635\u0645\u0645\u0629 \u0644\u0644\u0628\u0634\u0631\u0629 \u0627\u0644\u062d\u0633\u0627\u0633\u0629 \u0631\u063a\u0648\u0629 \u0643\u062b\u064a\u0641\u0629 \u062a\u0648\u0641\u0631 \u0637\u0628\u0642\u0629 \u062d\u0645\u0627\u064a\u0629 \u0628\u064a\u0646 \u0627\u0644\u0634\u0641\u0631\u0629 \u0648\u0627\u0644\u0628\u0634\u0631\u0629 \u0639\u0637\u0631 \u0623\u0635\u0644\u064a \u0643\u0644\u0627\u0633\u064a\u0643\u064a \u0645\u0646 [&hellip;]<\/p>\n","protected":false},"featured_media":37098,"template":"","meta":[],"pwb-brand":[457],"product_brand":[],"product_cat":[1138],"product_tag":[688,1459],"class_list":{"0":"post-37155","1":"product","2":"type-product","3":"status-publish","4":"has-post-thumbnail","6":"pwb-brand-gillette","7":"product_cat-bath-and-shower","8":"product_tag-sensitive","9":"product_tag-1459","11":"first","12":"instock","13":"shipping-taxable","14":"purchasable","15":"product-type-variable","16":"has-default-attributes","17":"wvs-archive-product-wrapper"},"brands":[{"id":457,"name":"Gillette","slug":"gillette"}],"_links":{"self":[{"href":"https:\/\/gopinkish.com\/fr\/wp-json\/wp\/v2\/product\/37155","targetHints":{"allow":["GET"]}}],"collection":[{"href":"https:\/\/gopinkish.com\/fr\/wp-json\/wp\/v2\/product"}],"about":[{"href":"https:\/\/gopinkish.com\/fr\/wp-json\/wp\/v2\/types\/product"}],"wp:featuredmedia":[{"embeddable":true,"href":"https:\/\/gopinkish.com\/fr\/wp-json\/wp\/v2\/media\/37098"}],"wp:attachment":[{"href":"https:\/\/gopinkish.com\/fr\/wp-json\/wp\/v2\/media?parent=37155"}],"wp:term":[{"taxonomy":"pwb-brand","embeddable":true,"href":"https:\/\/gopinkish.com\/fr\/wp-json\/wp\/v2\/pwb-brand?post=37155"},{"taxonomy":"product_brand","embeddable":true,"href":"https:\/\/gopinkish.com\/fr\/wp-json\/wp\/v2\/product_brand?post=37155"},{"taxonomy":"product_cat","embeddable":true,"href":"https:\/\/gopinkish.com\/fr\/wp-json\/wp\/v2\/product_cat?post=37155"},{"taxonomy":"product_tag","embeddable":true,"href":"https:\/\/gopinkish.com\/fr\/wp-json\/wp\/v2\/product_tag?post=37155"}],"curies":[{"name":"wp","href":"https:\/\/api.w.org\/{rel}","templated":true}]}}