{"id":37153,"date":"2026-03-08T22:25:48","date_gmt":"2026-03-08T21:25:48","guid":{"rendered":"https:\/\/gopinkish.com\/?post_type=product&#038;p=37153"},"modified":"2026-03-08T22:28:00","modified_gmt":"2026-03-08T21:28:00","slug":"3600551119731","status":"publish","type":"product","link":"https:\/\/gopinkish.com\/fr\/produit\/3600551119731\/","title":{"rendered":"Cr\u00e8me de douche au parfum de chocolat, un souvenir d'enfance"},"content":{"rendered":"<p style=\"text-align: justify;\">Douceurs d'Enfance au Parfum Patachoc de DOP est une cr\u00e8me de douche fran\u00e7aise au parfum de chocolat inspir\u00e9e des doux souvenirs d'enfance. Sa formule cr\u00e9meuse et douce nettoie le corps en douceur et apporte un parfum chaud et r\u00e9confortant de chocolat pour une exp\u00e9rience de bain agr\u00e9able et nostalgique.<\/p>\n<p><strong>Principaux ingr\u00e9dients et caract\u00e9ristiques<\/strong><\/p>\n<ul>\n<li>Patashuk Chocolat Eau de Parfum<\/li>\n<li>Formule cr\u00e9meuse, respectueuse de la peau<\/li>\n<li>Base lavante douce et non dess\u00e9chante<\/li>\n<li>Fabriqu\u00e9 en France avec une grande qualit\u00e9<\/li>\n<\/ul>\n<p><strong>Principales caract\u00e9ristiques et avantages<\/strong><\/p>\n<ul>\n<li>Nettoie en douceur le corps avec un parfum distinctif de chocolat<\/li>\n<li>Un bain agr\u00e9able au parfum d'enfance<\/li>\n<li>Une cr\u00e8me riche qui ne laisse pas la peau s\u00e8che<\/li>\n<li>Convient \u00e0 toute la famille<\/li>\n<\/ul>\n<p style=\"text-align: center;\">\ud83c\uddec\ud83c\udde7 DOP - Douceur de l'enfance Cr\u00e8me de douche Patachoc Chocolat<\/p>\n<p style=\"text-align: center;\">\ud83c\uddeb\ud83c\uddf7 DOP - Douche Cr\u00e8me Douceurs d'Enfance au Parfum Patachoc<\/p>","protected":false},"excerpt":{"rendered":"<p>\u0645\u0646\u062a\u062c Douceurs d&#8217;Enfance au Parfum Patachoc \u0645\u0646 DOP \u0647\u0648 \u0643\u0631\u064a\u0645 \u0627\u0633\u062a\u062d\u0645\u0627\u0645 \u0641\u0631\u0646\u0633\u064a \u0628\u0639\u0637\u0631 \u0627\u0644\u0634\u0648\u0643\u0648\u0644\u0627\u062a\u0629 \u0627\u0644\u0645\u0633\u062a\u0648\u062d\u0649 \u0645\u0646 \u0630\u0643\u0631\u064a\u0627\u062a \u0627\u0644\u0637\u0641\u0648\u0644\u0629 \u0627\u0644\u062d\u0644\u0648\u0629. \u064a\u062a\u0645\u064a\u0632 \u0628\u062a\u0631\u0643\u064a\u0628\u062a\u0647 \u0627\u0644\u0643\u0631\u064a\u0645\u064a\u0629 \u0627\u0644\u0644\u0637\u064a\u0641\u0629 \u0627\u0644\u062a\u064a \u062a\u0646\u0638\u0641 \u0627\u0644\u062c\u0633\u0645 \u0628\u0646\u0639\u0648\u0645\u0629 \u0648\u062a\u0645\u0646\u062d \u0631\u0627\u0626\u062d\u0629 \u0627\u0644\u0634\u0648\u0643\u0648\u0644\u0627\u062a\u0629 \u0627\u0644\u062f\u0627\u0641\u0626\u0629 \u0648\u0627\u0644\u0645\u0631\u064a\u062d\u0629 \u0644\u062a\u062c\u0631\u0628\u0629 \u0627\u0633\u062a\u062d\u0645\u0627\u0645 \u0645\u0645\u062a\u0639\u0629 \u0648\u062d\u0646\u064a\u0646\u064a\u0629. \u0627\u0644\u0645\u0643\u0648\u0646\u0627\u062a \u0648\u0627\u0644\u062e\u0635\u0627\u0626\u0635 \u0627\u0644\u0631\u0626\u064a\u0633\u064a\u0629 \u0639\u0637\u0631 \u0628\u0627\u062a\u0627\u0634\u0648\u0643 \u0628\u0627\u0644\u0634\u0648\u0643\u0648\u0644\u0627\u062a\u0629 \u0627\u0644\u0645\u0645\u064a\u0632 \u062a\u0631\u0643\u064a\u0628\u0629 \u0643\u0631\u064a\u0645\u064a\u0629 \u0644\u0637\u064a\u0641\u0629 \u0639\u0644\u0649 \u0627\u0644\u0628\u0634\u0631\u0629 \u0642\u0627\u0639\u062f\u0629 \u062a\u0646\u0638\u064a\u0641 \u0646\u0627\u0639\u0645\u0629 \u0644\u0627 \u062a\u062c\u0641\u0641 \u0627\u0644\u0628\u0634\u0631\u0629 \u0635\u0646\u0639 [&hellip;]<\/p>\n","protected":false},"featured_media":37096,"template":"","meta":[],"pwb-brand":[1397],"product_brand":[],"product_cat":[1138],"product_tag":[693],"class_list":{"0":"post-37153","1":"product","2":"type-product","3":"status-publish","4":"has-post-thumbnail","6":"pwb-brand-dop","7":"product_cat-bath-and-shower","8":"product_tag-cleansing","10":"first","11":"instock","12":"shipping-taxable","13":"purchasable","14":"product-type-variable","15":"has-default-attributes","16":"wvs-archive-product-wrapper"},"brands":[{"id":1397,"name":"DOP","slug":"dop"}],"_links":{"self":[{"href":"https:\/\/gopinkish.com\/fr\/wp-json\/wp\/v2\/product\/37153","targetHints":{"allow":["GET"]}}],"collection":[{"href":"https:\/\/gopinkish.com\/fr\/wp-json\/wp\/v2\/product"}],"about":[{"href":"https:\/\/gopinkish.com\/fr\/wp-json\/wp\/v2\/types\/product"}],"wp:featuredmedia":[{"embeddable":true,"href":"https:\/\/gopinkish.com\/fr\/wp-json\/wp\/v2\/media\/37096"}],"wp:attachment":[{"href":"https:\/\/gopinkish.com\/fr\/wp-json\/wp\/v2\/media?parent=37153"}],"wp:term":[{"taxonomy":"pwb-brand","embeddable":true,"href":"https:\/\/gopinkish.com\/fr\/wp-json\/wp\/v2\/pwb-brand?post=37153"},{"taxonomy":"product_brand","embeddable":true,"href":"https:\/\/gopinkish.com\/fr\/wp-json\/wp\/v2\/product_brand?post=37153"},{"taxonomy":"product_cat","embeddable":true,"href":"https:\/\/gopinkish.com\/fr\/wp-json\/wp\/v2\/product_cat?post=37153"},{"taxonomy":"product_tag","embeddable":true,"href":"https:\/\/gopinkish.com\/fr\/wp-json\/wp\/v2\/product_tag?post=37153"}],"curies":[{"name":"wp","href":"https:\/\/api.w.org\/{rel}","templated":true}]}}