{"id":37147,"date":"2026-03-08T22:25:43","date_gmt":"2026-03-08T21:25:43","guid":{"rendered":"https:\/\/gopinkish.com\/?post_type=product&#038;p=37147"},"modified":"2026-03-08T22:29:00","modified_gmt":"2026-03-08T21:29:00","slug":"4015100201611","status":"publish","type":"product","link":"https:\/\/gopinkish.com\/fr\/produit\/4015100201611\/","title":{"rendered":"Cr\u00e8me de nuit anti-\u00e2ge nourrissante et liftante"},"content":{"rendered":"<p style=\"text-align: justify;\">LIFT+ NUTRI LIFTING ANTI AGE NIGHT CREAM de Diadermine est une cr\u00e8me de nuit anti-\u00e2ge de la gamme avanc\u00e9e LIFT+. Enrichie en principes actifs, elle retend la peau et minimise l'apparence des rides et ridules, redonnant jeunesse, fra\u00eecheur et vitalit\u00e9 aux peaux matures.<\/p>\n<p><strong>Principaux ingr\u00e9dients et caract\u00e9ristiques<\/strong><\/p>\n<ul>\n<li>Technique du lifting pour lutter contre le rel\u00e2chement cutan\u00e9<\/li>\n<li>Les ingr\u00e9dients anti-rides repoussent les ridules.<\/li>\n<li>Hydratants intenses pour nourrir les peaux matures<\/li>\n<li>Une formule riche qui restaure l'\u00e9lasticit\u00e9 et la vitalit\u00e9 de la peau<\/li>\n<\/ul>\n<p><strong>Principales caract\u00e9ristiques et avantages<\/strong><\/p>\n<ul>\n<li>R\u00e9duit l'apparence des rides et des ridules<\/li>\n<li>Raffermit la peau et am\u00e9liore son \u00e9lasticit\u00e9 et sa souplesse<\/li>\n<li>Hydrate et nourrit en profondeur les peaux matures<\/li>\n<li>R\u00e9sultats visibles avec une utilisation r\u00e9guli\u00e8re<\/li>\n<\/ul>\n<p style=\"text-align: center;\">\ud83c\uddec\ud83c\udde7 Diadermine - LIFT+ NUTRI LIFTING ANTI AGE NACHT<\/p>\n<p style=\"text-align: center;\">\ud83c\uddeb\ud83c\uddf7 Diadermine - LIFT+ NUTRI LIFTING ANTI AGE NACHT<\/p>","protected":false},"excerpt":{"rendered":"<p>\u0645\u0646\u062a\u062c LIFT+ NUTRI LIFTING ANTI AGE NACHT \u0645\u0646 Diadermine \u0647\u0648 \u0643\u0631\u064a\u0645 \u0644\u064a\u0644\u064a \u0645\u0636\u0627\u062f \u0644\u0644\u0634\u064a\u062e\u0648\u062e\u0629 \u0645\u0646 \u0645\u062c\u0645\u0648\u0639\u0629 \u0644\u064a\u0641\u062a+ \u0627\u0644\u0645\u062a\u0642\u062f\u0645\u0629. \u064a\u0639\u0645\u0644 \u0639\u0644\u0649 \u0634\u062f \u0627\u0644\u0628\u0634\u0631\u0629 \u0648\u062a\u0642\u0644\u064a\u0644 \u0645\u0638\u0647\u0631 \u0627\u0644\u062a\u062c\u0627\u0639\u064a\u062f \u0648\u0627\u0644\u062e\u0637\u0648\u0637 \u0627\u0644\u062f\u0642\u064a\u0642\u0629 \u0628\u062a\u0631\u0643\u064a\u0628\u0629 \u063a\u0646\u064a\u0629 \u0628\u0645\u0643\u0648\u0646\u0627\u062a \u0641\u0639\u0627\u0644\u0629 \u062a\u0639\u064a\u062f \u0644\u0644\u0628\u0634\u0631\u0629 \u0627\u0644\u0646\u0627\u0636\u062c\u0629 \u0634\u0628\u0627\u0628\u0647\u0627 \u0648\u0646\u0636\u0627\u0631\u062a\u0647\u0627 \u0648\u062d\u064a\u0648\u064a\u062a\u0647\u0627. \u0627\u0644\u0645\u0643\u0648\u0646\u0627\u062a \u0648\u0627\u0644\u062e\u0635\u0627\u0626\u0635 \u0627\u0644\u0631\u0626\u064a\u0633\u064a\u0629 \u062a\u0642\u0646\u064a\u0629 \u0627\u0644\u0631\u0641\u0639 \u0648\u0627\u0644\u0634\u062f \u0644\u0645\u062d\u0627\u0631\u0628\u0629 \u062a\u0631\u0647\u0644 \u0627\u0644\u0628\u0634\u0631\u0629 \u0645\u0643\u0648\u0646\u0627\u062a \u0645\u0636\u0627\u062f\u0629 \u0644\u0644\u062a\u062c\u0627\u0639\u064a\u062f \u062a\u0645\u0644\u0623 \u0627\u0644\u062e\u0637\u0648\u0637 \u0627\u0644\u062f\u0642\u064a\u0642\u0629 \u0645\u0631\u0637\u0628\u0627\u062a \u0645\u0643\u062b\u0641\u0629 \u0644\u062a\u063a\u0630\u064a\u0629 [&hellip;]<\/p>\n","protected":false},"featured_media":37093,"template":"","meta":[],"pwb-brand":[254],"product_brand":[],"product_cat":[1227,1121],"product_tag":[672,697,676,1013,703],"class_list":{"0":"post-37147","1":"product","2":"type-product","3":"status-publish","4":"has-post-thumbnail","6":"pwb-brand-diadermine","7":"product_cat-face-renew","8":"product_cat-face-moist","9":"product_tag-wrinkles","10":"product_tag-moisturizing","11":"product_tag-lift","12":"product_tag-1013","13":"product_tag-nightcream","15":"first","16":"instock","17":"shipping-taxable","18":"purchasable","19":"product-type-variable","20":"has-default-attributes","21":"wvs-archive-product-wrapper"},"brands":[{"id":254,"name":"Diadermine","slug":"diadermine"}],"_links":{"self":[{"href":"https:\/\/gopinkish.com\/fr\/wp-json\/wp\/v2\/product\/37147","targetHints":{"allow":["GET"]}}],"collection":[{"href":"https:\/\/gopinkish.com\/fr\/wp-json\/wp\/v2\/product"}],"about":[{"href":"https:\/\/gopinkish.com\/fr\/wp-json\/wp\/v2\/types\/product"}],"wp:featuredmedia":[{"embeddable":true,"href":"https:\/\/gopinkish.com\/fr\/wp-json\/wp\/v2\/media\/37093"}],"wp:attachment":[{"href":"https:\/\/gopinkish.com\/fr\/wp-json\/wp\/v2\/media?parent=37147"}],"wp:term":[{"taxonomy":"pwb-brand","embeddable":true,"href":"https:\/\/gopinkish.com\/fr\/wp-json\/wp\/v2\/pwb-brand?post=37147"},{"taxonomy":"product_brand","embeddable":true,"href":"https:\/\/gopinkish.com\/fr\/wp-json\/wp\/v2\/product_brand?post=37147"},{"taxonomy":"product_cat","embeddable":true,"href":"https:\/\/gopinkish.com\/fr\/wp-json\/wp\/v2\/product_cat?post=37147"},{"taxonomy":"product_tag","embeddable":true,"href":"https:\/\/gopinkish.com\/fr\/wp-json\/wp\/v2\/product_tag?post=37147"}],"curies":[{"name":"wp","href":"https:\/\/api.w.org\/{rel}","templated":true}]}}