{"id":37133,"date":"2026-03-08T22:25:39","date_gmt":"2026-03-08T21:25:39","guid":{"rendered":"https:\/\/gopinkish.com\/?post_type=product&#038;p=37133"},"modified":"2026-04-04T13:13:57","modified_gmt":"2026-04-04T12:13:57","slug":"8710522415702","status":"publish","type":"product","link":"https:\/\/gopinkish.com\/fr\/produit\/8710522415702\/","title":{"rendered":"Cr\u00e8me mains anti-\u00e2ge pour peaux matures"},"content":{"rendered":"<p style=\"text-align: justify;\">Dove Body Love Pro Age Care Hand Cream est une cr\u00e8me pour les mains sp\u00e9cialement formul\u00e9e pour les peaux matures. Elle contient des ingr\u00e9dients anti-\u00e2ge qui hydratent les mains en profondeur et am\u00e9liorent l'aspect de la peau s\u00e8che et rel\u00e2ch\u00e9e tout en minimisant l'apparence des signes de vieillissement sur les mains.<\/p>\n<p><strong>Principaux ingr\u00e9dients et caract\u00e9ristiques<\/strong><\/p>\n<ul>\n<li>Formule anti-\u00e2ge pour les peaux matures<\/li>\n<li>Hydratants intensifs pour une hydratation en profondeur des mains<\/li>\n<li>Ingr\u00e9dients qui am\u00e9liorent l'\u00e9lasticit\u00e9 et l'apparence de la peau<\/li>\n<li>Texture riche et cr\u00e9meuse qui p\u00e9n\u00e8tre rapidement<\/li>\n<\/ul>\n<p><strong>Principales caract\u00e9ristiques et avantages<\/strong><\/p>\n<ul>\n<li>Hydrate en profondeur les mains s\u00e8ches et matures<\/li>\n<li>Am\u00e9liore l'aspect de la peau et r\u00e9duit les signes de vieillissement<\/li>\n<li>Absorbe rapidement sans laisser de sensation de gras<\/li>\n<li>Convient pour une utilisation fr\u00e9quente tout au long de la journ\u00e9e<\/li>\n<\/ul>\n<p style=\"text-align: center;\">\ud83c\uddec\ud83c\udde7 Dove - Body Love Pro Age Care Hand Cream for Mature Skin (Cr\u00e8me pour les mains pour les peaux matures)<\/p>\n<p style=\"text-align: center;\">\ud83c\uddeb\ud83c\uddf7 Dove - Body Love Pro Age Cr\u00e8me Mains pour Peaux Matures<\/p>","protected":false},"excerpt":{"rendered":"<p>\u0645\u0646\u062a\u062c Body Love Pro Age Care Hand Cream \u0645\u0646 Dove \u0647\u0648 \u0643\u0631\u064a\u0645 \u064a\u062f\u064a\u0646 \u0645\u0635\u0645\u0645 \u062e\u0635\u064a\u0635\u0627 \u0644\u0644\u0628\u0634\u0631\u0629 \u0627\u0644\u0646\u0627\u0636\u062c\u0629. \u064a\u062d\u062a\u0648\u064a \u0639\u0644\u0649 \u0645\u0643\u0648\u0646\u0627\u062a \u0645\u0636\u0627\u062f\u0629 \u0644\u0644\u0634\u064a\u062e\u0648\u062e\u0629 \u062a\u0639\u0645\u0644 \u0639\u0644\u0649 \u062a\u0631\u0637\u064a\u0628 \u0627\u0644\u064a\u062f\u064a\u0646 \u0628\u0639\u0645\u0642 \u0648\u062a\u062d\u0633\u064a\u0646 \u0645\u0638\u0647\u0631 \u0627\u0644\u0628\u0634\u0631\u0629 \u0627\u0644\u0645\u062a\u0631\u0647\u0644\u0629 \u0648\u0627\u0644\u062c\u0627\u0641\u0629 \u0645\u0639 \u062a\u0642\u0644\u064a\u0644 \u0645\u0638\u0647\u0631 \u0639\u0644\u0627\u0645\u0627\u062a \u0627\u0644\u062a\u0642\u062f\u0645 \u0641\u064a \u0627\u0644\u0633\u0646 \u0639\u0644\u0649 \u0627\u0644\u064a\u062f\u064a\u0646. \u0627\u0644\u0645\u0643\u0648\u0646\u0627\u062a \u0648\u0627\u0644\u062e\u0635\u0627\u0626\u0635 \u0627\u0644\u0631\u0626\u064a\u0633\u064a\u0629 \u062a\u0631\u0643\u064a\u0628\u0629 \u0645\u0636\u0627\u062f\u0629 \u0644\u0644\u0634\u064a\u062e\u0648\u062e\u0629 \u0644\u0644\u0628\u0634\u0631\u0629 \u0627\u0644\u0646\u0627\u0636\u062c\u0629 \u0645\u0631\u0637\u0628\u0627\u062a \u0645\u0643\u062b\u0641\u0629 \u0644\u062a\u0631\u0637\u064a\u0628 \u0639\u0645\u064a\u0642 \u0644\u0644\u064a\u062f\u064a\u0646 \u0645\u0643\u0648\u0646\u0627\u062a [&hellip;]<\/p>\n","protected":false},"featured_media":37077,"template":"","meta":[],"pwb-brand":[466],"product_brand":[],"product_cat":[1139],"product_tag":[672,697,1013],"class_list":{"0":"post-37133","1":"product","2":"type-product","3":"status-publish","4":"has-post-thumbnail","6":"pwb-brand-dove","7":"product_cat-hands-care","8":"product_tag-wrinkles","9":"product_tag-moisturizing","10":"product_tag-1013","12":"first","13":"instock","14":"shipping-taxable","15":"purchasable","16":"product-type-variable","17":"has-default-attributes","18":"wvs-archive-product-wrapper"},"brands":[{"id":466,"name":"Dove","slug":"colombe"}],"_links":{"self":[{"href":"https:\/\/gopinkish.com\/fr\/wp-json\/wp\/v2\/product\/37133","targetHints":{"allow":["GET"]}}],"collection":[{"href":"https:\/\/gopinkish.com\/fr\/wp-json\/wp\/v2\/product"}],"about":[{"href":"https:\/\/gopinkish.com\/fr\/wp-json\/wp\/v2\/types\/product"}],"wp:featuredmedia":[{"embeddable":true,"href":"https:\/\/gopinkish.com\/fr\/wp-json\/wp\/v2\/media\/37077"}],"wp:attachment":[{"href":"https:\/\/gopinkish.com\/fr\/wp-json\/wp\/v2\/media?parent=37133"}],"wp:term":[{"taxonomy":"pwb-brand","embeddable":true,"href":"https:\/\/gopinkish.com\/fr\/wp-json\/wp\/v2\/pwb-brand?post=37133"},{"taxonomy":"product_brand","embeddable":true,"href":"https:\/\/gopinkish.com\/fr\/wp-json\/wp\/v2\/product_brand?post=37133"},{"taxonomy":"product_cat","embeddable":true,"href":"https:\/\/gopinkish.com\/fr\/wp-json\/wp\/v2\/product_cat?post=37133"},{"taxonomy":"product_tag","embeddable":true,"href":"https:\/\/gopinkish.com\/fr\/wp-json\/wp\/v2\/product_tag?post=37133"}],"curies":[{"name":"wp","href":"https:\/\/api.w.org\/{rel}","templated":true}]}}