{"id":37036,"date":"2026-03-08T21:27:06","date_gmt":"2026-03-08T20:27:06","guid":{"rendered":"https:\/\/gopinkish.com\/?post_type=product&#038;p=37036"},"modified":"2026-04-01T18:42:07","modified_gmt":"2026-04-01T17:42:07","slug":"7612076455054","status":"publish","type":"product","link":"https:\/\/gopinkish.com\/fr\/produit\/7612076455054\/","title":{"rendered":"Cr\u00e8me solaire ultra-protectrice pour les peaux sensibles"},"content":{"rendered":"<p style=\"text-align: justify;\">Daylong SPF50+ Sensitive de Daylong est un \u00e9cran solaire \u00e0 tr\u00e8s haute protection con\u00e7u pour les peaux sensibles. Elle offre une protection \u00e0 large spectre contre les rayons UVA et UVB avec un FPS 50+ et une formule douce qui convient aux peaux sensibles et r\u00e9actives sans provoquer d'irritation ou de r\u00e9action allergique.<\/p>\n<p><strong>Principaux ingr\u00e9dients et caract\u00e9ristiques<\/strong><\/p>\n<ul>\n<li>Puissant SPF 50<\/li>\n<li>Protection \u00e0 large spectre contre les UVA et les UVB<\/li>\n<li>Une formule douce con\u00e7ue pour les peaux sensibles<\/li>\n<li>Imperm\u00e9able pour une protection continue<\/li>\n<\/ul>\n<p><strong>Principales caract\u00e9ristiques et avantages<\/strong><\/p>\n<ul>\n<li>Protection sup\u00e9rieure contre les rayons nocifs du soleil<\/li>\n<li>Convient aux peaux sensibles et r\u00e9actives<\/li>\n<li>R\u00e9sistant \u00e0 l'eau et \u00e0 la sueur pour une protection plus longue<\/li>\n<li>Ne provoque pas d'irritation de la peau ni de r\u00e9actions allergiques<\/li>\n<\/ul>\n<p style=\"text-align: center;\">\ud83c\uddec\ud83c\udde7 Daylong - SPF50+ Tr\u00e8s Haute Protection Sensitive<\/p>\n<p style=\"text-align: center;\">\ud83c\uddeb\ud83c\uddf7 Daylong - SPF50+ Tr\u00e8s Haute Protection Sensitive<\/p>","protected":false},"excerpt":{"rendered":"<p>\u0645\u0646\u062a\u062c Daylong SPF50+ Sensitive \u0645\u0646 Daylong \u0647\u0648 \u0648\u0627\u0642\u064a \u0634\u0645\u0633 \u0628\u062d\u0645\u0627\u064a\u0629 \u0641\u0627\u0626\u0642\u0629 \u062c\u062f\u0627 \u0645\u0635\u0645\u0645 \u0644\u0644\u0628\u0634\u0631\u0629 \u0627\u0644\u062d\u0633\u0627\u0633\u0629. \u064a\u0648\u0641\u0631 \u062d\u0645\u0627\u064a\u0629 \u0648\u0627\u0633\u0639\u0629 \u0627\u0644\u0637\u064a\u0641 \u0636\u062f \u0623\u0634\u0639\u0629 UVA \u0648UVB \u0628\u0639\u0627\u0645\u0644 \u062d\u0645\u0627\u064a\u0629 50+ \u0645\u0639 \u062a\u0631\u0643\u064a\u0628\u0629 \u0644\u0637\u064a\u0641\u0629 \u062a\u0646\u0627\u0633\u0628 \u0627\u0644\u0628\u0634\u0631\u0629 \u0627\u0644\u062d\u0633\u0627\u0633\u0629 \u0648\u0627\u0644\u0645\u062a\u0641\u0627\u0639\u0644\u0629 \u062f\u0648\u0646 \u0627\u0644\u062a\u0633\u0628\u0628 \u0641\u064a \u062a\u0647\u064a\u062c \u0623\u0648 \u0631\u062f\u0648\u062f \u0641\u0639\u0644 \u062a\u062d\u0633\u0633\u064a\u0629. \u0627\u0644\u0645\u0643\u0648\u0646\u0627\u062a \u0648\u0627\u0644\u062e\u0635\u0627\u0626\u0635 \u0627\u0644\u0631\u0626\u064a\u0633\u064a\u0629 \u0639\u0627\u0645\u0644 \u062d\u0645\u0627\u064a\u0629 SPF 50+ \u0641\u0627\u0626\u0642 \u0627\u0644\u0642\u0648\u0629 \u062d\u0645\u0627\u064a\u0629 \u0648\u0627\u0633\u0639\u0629 \u0627\u0644\u0637\u064a\u0641 \u0636\u062f UVA [&hellip;]<\/p>\n","protected":false},"featured_media":36969,"template":"","meta":[],"pwb-brand":[265],"product_brand":[],"product_cat":[1145],"product_tag":[688,717],"class_list":{"0":"post-37036","1":"product","2":"type-product","3":"status-publish","4":"has-post-thumbnail","6":"pwb-brand-daylong","7":"product_cat-body-sunscreen","8":"product_tag-sensitive","9":"product_tag-717","11":"first","12":"instock","13":"shipping-taxable","14":"purchasable","15":"product-type-variable","16":"has-default-attributes","17":"wvs-archive-product-wrapper"},"brands":[{"id":265,"name":"Dai Long","slug":"toute-la-journee"}],"_links":{"self":[{"href":"https:\/\/gopinkish.com\/fr\/wp-json\/wp\/v2\/product\/37036","targetHints":{"allow":["GET"]}}],"collection":[{"href":"https:\/\/gopinkish.com\/fr\/wp-json\/wp\/v2\/product"}],"about":[{"href":"https:\/\/gopinkish.com\/fr\/wp-json\/wp\/v2\/types\/product"}],"wp:featuredmedia":[{"embeddable":true,"href":"https:\/\/gopinkish.com\/fr\/wp-json\/wp\/v2\/media\/36969"}],"wp:attachment":[{"href":"https:\/\/gopinkish.com\/fr\/wp-json\/wp\/v2\/media?parent=37036"}],"wp:term":[{"taxonomy":"pwb-brand","embeddable":true,"href":"https:\/\/gopinkish.com\/fr\/wp-json\/wp\/v2\/pwb-brand?post=37036"},{"taxonomy":"product_brand","embeddable":true,"href":"https:\/\/gopinkish.com\/fr\/wp-json\/wp\/v2\/product_brand?post=37036"},{"taxonomy":"product_cat","embeddable":true,"href":"https:\/\/gopinkish.com\/fr\/wp-json\/wp\/v2\/product_cat?post=37036"},{"taxonomy":"product_tag","embeddable":true,"href":"https:\/\/gopinkish.com\/fr\/wp-json\/wp\/v2\/product_tag?post=37036"}],"curies":[{"name":"wp","href":"https:\/\/api.w.org\/{rel}","templated":true}]}}