{"id":37034,"date":"2026-03-08T21:27:05","date_gmt":"2026-03-08T20:27:05","guid":{"rendered":"https:\/\/gopinkish.com\/?post_type=product&#038;p=37034"},"modified":"2026-03-08T22:32:45","modified_gmt":"2026-03-08T21:32:45","slug":"9005800321240","status":"publish","type":"product","link":"https:\/\/gopinkish.com\/fr\/produit\/9005800321240\/","title":{"rendered":"Shampoing, apr\u00e8s-shampoing et gel douche 3 en 1 pour enfants aux baies"},"content":{"rendered":"<p style=\"text-align: justify;\">Nivea's Kids 3in1 Shower, Shampoo &amp; Conditioner est un produit multi-usages pour b\u00e9b\u00e9s qui combine shampooing, conditionneur et gel douche en une seule formule douce. Avec son parfum magique de framboise que les enfants adorent, il nettoie en profondeur les cheveux et le corps, tout en facilitant le peignage et en \u00e9vitant les larmes.<\/p>\n<p><strong>Principaux ingr\u00e9dients et caract\u00e9ristiques<\/strong><\/p>\n<ul>\n<li>Formule 3-en-1 tout-en-un pour les cheveux et le corps<\/li>\n<li>Ne larmoie pas et convient aux yeux sensibles des enfants<\/li>\n<li>Un conditionneur int\u00e9gr\u00e9 qui facilite le peignage et pr\u00e9vient les enchev\u00eatrements.<\/li>\n<li>Le parfum de baies magiques est tr\u00e8s appr\u00e9ci\u00e9 des enfants.<\/li>\n<\/ul>\n<p><strong>Principales caract\u00e9ristiques et avantages<\/strong><\/p>\n<ul>\n<li>Un produit en remplace trois pour gagner du temps<\/li>\n<li>Nettoie en douceur les cheveux et le corps<\/li>\n<li>Facilite le coiffage apr\u00e8s la douche<\/li>\n<li>Grand conditionnement \u00e9conomique de 500 ml pour un usage fr\u00e9quent<\/li>\n<\/ul>\n<p style=\"text-align: center;\">\ud83c\uddec\ud83c\udde7 Nivea - Kids 3in1 Douche, shampooing et apr\u00e8s-shampooing Magic Berry Scent<\/p>\n<p style=\"text-align: center;\">\ud83c\uddeb\ud83c\uddf7 Nivea - Kids 3en1 Douche, Shampooing &amp; Apr\u00e8s-Shampooing Baies Magiques<\/p>","protected":false},"excerpt":{"rendered":"<p>\u0645\u0646\u062a\u062c Kids 3in1 Shower, Shampoo &amp; Conditioner \u0645\u0646 Nivea \u0647\u0648 \u0645\u0646\u062a\u062c \u0645\u062a\u0639\u062f\u062f \u0627\u0644\u0627\u0633\u062a\u062e\u062f\u0627\u0645\u0627\u062a \u0644\u0644\u0623\u0637\u0641\u0627\u0644 \u064a\u062c\u0645\u0639 \u0628\u064a\u0646 \u0627\u0644\u0634\u0627\u0645\u0628\u0648 \u0648\u0627\u0644\u0628\u0644\u0633\u0645 \u0648\u062c\u0644 \u0627\u0644\u0627\u0633\u062a\u062d\u0645\u0627\u0645 \u0641\u064a \u062a\u0631\u0643\u064a\u0628\u0629 \u0648\u0627\u062d\u062f\u0629 \u0644\u0637\u064a\u0641\u0629. \u0628\u0639\u0637\u0631 \u0627\u0644\u062a\u0648\u062a \u0627\u0644\u0633\u062d\u0631\u064a \u0627\u0644\u0645\u062d\u0628\u0628 \u0644\u0644\u0623\u0637\u0641\u0627\u0644 \u064a\u0648\u0641\u0631 \u062a\u0646\u0638\u064a\u0641\u0627 \u0634\u0627\u0645\u0644\u0627 \u0644\u0644\u0634\u0639\u0631 \u0648\u0627\u0644\u062c\u0633\u0645 \u0645\u0639 \u062a\u0633\u0647\u064a\u0644 \u0627\u0644\u062a\u0645\u0634\u064a\u0637 \u0648\u0628\u062f\u0648\u0646 \u062f\u0645\u0648\u0639. \u0627\u0644\u0645\u0643\u0648\u0646\u0627\u062a \u0648\u0627\u0644\u062e\u0635\u0627\u0626\u0635 \u0627\u0644\u0631\u0626\u064a\u0633\u064a\u0629 \u062a\u0631\u0643\u064a\u0628\u0629 3 \u0641\u064a 1 \u0634\u0627\u0645\u0644\u0629 \u0644\u0644\u0634\u0639\u0631 \u0648\u0627\u0644\u062c\u0633\u0645 \u0628\u062f\u0648\u0646 \u062f\u0645\u0648\u0639 \u0648\u0645\u0646\u0627\u0633\u0628 \u0644\u0639\u064a\u0648\u0646 \u0627\u0644\u0623\u0637\u0641\u0627\u0644 \u0627\u0644\u062d\u0633\u0627\u0633\u0629 [&hellip;]<\/p>\n","protected":false},"featured_media":36968,"template":"","meta":[],"pwb-brand":[236],"product_brand":[],"product_cat":[1162,1138],"product_tag":[1036,1050],"class_list":{"0":"post-37034","1":"product","2":"type-product","3":"status-publish","4":"has-post-thumbnail","6":"pwb-brand-nivea","7":"product_cat-mom-baby","8":"product_cat-bath-and-shower","9":"product_tag-1036","10":"product_tag-1050","12":"first","13":"instock","14":"shipping-taxable","15":"purchasable","16":"product-type-variable","17":"has-default-attributes","18":"wvs-archive-product-wrapper"},"brands":[{"id":236,"name":"Nivea","slug":"nivea"}],"_links":{"self":[{"href":"https:\/\/gopinkish.com\/fr\/wp-json\/wp\/v2\/product\/37034","targetHints":{"allow":["GET"]}}],"collection":[{"href":"https:\/\/gopinkish.com\/fr\/wp-json\/wp\/v2\/product"}],"about":[{"href":"https:\/\/gopinkish.com\/fr\/wp-json\/wp\/v2\/types\/product"}],"wp:featuredmedia":[{"embeddable":true,"href":"https:\/\/gopinkish.com\/fr\/wp-json\/wp\/v2\/media\/36968"}],"wp:attachment":[{"href":"https:\/\/gopinkish.com\/fr\/wp-json\/wp\/v2\/media?parent=37034"}],"wp:term":[{"taxonomy":"pwb-brand","embeddable":true,"href":"https:\/\/gopinkish.com\/fr\/wp-json\/wp\/v2\/pwb-brand?post=37034"},{"taxonomy":"product_brand","embeddable":true,"href":"https:\/\/gopinkish.com\/fr\/wp-json\/wp\/v2\/product_brand?post=37034"},{"taxonomy":"product_cat","embeddable":true,"href":"https:\/\/gopinkish.com\/fr\/wp-json\/wp\/v2\/product_cat?post=37034"},{"taxonomy":"product_tag","embeddable":true,"href":"https:\/\/gopinkish.com\/fr\/wp-json\/wp\/v2\/product_tag?post=37034"}],"curies":[{"name":"wp","href":"https:\/\/api.w.org\/{rel}","templated":true}]}}