{"id":37024,"date":"2026-03-08T21:27:00","date_gmt":"2026-03-08T20:27:00","guid":{"rendered":"https:\/\/gopinkish.com\/?post_type=product&#038;p=37024"},"modified":"2026-04-12T12:14:59","modified_gmt":"2026-04-12T11:14:59","slug":"8710847904851","status":"publish","type":"product","link":"https:\/\/gopinkish.com\/fr\/produit\/8710847904851\/","title":{"rendered":"D\u00e9odorant Sexy Bokeh avec technologie de mouvement 48 heures"},"content":{"rendered":"<p style=\"text-align: justify;\">Rexona MOTIONSENSE 48H SEXY BOUQUET est un d\u00e9odorant en spray dot\u00e9 d'une technologie de mouvement avanc\u00e9e qui offre une protection de 48 heures contre la transpiration et les odeurs. Il est compos\u00e9 de capsules micro-parfum\u00e9es qui s'activent au fur et \u00e0 mesure des mouvements du corps pour offrir une fra\u00eecheur continue tout au long de la journ\u00e9e, m\u00eame lors d'activit\u00e9s physiques intenses.<\/p>\n<p><strong>Principaux ingr\u00e9dients et caract\u00e9ristiques<\/strong><\/p>\n<ul>\n<li>Technologie du mouvement avec des capsules parfum\u00e9es qui s'activent en cas de mouvement<\/li>\n<li>Protection contre la transpiration et les odeurs pendant 48 heures<\/li>\n<li>Formule antitranspirante efficace et durable<\/li>\n<li>Un parfum frais qui rafra\u00eechit \u00e0 chaque mouvement<\/li>\n<\/ul>\n<p><strong>Principales caract\u00e9ristiques et avantages<\/strong><\/p>\n<ul>\n<li>Protection de 48 heures m\u00eame en cas d'activit\u00e9 intense<\/li>\n<li>Rafra\u00eechissant \u00e0 chaque mouvement gr\u00e2ce \u00e0 la technologie des capsules<\/li>\n<li>Ne laisse pas de taches blanches sur les v\u00eatements<\/li>\n<li>Convient \u00e0 l'usage quotidien et \u00e0 l'activit\u00e9 sportive<\/li>\n<\/ul>\n<p style=\"text-align: center;\">\ud83c\uddec\ud83c\udde7 Rexona - MOTIONSENSE 48H SEXY BOUQUET<\/p>\n<p style=\"text-align: center;\">\ud83c\uddeb\ud83c\uddf7 Rexona - MOTIONSENSE 48H SEXY BOUQUET<\/p>","protected":false},"excerpt":{"rendered":"<p>\u0645\u0646\u062a\u062c MOTIONSENSE 48H SEXY BOUQUET \u0645\u0646 Rexona \u0647\u0648 \u0645\u0632\u064a\u0644 \u0639\u0631\u0642 \u0628\u062e\u0627\u062e \u0628\u062a\u0642\u0646\u064a\u0629 \u0627\u0644\u062d\u0631\u0643\u0629 \u0627\u0644\u0645\u062a\u0642\u062f\u0645\u0629 \u064a\u0648\u0641\u0631 \u062d\u0645\u0627\u064a\u0629 \u0645\u0646 \u0627\u0644\u062a\u0639\u0631\u0642 \u0648\u0627\u0644\u0631\u0648\u0627\u0626\u062d \u0644\u0645\u062f\u0629 48 \u0633\u0627\u0639\u0629. \u064a\u062a\u0645\u064a\u0632 \u0628\u0643\u0628\u0633\u0648\u0644\u0627\u062a \u0645\u0639\u0637\u0631\u0629 \u062f\u0642\u064a\u0642\u0629 \u062a\u0646\u0634\u0637 \u0645\u0639 \u062d\u0631\u0643\u0629 \u0627\u0644\u062c\u0633\u0645 \u0644\u0645\u0646\u062d \u0627\u0646\u062a\u0639\u0627\u0634\u0627 \u0645\u0633\u062a\u0645\u0631\u0627 \u0637\u0648\u0627\u0644 \u0627\u0644\u064a\u0648\u0645 \u062d\u062a\u0649 \u0623\u062b\u0646\u0627\u0621 \u0627\u0644\u0646\u0634\u0627\u0637 \u0627\u0644\u0628\u062f\u0646\u064a \u0627\u0644\u0645\u0643\u062b\u0641. \u0627\u0644\u0645\u0643\u0648\u0646\u0627\u062a \u0648\u0627\u0644\u062e\u0635\u0627\u0626\u0635 \u0627\u0644\u0631\u0626\u064a\u0633\u064a\u0629 \u062a\u0642\u0646\u064a\u0629 \u0627\u0644\u062d\u0631\u0643\u0629 \u0628\u0643\u0628\u0633\u0648\u0644\u0627\u062a \u0645\u0639\u0637\u0631\u0629 \u062a\u0646\u0634\u0637 \u0645\u0639 \u0627\u0644\u062d\u0631\u0643\u0629 \u062d\u0645\u0627\u064a\u0629 \u0645\u0646 \u0627\u0644\u062a\u0639\u0631\u0642 \u0648\u0627\u0644\u0631\u0648\u0627\u0626\u062d \u0644\u0645\u062f\u0629 [&hellip;]<\/p>\n","protected":false},"featured_media":36965,"template":"","meta":[],"pwb-brand":[467],"product_brand":[],"product_cat":[1228],"product_tag":[686],"class_list":{"0":"post-37024","1":"product","2":"type-product","3":"status-publish","4":"has-post-thumbnail","6":"pwb-brand-rexona","7":"product_cat-deodorants","8":"product_tag-deodorant","10":"first","11":"instock","12":"shipping-taxable","13":"purchasable","14":"product-type-variable","15":"has-default-attributes","16":"wvs-archive-product-wrapper"},"brands":[{"id":467,"name":"Rexona","slug":"rexona"}],"_links":{"self":[{"href":"https:\/\/gopinkish.com\/fr\/wp-json\/wp\/v2\/product\/37024","targetHints":{"allow":["GET"]}}],"collection":[{"href":"https:\/\/gopinkish.com\/fr\/wp-json\/wp\/v2\/product"}],"about":[{"href":"https:\/\/gopinkish.com\/fr\/wp-json\/wp\/v2\/types\/product"}],"wp:featuredmedia":[{"embeddable":true,"href":"https:\/\/gopinkish.com\/fr\/wp-json\/wp\/v2\/media\/36965"}],"wp:attachment":[{"href":"https:\/\/gopinkish.com\/fr\/wp-json\/wp\/v2\/media?parent=37024"}],"wp:term":[{"taxonomy":"pwb-brand","embeddable":true,"href":"https:\/\/gopinkish.com\/fr\/wp-json\/wp\/v2\/pwb-brand?post=37024"},{"taxonomy":"product_brand","embeddable":true,"href":"https:\/\/gopinkish.com\/fr\/wp-json\/wp\/v2\/product_brand?post=37024"},{"taxonomy":"product_cat","embeddable":true,"href":"https:\/\/gopinkish.com\/fr\/wp-json\/wp\/v2\/product_cat?post=37024"},{"taxonomy":"product_tag","embeddable":true,"href":"https:\/\/gopinkish.com\/fr\/wp-json\/wp\/v2\/product_tag?post=37024"}],"curies":[{"name":"wp","href":"https:\/\/api.w.org\/{rel}","templated":true}]}}