{"id":37022,"date":"2026-03-08T21:27:00","date_gmt":"2026-03-08T20:27:00","guid":{"rendered":"https:\/\/gopinkish.com\/?post_type=product&#038;p=37022"},"modified":"2026-03-08T22:33:29","modified_gmt":"2026-03-08T21:33:29","slug":"8720181347191","status":"publish","type":"product","link":"https:\/\/gopinkish.com\/fr\/produit\/8720181347191\/","title":{"rendered":"Go Fresh D\u00e9odorant Cr\u00e8me Hydratante 48 heures"},"content":{"rendered":"<p style=\"text-align: justify;\">Dove Moisturising Cream 48h Anti-Perspirant Go Fresh est un d\u00e9odorant en spray qui offre une protection efficace contre la transpiration et les odeurs pendant 48 heures. Il contient un quart de cr\u00e8me hydratante qui prend soin de la peau des aisselles et pr\u00e9vient le dess\u00e8chement et les irritations gr\u00e2ce au parfum frais et \u00e9l\u00e9gant de la cr\u00e8me hydratante Go Fresh.<\/p>\n<p><strong>Principaux ingr\u00e9dients et caract\u00e9ristiques<\/strong><\/p>\n<ul>\n<li>Protection de 48 heures contre la transpiration et les odeurs<\/li>\n<li>Un quart de cr\u00e8me hydratante pour hydrater la peau des aisselles<\/li>\n<li>Go Fresh Cr\u00e8me hydratante Parfum<\/li>\n<li>Formule douce et non irritante<\/li>\n<\/ul>\n<p><strong>Principales caract\u00e9ristiques et avantages<\/strong><\/p>\n<ul>\n<li>Protection anti-transpiration pendant 48 heures<\/li>\n<li>Hydrate la peau des aisselles et pr\u00e9vient le dess\u00e8chement<\/li>\n<li>Un parfum frais et \u00e9l\u00e9gant qui dure toute la journ\u00e9e<\/li>\n<li>Convient \u00e0 une utilisation quotidienne pour les peaux sensibles<\/li>\n<\/ul>\n<p style=\"text-align: center;\">\ud83c\uddec\ud83c\udde7 Dove - Cr\u00e8me hydratante 48h anti-transpirante Go Fresh<\/p>\n<p style=\"text-align: center;\">\ud83c\uddeb\ud83c\uddf7 Dove - Cr\u00e8me hydratante 48h anti-transpirante Go Fresh<\/p>","protected":false},"excerpt":{"rendered":"<p>\u0645\u0646\u062a\u062c Moisturising Cream 48h Anti-Perspirant Go Fresh \u0645\u0646 Dove \u0647\u0648 \u0645\u0632\u064a\u0644 \u0639\u0631\u0642 \u0628\u062e\u0627\u062e \u064a\u0648\u0641\u0631 \u062d\u0645\u0627\u064a\u0629 \u0641\u0639\u0627\u0644\u0629 \u0645\u0646 \u0627\u0644\u062a\u0639\u0631\u0642 \u0648\u0627\u0644\u0631\u0648\u0627\u0626\u062d \u0644\u0645\u062f\u0629 48 \u0633\u0627\u0639\u0629. \u064a\u062d\u062a\u0648\u064a \u0639\u0644\u0649 \u0631\u0628\u0639 \u0643\u0631\u064a\u0645 \u0645\u0631\u0637\u0628 \u064a\u0639\u062a\u0646\u064a \u0628\u0628\u0634\u0631\u0629 \u0627\u0644\u0625\u0628\u0637\u064a\u0646 \u0648\u064a\u0645\u0646\u0639\u0647\u0627 \u0645\u0646 \u0627\u0644\u062c\u0641\u0627\u0641 \u0648\u0627\u0644\u062a\u0647\u064a\u062c \u0645\u0639 \u0639\u0637\u0631 \u062c\u0648 \u0641\u0631\u064a\u0634 \u0628\u0627\u0644\u0643\u0631\u064a\u0645 \u0627\u0644\u0645\u0631\u0637\u0628 \u0627\u0644\u0645\u0646\u0639\u0634 \u0648\u0627\u0644\u0623\u0646\u064a\u0642. \u0627\u0644\u0645\u0643\u0648\u0646\u0627\u062a \u0648\u0627\u0644\u062e\u0635\u0627\u0626\u0635 \u0627\u0644\u0631\u0626\u064a\u0633\u064a\u0629 \u062a\u0642\u0646\u064a\u0629 \u062d\u0645\u0627\u064a\u0629 48 \u0633\u0627\u0639\u0629 \u0645\u0646 \u0627\u0644\u062a\u0639\u0631\u0642 \u0648\u0627\u0644\u0631\u0648\u0627\u0626\u062d \u0631\u0628\u0639 \u0643\u0631\u064a\u0645 \u0645\u0631\u0637\u0628 [&hellip;]<\/p>\n","protected":false},"featured_media":36964,"template":"","meta":[],"pwb-brand":[466],"product_brand":[],"product_cat":[1228],"product_tag":[686],"class_list":{"0":"post-37022","1":"product","2":"type-product","3":"status-publish","4":"has-post-thumbnail","6":"pwb-brand-dove","7":"product_cat-deodorants","8":"product_tag-deodorant","10":"first","11":"instock","12":"shipping-taxable","13":"purchasable","14":"product-type-variable","15":"has-default-attributes","16":"wvs-archive-product-wrapper"},"brands":[{"id":466,"name":"Dove","slug":"colombe"}],"_links":{"self":[{"href":"https:\/\/gopinkish.com\/fr\/wp-json\/wp\/v2\/product\/37022","targetHints":{"allow":["GET"]}}],"collection":[{"href":"https:\/\/gopinkish.com\/fr\/wp-json\/wp\/v2\/product"}],"about":[{"href":"https:\/\/gopinkish.com\/fr\/wp-json\/wp\/v2\/types\/product"}],"wp:featuredmedia":[{"embeddable":true,"href":"https:\/\/gopinkish.com\/fr\/wp-json\/wp\/v2\/media\/36964"}],"wp:attachment":[{"href":"https:\/\/gopinkish.com\/fr\/wp-json\/wp\/v2\/media?parent=37022"}],"wp:term":[{"taxonomy":"pwb-brand","embeddable":true,"href":"https:\/\/gopinkish.com\/fr\/wp-json\/wp\/v2\/pwb-brand?post=37022"},{"taxonomy":"product_brand","embeddable":true,"href":"https:\/\/gopinkish.com\/fr\/wp-json\/wp\/v2\/product_brand?post=37022"},{"taxonomy":"product_cat","embeddable":true,"href":"https:\/\/gopinkish.com\/fr\/wp-json\/wp\/v2\/product_cat?post=37022"},{"taxonomy":"product_tag","embeddable":true,"href":"https:\/\/gopinkish.com\/fr\/wp-json\/wp\/v2\/product_tag?post=37022"}],"curies":[{"name":"wp","href":"https:\/\/api.w.org\/{rel}","templated":true}]}}