{"id":37010,"date":"2026-03-08T21:26:53","date_gmt":"2026-03-08T20:26:53","guid":{"rendered":"https:\/\/gopinkish.com\/?post_type=product&#038;p=37010"},"modified":"2026-04-20T19:30:39","modified_gmt":"2026-04-20T18:30:39","slug":"3600542524261","status":"publish","type":"product","link":"https:\/\/gopinkish.com\/fr\/produit\/3600542524261\/","title":{"rendered":"Nettoyant \u00e0 la vitamine C pour \u00e9claircir la peau terne"},"content":{"rendered":"<p style=\"text-align: justify;\">Le nettoyant clarifiant \u00e0 la vitamine C SkinActive de Garnier est un nettoyant \u00e0 la vitamine C con\u00e7u pour \u00e9claircir la peau terne et d\u00e9color\u00e9e. Il associe un nettoyage en profondeur au pouvoir antioxydant de la vitamine C pour donner \u00e0 la peau un \u00e9clat naturel et une bonne mine \u00e0 chaque utilisation.<\/p>\n<p><strong>Principaux ingr\u00e9dients et caract\u00e9ristiques<\/strong><\/p>\n<ul>\n<li>Vitamine C antioxydante et \u00e9claircissante<\/li>\n<li>Une formule nettoyante qui \u00e9limine les impuret\u00e9s et les cellules mortes<\/li>\n<li>Ingr\u00e9dients purifiants pour am\u00e9liorer l'aspect de la peau<\/li>\n<li>Base de gel moussant doux<\/li>\n<\/ul>\n<p><strong>Principales caract\u00e9ristiques et avantages<\/strong><\/p>\n<ul>\n<li>Nettoie et \u00e9claircit la peau instantan\u00e9ment<\/li>\n<li>\u00c9claircit et unifie progressivement le teint terne.<\/li>\n<li>Elimine efficacement les impuret\u00e9s et la salet\u00e9<\/li>\n<li>Convient \u00e0 une utilisation quotidienne pour tous les types de peau<\/li>\n<\/ul>\n<p style=\"text-align: center;\">\ud83c\uddec\ud83c\udde7 Garnier - Nettoyant clarifiant \u00e0 la vitamine C SkinActive<\/p>\n<p style=\"text-align: center;\">\ud83c\uddeb\ud83c\uddf7 Garnier - SkinActive Nettoyant \u00c9claircissant \u00e0 la Vitamine C<\/p>","protected":false},"excerpt":{"rendered":"<p>\u0645\u0646\u062a\u062c SkinActive Vitamin C Clarifying Wash \u0645\u0646 Garnier \u0647\u0648 \u063a\u0633\u0648\u0644 \u0645\u0646\u0638\u0641 \u0628\u0641\u064a\u062a\u0627\u0645\u064a\u0646 \u0633\u064a \u0645\u0635\u0645\u0645 \u0644\u062a\u0641\u062a\u064a\u062d \u0627\u0644\u0628\u0634\u0631\u0629 \u0627\u0644\u0628\u0627\u0647\u062a\u0629 \u0648\u063a\u064a\u0631 \u0627\u0644\u0645\u0648\u062d\u062f\u0629 \u0627\u0644\u0644\u0648\u0646. \u064a\u062c\u0645\u0639 \u0628\u064a\u0646 \u0627\u0644\u062a\u0646\u0638\u064a\u0641 \u0627\u0644\u0639\u0645\u064a\u0642 \u0648\u0642\u0648\u0629 \u0641\u064a\u062a\u0627\u0645\u064a\u0646 \u0633\u064a \u0627\u0644\u0645\u0636\u0627\u062f\u0629 \u0644\u0644\u0623\u0643\u0633\u062f\u0629 \u0644\u0645\u0646\u062d \u0627\u0644\u0628\u0634\u0631\u0629 \u0625\u0634\u0631\u0627\u0642\u0629 \u0637\u0628\u064a\u0639\u064a\u0629 \u0648\u062a\u0648\u0647\u062c\u0627 \u0635\u062d\u064a\u0627 \u0645\u0639 \u0643\u0644 \u0627\u0633\u062a\u062e\u062f\u0627\u0645. \u0627\u0644\u0645\u0643\u0648\u0646\u0627\u062a \u0648\u0627\u0644\u062e\u0635\u0627\u0626\u0635 \u0627\u0644\u0631\u0626\u064a\u0633\u064a\u0629 \u0641\u064a\u062a\u0627\u0645\u064a\u0646 \u0633\u064a \u0627\u0644\u0645\u0636\u0627\u062f \u0644\u0644\u0623\u0643\u0633\u062f\u0629 \u0648\u0627\u0644\u0645\u0641\u062a\u062d \u062a\u0631\u0643\u064a\u0628\u0629 \u0645\u0646\u0638\u0641\u0629 \u062a\u0632\u064a\u0644 \u0627\u0644\u0634\u0648\u0627\u0626\u0628 \u0648\u0627\u0644\u062e\u0644\u0627\u064a\u0627 \u0627\u0644\u0645\u064a\u062a\u0629 \u0645\u0643\u0648\u0646\u0627\u062a \u0645\u0646\u0642\u064a\u0629 \u0644\u062a\u062d\u0633\u064a\u0646 [&hellip;]<\/p>\n","protected":false},"featured_media":36952,"template":"","meta":[],"pwb-brand":[218],"product_brand":[],"product_cat":[1123,1119],"product_tag":[685,693],"class_list":{"0":"post-37010","1":"product","2":"type-product","3":"status-publish","4":"has-post-thumbnail","6":"pwb-brand-garnier","7":"product_cat-face-bright","8":"product_cat-face-wash","9":"product_tag-brightening","10":"product_tag-cleansing","12":"first","13":"instock","14":"shipping-taxable","15":"purchasable","16":"product-type-variable","17":"has-default-attributes","18":"wvs-archive-product-wrapper"},"brands":[{"id":218,"name":"Garnier","slug":"garnier"}],"_links":{"self":[{"href":"https:\/\/gopinkish.com\/fr\/wp-json\/wp\/v2\/product\/37010","targetHints":{"allow":["GET"]}}],"collection":[{"href":"https:\/\/gopinkish.com\/fr\/wp-json\/wp\/v2\/product"}],"about":[{"href":"https:\/\/gopinkish.com\/fr\/wp-json\/wp\/v2\/types\/product"}],"wp:featuredmedia":[{"embeddable":true,"href":"https:\/\/gopinkish.com\/fr\/wp-json\/wp\/v2\/media\/36952"}],"wp:attachment":[{"href":"https:\/\/gopinkish.com\/fr\/wp-json\/wp\/v2\/media?parent=37010"}],"wp:term":[{"taxonomy":"pwb-brand","embeddable":true,"href":"https:\/\/gopinkish.com\/fr\/wp-json\/wp\/v2\/pwb-brand?post=37010"},{"taxonomy":"product_brand","embeddable":true,"href":"https:\/\/gopinkish.com\/fr\/wp-json\/wp\/v2\/product_brand?post=37010"},{"taxonomy":"product_cat","embeddable":true,"href":"https:\/\/gopinkish.com\/fr\/wp-json\/wp\/v2\/product_cat?post=37010"},{"taxonomy":"product_tag","embeddable":true,"href":"https:\/\/gopinkish.com\/fr\/wp-json\/wp\/v2\/product_tag?post=37010"}],"curies":[{"name":"wp","href":"https:\/\/api.w.org\/{rel}","templated":true}]}}