{"id":37008,"date":"2026-03-08T21:26:48","date_gmt":"2026-03-08T20:26:48","guid":{"rendered":"https:\/\/gopinkish.com\/?post_type=product&#038;p=37008"},"modified":"2026-03-08T22:34:56","modified_gmt":"2026-03-08T21:34:56","slug":"3574661333571","status":"publish","type":"product","link":"https:\/\/gopinkish.com\/fr\/produit\/3574661333571\/","title":{"rendered":"Gel nettoyant \u00e0 l'acide salicylique pour lutter contre les boutons"},"content":{"rendered":"<p style=\"text-align: justify;\">Anti-Boutons Gel Nettoyant de Neutrogena est un gel nettoyant th\u00e9rapeutique \u00e0 base d'acide salicylique con\u00e7u pour les peaux sujettes \u00e0 l'acn\u00e9 et aux boutons. Il p\u00e9n\u00e8tre dans les pores pour \u00e9liminer les impuret\u00e9s et les bact\u00e9ries responsables de l'acn\u00e9 et aide \u00e0 pr\u00e9venir les nouvelles \u00e9ruptions gr\u00e2ce \u00e0 un nettoyage quotidien en douceur.<\/p>\n<p><strong>Principaux ingr\u00e9dients et caract\u00e9ristiques<\/strong><\/p>\n<ul>\n<li>L'acide salicylique exfolie et purifie les pores.<\/li>\n<li>Une formule th\u00e9rapeutique qui cible les bact\u00e9ries responsables de l'acn\u00e9<\/li>\n<li>Base lavante douce et non dess\u00e9chante<\/li>\n<li>Convient aux peaux \u00e0 tendance acn\u00e9ique<\/li>\n<\/ul>\n<p><strong>Principales caract\u00e9ristiques et avantages<\/strong><\/p>\n<ul>\n<li>Combat efficacement les boutons et l'acn\u00e9<\/li>\n<li>Nettoie en profondeur et d\u00e9sincruste les pores<\/li>\n<li>Minimise l'apparition de nouveaux boutons en cas d'utilisation r\u00e9guli\u00e8re<\/li>\n<li>Suffisamment doux pour une utilisation quotidienne<\/li>\n<\/ul>\n<p style=\"text-align: center;\">\ud83c\uddec\ud83c\udde7 Neutrogena - Gel nettoyant anti-taches \u00e0 l'acide salicylique<\/p>\n<p style=\"text-align: center;\">\ud83c\uddeb\ud83c\uddf7 Neutrogena - Anti-Boutons Gel Nettoyant \u00e0 l'Acide Salicylique<\/p>","protected":false},"excerpt":{"rendered":"<p>\u0645\u0646\u062a\u062c Anti-Boutons Gel Nettoyant \u0645\u0646 Neutrogena \u0647\u0648 \u062c\u0644 \u0645\u0646\u0638\u0641 \u0639\u0644\u0627\u062c\u064a \u0628\u062d\u0645\u0636 \u0627\u0644\u0633\u0627\u0644\u064a\u0633\u064a\u0644\u064a\u0643 \u0645\u0635\u0645\u0645 \u0644\u0644\u0628\u0634\u0631\u0629 \u0627\u0644\u0645\u0639\u0631\u0636\u0629 \u0644\u062d\u0628 \u0627\u0644\u0634\u0628\u0627\u0628 \u0648\u0627\u0644\u0628\u062b\u0648\u0631. \u064a\u062e\u062a\u0631\u0642 \u0627\u0644\u0645\u0633\u0627\u0645\u0627\u062a \u0644\u0625\u0632\u0627\u0644\u0629 \u0627\u0644\u0634\u0648\u0627\u0626\u0628 \u0648\u0627\u0644\u0628\u0643\u062a\u064a\u0631\u064a\u0627 \u0627\u0644\u0645\u0633\u0628\u0628\u0629 \u0644\u062d\u0628 \u0627\u0644\u0634\u0628\u0627\u0628 \u0648\u064a\u0633\u0627\u0639\u062f \u0641\u064a \u0645\u0646\u0639 \u0638\u0647\u0648\u0631 \u0628\u062b\u0648\u0631 \u062c\u062f\u064a\u062f\u0629 \u0645\u0639 \u062a\u0646\u0638\u064a\u0641 \u0644\u0637\u064a\u0641 \u064a\u0648\u0645\u064a. \u0627\u0644\u0645\u0643\u0648\u0646\u0627\u062a \u0648\u0627\u0644\u062e\u0635\u0627\u0626\u0635 \u0627\u0644\u0631\u0626\u064a\u0633\u064a\u0629 \u062d\u0645\u0636 \u0627\u0644\u0633\u0627\u0644\u064a\u0633\u064a\u0644\u064a\u0643 \u0627\u0644\u0645\u0642\u0634\u0631 \u0648\u0627\u0644\u0645\u0646\u0642\u064a \u0644\u0644\u0645\u0633\u0627\u0645\u0627\u062a \u062a\u0631\u0643\u064a\u0628\u0629 \u0639\u0644\u0627\u062c\u064a\u0629 \u062a\u0633\u062a\u0647\u062f\u0641 \u0627\u0644\u0628\u0643\u062a\u064a\u0631\u064a\u0627 \u0627\u0644\u0645\u0633\u0628\u0628\u0629 \u0644\u062d\u0628 \u0627\u0644\u0634\u0628\u0627\u0628 \u0642\u0627\u0639\u062f\u0629 \u062a\u0646\u0638\u064a\u0641 \u0644\u0637\u064a\u0641\u0629 \u0644\u0627 [&hellip;]<\/p>\n","protected":false},"featured_media":36950,"template":"","meta":[],"pwb-brand":[458],"product_brand":[],"product_cat":[1119],"product_tag":[673,689,693,683],"class_list":{"0":"post-37008","1":"product","2":"type-product","3":"status-publish","4":"has-post-thumbnail","6":"pwb-brand-neutrogena","7":"product_cat-face-wash","8":"product_tag-pores","9":"product_tag-oily","10":"product_tag-cleansing","11":"product_tag-acne","13":"first","14":"instock","15":"shipping-taxable","16":"purchasable","17":"product-type-variable","18":"has-default-attributes","19":"wvs-archive-product-wrapper"},"brands":[{"id":458,"name":"Neutrogena","slug":"neutrogena"}],"_links":{"self":[{"href":"https:\/\/gopinkish.com\/fr\/wp-json\/wp\/v2\/product\/37008","targetHints":{"allow":["GET"]}}],"collection":[{"href":"https:\/\/gopinkish.com\/fr\/wp-json\/wp\/v2\/product"}],"about":[{"href":"https:\/\/gopinkish.com\/fr\/wp-json\/wp\/v2\/types\/product"}],"wp:featuredmedia":[{"embeddable":true,"href":"https:\/\/gopinkish.com\/fr\/wp-json\/wp\/v2\/media\/36950"}],"wp:attachment":[{"href":"https:\/\/gopinkish.com\/fr\/wp-json\/wp\/v2\/media?parent=37008"}],"wp:term":[{"taxonomy":"pwb-brand","embeddable":true,"href":"https:\/\/gopinkish.com\/fr\/wp-json\/wp\/v2\/pwb-brand?post=37008"},{"taxonomy":"product_brand","embeddable":true,"href":"https:\/\/gopinkish.com\/fr\/wp-json\/wp\/v2\/product_brand?post=37008"},{"taxonomy":"product_cat","embeddable":true,"href":"https:\/\/gopinkish.com\/fr\/wp-json\/wp\/v2\/product_cat?post=37008"},{"taxonomy":"product_tag","embeddable":true,"href":"https:\/\/gopinkish.com\/fr\/wp-json\/wp\/v2\/product_tag?post=37008"}],"curies":[{"name":"wp","href":"https:\/\/api.w.org\/{rel}","templated":true}]}}