{"id":37006,"date":"2026-03-08T21:26:44","date_gmt":"2026-03-08T20:26:44","guid":{"rendered":"https:\/\/gopinkish.com\/?post_type=product&#038;p=37006"},"modified":"2026-04-21T17:45:46","modified_gmt":"2026-04-21T16:45:46","slug":"3574661797670","status":"publish","type":"product","link":"https:\/\/gopinkish.com\/fr\/produit\/3574661797670\/","title":{"rendered":"Gel nettoyant anti-brillance au citron et \u00e0 l'aloe vera"},"content":{"rendered":"<p style=\"text-align: justify;\">Le Gel Nettoyant Anti-Brillance de Neutrogena est un gel nettoyant con\u00e7u pour lutter contre la brillance des peaux grasses gr\u00e2ce \u00e0 l'extrait de citron vert et \u00e0 l'aloe vera. Il nettoie en profondeur et absorbe l'exc\u00e8s de s\u00e9bum pour un aspect mat et frais, tout en gardant la peau hydrat\u00e9e gr\u00e2ce \u00e0 l'aloe vera apaisant.<\/p>\n<p><strong>Principaux ingr\u00e9dients et caract\u00e9ristiques<\/strong><\/p>\n<ul>\n<li>Extrait de citron vert qui obstrue les pores<\/li>\n<li>L'aloe vera apaise et hydrate<\/li>\n<li>La formule anti-brillance absorbe l'exc\u00e8s de s\u00e9bum<\/li>\n<li>Base gel l\u00e9g\u00e8re et rafra\u00eechissante<\/li>\n<\/ul>\n<p><strong>Principales caract\u00e9ristiques et avantages<\/strong><\/p>\n<ul>\n<li>R\u00e9duit efficacement la brillance sur les peaux grasses<\/li>\n<li>Nettoie en profondeur sans dess\u00e9cher la peau<\/li>\n<li>Donne un aspect mat et frais de longue dur\u00e9e<\/li>\n<li>Convient aux peaux grasses et mixtes<\/li>\n<\/ul>\n<p style=\"text-align: center;\">\ud83c\uddec\ud83c\udde7 Neutrogena - Gel nettoyant anti-brillance au citron vert et \u00e0 l'aloe vera<\/p>\n<p style=\"text-align: center;\">\ud83c\uddeb\ud83c\uddf7 Neutrogena - Anti-Brillance Gel Nettoyant au Citron Vert &amp; Aloe Vera<\/p>","protected":false},"excerpt":{"rendered":"<p>\u0645\u0646\u062a\u062c Anti-Brillance Gel Nettoyant \u0645\u0646 Neutrogena \u0647\u0648 \u062c\u0644 \u0645\u0646\u0638\u0641 \u0645\u0635\u0645\u0645 \u0644\u0645\u062d\u0627\u0631\u0628\u0629 \u0644\u0645\u0639\u0627\u0646 \u0627\u0644\u0628\u0634\u0631\u0629 \u0627\u0644\u062f\u0647\u0646\u064a\u0629 \u0628\u0645\u0633\u062a\u062e\u0644\u0635 \u0627\u0644\u0644\u064a\u0645\u0648\u0646 \u0627\u0644\u0623\u062e\u0636\u0631 \u0648\u0627\u0644\u0623\u0644\u0648\u0641\u064a\u0631\u0627. \u064a\u0646\u0638\u0641 \u0627\u0644\u0628\u0634\u0631\u0629 \u0628\u0639\u0645\u0642 \u0648\u064a\u0645\u062a\u0635 \u0627\u0644\u0632\u064a\u0648\u062a \u0627\u0644\u0632\u0627\u0626\u062f\u0629 \u0644\u064a\u0645\u0646\u062d \u0645\u0638\u0647\u0631\u0627 \u0645\u0627\u062a\u064a\u0627 \u0648\u0645\u0646\u0639\u0634\u0627 \u0645\u0639 \u0627\u0644\u062d\u0641\u0627\u0638 \u0639\u0644\u0649 \u062a\u0631\u0637\u064a\u0628 \u0627\u0644\u0628\u0634\u0631\u0629 \u0628\u0641\u0636\u0644 \u0627\u0644\u0623\u0644\u0648\u0641\u064a\u0631\u0627 \u0627\u0644\u0645\u0647\u062f\u0626\u0629. \u0627\u0644\u0645\u0643\u0648\u0646\u0627\u062a \u0648\u0627\u0644\u062e\u0635\u0627\u0626\u0635 \u0627\u0644\u0631\u0626\u064a\u0633\u064a\u0629 \u0645\u0633\u062a\u062e\u0644\u0635 \u0627\u0644\u0644\u064a\u0645\u0648\u0646 \u0627\u0644\u0623\u062e\u0636\u0631 \u0627\u0644\u0642\u0627\u0628\u0636 \u0644\u0644\u0645\u0633\u0627\u0645\u0627\u062a \u0627\u0644\u0623\u0644\u0648\u0641\u064a\u0631\u0627 \u0627\u0644\u0645\u0647\u062f\u0626\u0629 \u0648\u0627\u0644\u0645\u0631\u0637\u0628\u0629 \u062a\u0631\u0643\u064a\u0628\u0629 \u0645\u0636\u0627\u062f\u0629 \u0644\u0644\u0645\u0639\u0627\u0646 \u062a\u0645\u062a\u0635 \u0627\u0644\u0632\u064a\u0648\u062a \u0627\u0644\u0632\u0627\u0626\u062f\u0629 \u0642\u0627\u0639\u062f\u0629 \u062c\u0644 [&hellip;]<\/p>\n","protected":false},"featured_media":36945,"template":"","meta":[],"pwb-brand":[458],"product_brand":[],"product_cat":[1119],"product_tag":[673,689,693],"class_list":{"0":"post-37006","1":"product","2":"type-product","3":"status-publish","4":"has-post-thumbnail","6":"pwb-brand-neutrogena","7":"product_cat-face-wash","8":"product_tag-pores","9":"product_tag-oily","10":"product_tag-cleansing","12":"first","13":"instock","14":"shipping-taxable","15":"purchasable","16":"product-type-variable","17":"has-default-attributes","18":"wvs-archive-product-wrapper"},"brands":[{"id":458,"name":"Neutrogena","slug":"neutrogena"}],"_links":{"self":[{"href":"https:\/\/gopinkish.com\/fr\/wp-json\/wp\/v2\/product\/37006","targetHints":{"allow":["GET"]}}],"collection":[{"href":"https:\/\/gopinkish.com\/fr\/wp-json\/wp\/v2\/product"}],"about":[{"href":"https:\/\/gopinkish.com\/fr\/wp-json\/wp\/v2\/types\/product"}],"wp:featuredmedia":[{"embeddable":true,"href":"https:\/\/gopinkish.com\/fr\/wp-json\/wp\/v2\/media\/36945"}],"wp:attachment":[{"href":"https:\/\/gopinkish.com\/fr\/wp-json\/wp\/v2\/media?parent=37006"}],"wp:term":[{"taxonomy":"pwb-brand","embeddable":true,"href":"https:\/\/gopinkish.com\/fr\/wp-json\/wp\/v2\/pwb-brand?post=37006"},{"taxonomy":"product_brand","embeddable":true,"href":"https:\/\/gopinkish.com\/fr\/wp-json\/wp\/v2\/product_brand?post=37006"},{"taxonomy":"product_cat","embeddable":true,"href":"https:\/\/gopinkish.com\/fr\/wp-json\/wp\/v2\/product_cat?post=37006"},{"taxonomy":"product_tag","embeddable":true,"href":"https:\/\/gopinkish.com\/fr\/wp-json\/wp\/v2\/product_tag?post=37006"}],"curies":[{"name":"wp","href":"https:\/\/api.w.org\/{rel}","templated":true}]}}