{"id":37004,"date":"2026-03-08T21:26:43","date_gmt":"2026-03-08T20:26:43","guid":{"rendered":"https:\/\/gopinkish.com\/?post_type=product&#038;p=37004"},"modified":"2026-04-12T12:14:59","modified_gmt":"2026-04-12T11:14:59","slug":"3574661804118","status":"publish","type":"product","link":"https:\/\/gopinkish.com\/fr\/produit\/3574661804118\/","title":{"rendered":"Gel nettoyant au pamplemousse pour peaux \u00e0 imperfections"},"content":{"rendered":"<p style=\"text-align: justify;\">Neutrogena Puret\u00e9 Pamplemousse Gel Nettoyant est un gel nettoyant \u00e0 l'extrait naturel de pamplemousse con\u00e7u pour les peaux \u00e0 imperfections. Il nettoie en profondeur et \u00e9limine l'exc\u00e8s de s\u00e9bum et les impuret\u00e9s tout en laissant la peau fra\u00eeche et propre gr\u00e2ce aux propri\u00e9t\u00e9s purifiantes du pamplemousse.<\/p>\n<p><strong>Principaux ingr\u00e9dients et caract\u00e9ristiques<\/strong><\/p>\n<ul>\n<li>Extrait naturel de pamplemousse purifiant<\/li>\n<li>Formule nettoyante pour \u00e9liminer les impuret\u00e9s et les huiles<\/li>\n<li>Base gel rafra\u00eechissante sans savon<\/li>\n<li>Convient aux peaux pr\u00e9sentant des imperfections et des pores dilat\u00e9s<\/li>\n<\/ul>\n<p><strong>Principales caract\u00e9ristiques et avantages<\/strong><\/p>\n<ul>\n<li>Nettoie en profondeur et \u00e9limine efficacement les impuret\u00e9s<\/li>\n<li>Procure une sensation instantan\u00e9e de fra\u00eecheur et de propret\u00e9<\/li>\n<li>Aide \u00e0 minimiser l'apparence des imperfections gr\u00e2ce \u00e0 une utilisation r\u00e9guli\u00e8re<\/li>\n<li>Convient pour une utilisation quotidienne matin et soir<\/li>\n<\/ul>\n<p style=\"text-align: center;\">\ud83c\uddec\ud83c\udde7 Neutrogena - Gel nettoyant Visibly Clear Pink Grapefruit<\/p>\n<p style=\"text-align: center;\">\ud83c\uddeb\ud83c\uddf7 Neutrogena - Puret\u00e9 Pamplemousse Gel Nettoyant Peaux \u00e0 Imperfections<\/p>","protected":false},"excerpt":{"rendered":"<p>\u0645\u0646\u062a\u062c Puret\u00e9 Pamplemousse Gel Nettoyant \u0645\u0646 Neutrogena \u0647\u0648 \u062c\u0644 \u0645\u0646\u0638\u0641 \u0628\u0645\u0633\u062a\u062e\u0644\u0635 \u0627\u0644\u062c\u0631\u064a\u0628 \u0641\u0631\u0648\u062a \u0627\u0644\u0637\u0628\u064a\u0639\u064a \u0645\u0635\u0645\u0645 \u0644\u0644\u0628\u0634\u0631\u0629 \u0627\u0644\u062a\u064a \u062a\u0639\u0627\u0646\u064a \u0645\u0646 \u0627\u0644\u0634\u0648\u0627\u0626\u0628. \u064a\u0646\u0638\u0641 \u0627\u0644\u0628\u0634\u0631\u0629 \u0628\u0639\u0645\u0642 \u0648\u064a\u0632\u064a\u0644 \u0627\u0644\u0632\u064a\u0648\u062a \u0627\u0644\u0632\u0627\u0626\u062f\u0629 \u0648\u0627\u0644\u0634\u0648\u0627\u0626\u0628 \u0645\u0639 \u0645\u0646\u062d \u0625\u062d\u0633\u0627\u0633 \u0628\u0627\u0644\u0627\u0646\u062a\u0639\u0627\u0634 \u0648\u0627\u0644\u0646\u0638\u0627\u0641\u0629 \u0628\u0641\u0636\u0644 \u062e\u0635\u0627\u0626\u0635 \u0627\u0644\u062c\u0631\u064a\u0628 \u0641\u0631\u0648\u062a \u0627\u0644\u0645\u0646\u0642\u064a\u0629. \u0627\u0644\u0645\u0643\u0648\u0646\u0627\u062a \u0648\u0627\u0644\u062e\u0635\u0627\u0626\u0635 \u0627\u0644\u0631\u0626\u064a\u0633\u064a\u0629 \u0645\u0633\u062a\u062e\u0644\u0635 \u0627\u0644\u062c\u0631\u064a\u0628 \u0641\u0631\u0648\u062a \u0627\u0644\u0637\u0628\u064a\u0639\u064a \u0627\u0644\u0645\u0646\u0642\u064a \u062a\u0631\u0643\u064a\u0628\u0629 \u0645\u0646\u0638\u0641\u0629 \u0644\u0625\u0632\u0627\u0644\u0629 \u0627\u0644\u0634\u0648\u0627\u0626\u0628 \u0648\u0627\u0644\u0632\u064a\u0648\u062a \u0642\u0627\u0639\u062f\u0629 \u062c\u0644 \u0645\u0646\u0639\u0634\u0629 \u0628\u062f\u0648\u0646 \u0635\u0627\u0628\u0648\u0646 [&hellip;]<\/p>\n","protected":false},"featured_media":36940,"template":"","meta":[],"pwb-brand":[458],"product_brand":[],"product_cat":[1119],"product_tag":[673,689,693,683],"class_list":{"0":"post-37004","1":"product","2":"type-product","3":"status-publish","4":"has-post-thumbnail","6":"pwb-brand-neutrogena","7":"product_cat-face-wash","8":"product_tag-pores","9":"product_tag-oily","10":"product_tag-cleansing","11":"product_tag-acne","13":"first","14":"instock","15":"shipping-taxable","16":"purchasable","17":"product-type-variable","18":"has-default-attributes","19":"wvs-archive-product-wrapper"},"brands":[{"id":458,"name":"Neutrogena","slug":"neutrogena"}],"_links":{"self":[{"href":"https:\/\/gopinkish.com\/fr\/wp-json\/wp\/v2\/product\/37004","targetHints":{"allow":["GET"]}}],"collection":[{"href":"https:\/\/gopinkish.com\/fr\/wp-json\/wp\/v2\/product"}],"about":[{"href":"https:\/\/gopinkish.com\/fr\/wp-json\/wp\/v2\/types\/product"}],"wp:featuredmedia":[{"embeddable":true,"href":"https:\/\/gopinkish.com\/fr\/wp-json\/wp\/v2\/media\/36940"}],"wp:attachment":[{"href":"https:\/\/gopinkish.com\/fr\/wp-json\/wp\/v2\/media?parent=37004"}],"wp:term":[{"taxonomy":"pwb-brand","embeddable":true,"href":"https:\/\/gopinkish.com\/fr\/wp-json\/wp\/v2\/pwb-brand?post=37004"},{"taxonomy":"product_brand","embeddable":true,"href":"https:\/\/gopinkish.com\/fr\/wp-json\/wp\/v2\/product_brand?post=37004"},{"taxonomy":"product_cat","embeddable":true,"href":"https:\/\/gopinkish.com\/fr\/wp-json\/wp\/v2\/product_cat?post=37004"},{"taxonomy":"product_tag","embeddable":true,"href":"https:\/\/gopinkish.com\/fr\/wp-json\/wp\/v2\/product_tag?post=37004"}],"curies":[{"name":"wp","href":"https:\/\/api.w.org\/{rel}","templated":true}]}}