{"id":37002,"date":"2026-03-08T21:26:43","date_gmt":"2026-03-08T20:26:43","guid":{"rendered":"https:\/\/gopinkish.com\/?post_type=product&#038;p=37002"},"modified":"2026-04-21T17:46:05","modified_gmt":"2026-04-21T16:46:05","slug":"3141389959743","status":"publish","type":"product","link":"https:\/\/gopinkish.com\/fr\/produit\/3141389959743\/","title":{"rendered":"Huile de bain \u00e0 l'argan pour les peaux s\u00e8ches et sensibles"},"content":{"rendered":"<p style=\"text-align: justify;\">Cottage's Oil Shower est une huile de douche nourrissante \u00e0 l'huile d'argan con\u00e7ue pour les peaux s\u00e8ches et sensibles. Elle se transforme en une mousse douce au contact de l'eau et nettoie d\u00e9licatement la peau tout en la nourrissant et en l'hydratant en profondeur gr\u00e2ce aux propri\u00e9t\u00e9s de l'huile d'argan riche en acides gras et en vitamine E.<\/p>\n<p><strong>Principaux ingr\u00e9dients et caract\u00e9ristiques<\/strong><\/p>\n<ul>\n<li>Huile d'argan naturelle nourrissante et hydratante<\/li>\n<li>Formule \u00e0 base d'huile qui mousse \u00e0 l'application<\/li>\n<li>Convient aux peaux s\u00e8ches et sensibles<\/li>\n<li>Riche en acides gras et en vitamine E<\/li>\n<\/ul>\n<p><strong>Principales caract\u00e9ristiques et avantages<\/strong><\/p>\n<ul>\n<li>Nettoie et nourrit la peau s\u00e8che en un seul geste<\/li>\n<li>Laisse la peau douce et hydrat\u00e9e apr\u00e8s la douche<\/li>\n<li>Prot\u00e8ge les peaux sensibles contre le dess\u00e8chement et les tiraillements<\/li>\n<li>Parfum naturel agr\u00e9able pour un bain relaxant<\/li>\n<\/ul>\n<p style=\"text-align: center;\">\ud83c\uddec\ud83c\udde7 Cottage - Douche \u00e0 l'huile d'argan pour les peaux s\u00e8ches et sensibles<\/p>\n<p style=\"text-align: center;\">\ud83c\uddeb\ud83c\uddf7 Cottage - Huile de Douche \u00e0 l'Huile d'Argan Peaux S\u00e8ches &amp; Sensibles<\/p>","protected":false},"excerpt":{"rendered":"<p>\u0645\u0646\u062a\u062c Oil Shower \u0645\u0646 Cottage \u0647\u0648 \u0632\u064a\u062a \u0627\u0633\u062a\u062d\u0645\u0627\u0645 \u0645\u063a\u0630\u064a \u0628\u0632\u064a\u062a \u0627\u0644\u0623\u0631\u063a\u0627\u0646 \u0645\u0635\u0645\u0645 \u0644\u0644\u0628\u0634\u0631\u0629 \u0627\u0644\u062c\u0627\u0641\u0629 \u0648\u0627\u0644\u062d\u0633\u0627\u0633\u0629. \u064a\u062a\u062d\u0648\u0644 \u0625\u0644\u0649 \u0631\u063a\u0648\u0629 \u0646\u0627\u0639\u0645\u0629 \u0639\u0646\u062f \u0645\u0644\u0627\u0645\u0633\u0629 \u0627\u0644\u0645\u0627\u0621 \u0644\u064a\u0646\u0638\u0641 \u0627\u0644\u0628\u0634\u0631\u0629 \u0628\u0644\u0637\u0641 \u0645\u0639 \u062a\u063a\u0630\u064a\u062a\u0647\u0627 \u0648\u062a\u0631\u0637\u064a\u0628\u0647\u0627 \u0628\u0639\u0645\u0642 \u0628\u0641\u0636\u0644 \u062e\u0635\u0627\u0626\u0635 \u0632\u064a\u062a \u0627\u0644\u0623\u0631\u063a\u0627\u0646 \u0627\u0644\u062b\u0631\u064a\u0629 \u0628\u0627\u0644\u0623\u062d\u0645\u0627\u0636 \u0627\u0644\u062f\u0647\u0646\u064a\u0629 \u0648\u0641\u064a\u062a\u0627\u0645\u064a\u0646 E. \u0627\u0644\u0645\u0643\u0648\u0646\u0627\u062a \u0648\u0627\u0644\u062e\u0635\u0627\u0626\u0635 \u0627\u0644\u0631\u0626\u064a\u0633\u064a\u0629 \u0632\u064a\u062a \u0627\u0644\u0623\u0631\u063a\u0627\u0646 \u0627\u0644\u0637\u0628\u064a\u0639\u064a \u0627\u0644\u0645\u063a\u0630\u064a \u0648\u0627\u0644\u0645\u0631\u0637\u0628 \u062a\u0631\u0643\u064a\u0628\u0629 \u0632\u064a\u062a\u064a\u0629 \u062a\u062a\u062d\u0648\u0644 \u0625\u0644\u0649 \u0631\u063a\u0648\u0629 \u0639\u0646\u062f \u0627\u0644\u062a\u0637\u0628\u064a\u0642 \u0645\u0646\u0627\u0633\u0628 \u0644\u0644\u0628\u0634\u0631\u0629 [&hellip;]<\/p>\n","protected":false},"featured_media":36932,"template":"","meta":[],"pwb-brand":[1051],"product_brand":[],"product_cat":[1138],"product_tag":[688,697,680],"class_list":{"0":"post-37002","1":"product","2":"type-product","3":"status-publish","4":"has-post-thumbnail","6":"pwb-brand-cottage","7":"product_cat-bath-and-shower","8":"product_tag-sensitive","9":"product_tag-moisturizing","10":"product_tag-dryness","12":"first","13":"instock","14":"shipping-taxable","15":"purchasable","16":"product-type-variable","17":"has-default-attributes","18":"wvs-archive-product-wrapper"},"brands":[{"id":1051,"name":"Cottage","slug":"chalet"}],"_links":{"self":[{"href":"https:\/\/gopinkish.com\/fr\/wp-json\/wp\/v2\/product\/37002","targetHints":{"allow":["GET"]}}],"collection":[{"href":"https:\/\/gopinkish.com\/fr\/wp-json\/wp\/v2\/product"}],"about":[{"href":"https:\/\/gopinkish.com\/fr\/wp-json\/wp\/v2\/types\/product"}],"wp:featuredmedia":[{"embeddable":true,"href":"https:\/\/gopinkish.com\/fr\/wp-json\/wp\/v2\/media\/36932"}],"wp:attachment":[{"href":"https:\/\/gopinkish.com\/fr\/wp-json\/wp\/v2\/media?parent=37002"}],"wp:term":[{"taxonomy":"pwb-brand","embeddable":true,"href":"https:\/\/gopinkish.com\/fr\/wp-json\/wp\/v2\/pwb-brand?post=37002"},{"taxonomy":"product_brand","embeddable":true,"href":"https:\/\/gopinkish.com\/fr\/wp-json\/wp\/v2\/product_brand?post=37002"},{"taxonomy":"product_cat","embeddable":true,"href":"https:\/\/gopinkish.com\/fr\/wp-json\/wp\/v2\/product_cat?post=37002"},{"taxonomy":"product_tag","embeddable":true,"href":"https:\/\/gopinkish.com\/fr\/wp-json\/wp\/v2\/product_tag?post=37002"}],"curies":[{"name":"wp","href":"https:\/\/api.w.org\/{rel}","templated":true}]}}