{"id":36999,"date":"2026-03-08T21:26:41","date_gmt":"2026-03-08T20:26:41","guid":{"rendered":"https:\/\/gopinkish.com\/?post_type=product&#038;p=36999"},"modified":"2026-03-08T22:35:43","modified_gmt":"2026-03-08T21:35:43","slug":"3600523337729","status":"publish","type":"product","link":"https:\/\/gopinkish.com\/fr\/produit\/3600523337729\/","title":{"rendered":"Spray correcteur instantan\u00e9 pour couvrir les cheveux gris"},"content":{"rendered":"<p style=\"text-align: justify;\">L'Or\u00e9al Paris Magic Retouch Instant Root Concealer Spray est un spray instantan\u00e9 pour dissimuler les racines incarn\u00e9es et les cheveux gris entre les s\u00e9ances de coloration. Il offre une couverture instantan\u00e9e et pr\u00e9cise avec une couleur naturelle qui se fond dans la couleur des cheveux color\u00e9s, s\u00e8che en quelques secondes et dure jusqu'au prochain lavage.<\/p>\n<p><strong>Principaux ingr\u00e9dients et caract\u00e9ristiques<\/strong><\/p>\n<ul>\n<li>Formule de pulv\u00e9risation de pr\u00e9cision pour une couverture cibl\u00e9e des racines<\/li>\n<li>Pigments de haute qualit\u00e9 qui se fondent dans la couleur des cheveux<\/li>\n<li>S\u00e9chage instantan\u00e9 en quelques secondes<\/li>\n<li>R\u00e9siste \u00e0 l'eau et dure jusqu'au prochain lavage<\/li>\n<\/ul>\n<p><strong>Principales caract\u00e9ristiques et avantages<\/strong><\/p>\n<ul>\n<li>Masque instantan\u00e9ment les racines incarn\u00e9es et les poils gris entre les s\u00e9ances de teinture<\/li>\n<li>Un r\u00e9sultat invisible et naturel qui se fond dans la couleur des cheveux<\/li>\n<li>Facile \u00e0 appliquer et ne tache pas les mains ou les v\u00eatements apr\u00e8s s\u00e9chage<\/li>\n<li>Une solution rapide et pratique pour maintenir l'aspect des cheveux color\u00e9s<\/li>\n<\/ul>\n<p style=\"text-align: center;\">\ud83c\uddec\ud83c\udde7 L'Or\u00e9al Paris - Magic Retouch Instant Root Concealer Spray<\/p>\n<p style=\"text-align: center;\">\ud83c\uddeb\ud83c\uddf7 L'Or\u00e9al Paris - Magic Retouch Spray Correcteur de Racines Instantan\u00e9<\/p>","protected":false},"excerpt":{"rendered":"<p>\u0645\u0646\u062a\u062c Magic Retouch Instant Root Concealer Spray \u0645\u0646 L&#8217;Or\u00e9al Paris \u0647\u0648 \u0628\u062e\u0627\u062e \u0641\u0648\u0631\u064a \u0644\u0625\u062e\u0641\u0627\u0621 \u062c\u0630\u0648\u0631 \u0627\u0644\u0634\u0639\u0631 \u0627\u0644\u0646\u0627\u0645\u064a\u0629 \u0648\u0627\u0644\u0634\u064a\u0628 \u0628\u064a\u0646 \u062c\u0644\u0633\u0627\u062a \u0627\u0644\u0635\u0628\u063a\u0629. \u064a\u0648\u0641\u0631 \u062a\u063a\u0637\u064a\u0629 \u0641\u0648\u0631\u064a\u0629 \u0648\u062f\u0642\u064a\u0642\u0629 \u0628\u0644\u0648\u0646 \u0637\u0628\u064a\u0639\u064a \u064a\u0646\u062f\u0645\u062c \u0645\u0639 \u0644\u0648\u0646 \u0627\u0644\u0634\u0639\u0631 \u0627\u0644\u0645\u0635\u0628\u0648\u063a \u0648\u064a\u062c\u0641 \u062e\u0644\u0627\u0644 \u062b\u0648\u0627\u0646 \u0648\u064a\u062f\u0648\u0645 \u062d\u062a\u0649 \u0627\u0644\u063a\u0633\u0644\u0629 \u0627\u0644\u062a\u0627\u0644\u064a\u0629. \u0627\u0644\u0645\u0643\u0648\u0646\u0627\u062a \u0648\u0627\u0644\u062e\u0635\u0627\u0626\u0635 \u0627\u0644\u0631\u0626\u064a\u0633\u064a\u0629 \u062a\u0631\u0643\u064a\u0628\u0629 \u0628\u062e\u0627\u062e \u062f\u0642\u064a\u0642\u0629 \u0644\u062a\u063a\u0637\u064a\u0629 \u0645\u0648\u062c\u0647\u0629 \u0644\u0644\u062c\u0630\u0648\u0631 \u0623\u0635\u0628\u0627\u063a \u0639\u0627\u0644\u064a\u0629 \u0627\u0644\u062c\u0648\u062f\u0629 \u062a\u0646\u062f\u0645\u062c \u0645\u0639 \u0644\u0648\u0646 \u0627\u0644\u0634\u0639\u0631 [&hellip;]<\/p>\n","protected":false},"featured_media":36928,"template":"","meta":[],"pwb-brand":[239],"product_brand":[],"product_cat":[1238],"product_tag":[1042,1041],"class_list":{"0":"post-36999","1":"product","2":"type-product","3":"status-publish","4":"has-post-thumbnail","6":"pwb-brand-loreal","7":"product_cat-hair-dye","8":"product_tag-1042","9":"product_tag-1041","11":"first","12":"instock","13":"shipping-taxable","14":"purchasable","15":"product-type-variable","16":"has-default-attributes","17":"wvs-archive-product-wrapper"},"brands":[{"id":239,"name":"L'Or\u00e9al Paris","slug":"loreal"}],"_links":{"self":[{"href":"https:\/\/gopinkish.com\/fr\/wp-json\/wp\/v2\/product\/36999","targetHints":{"allow":["GET"]}}],"collection":[{"href":"https:\/\/gopinkish.com\/fr\/wp-json\/wp\/v2\/product"}],"about":[{"href":"https:\/\/gopinkish.com\/fr\/wp-json\/wp\/v2\/types\/product"}],"wp:featuredmedia":[{"embeddable":true,"href":"https:\/\/gopinkish.com\/fr\/wp-json\/wp\/v2\/media\/36928"}],"wp:attachment":[{"href":"https:\/\/gopinkish.com\/fr\/wp-json\/wp\/v2\/media?parent=36999"}],"wp:term":[{"taxonomy":"pwb-brand","embeddable":true,"href":"https:\/\/gopinkish.com\/fr\/wp-json\/wp\/v2\/pwb-brand?post=36999"},{"taxonomy":"product_brand","embeddable":true,"href":"https:\/\/gopinkish.com\/fr\/wp-json\/wp\/v2\/product_brand?post=36999"},{"taxonomy":"product_cat","embeddable":true,"href":"https:\/\/gopinkish.com\/fr\/wp-json\/wp\/v2\/product_cat?post=36999"},{"taxonomy":"product_tag","embeddable":true,"href":"https:\/\/gopinkish.com\/fr\/wp-json\/wp\/v2\/product_tag?post=36999"}],"curies":[{"name":"wp","href":"https:\/\/api.w.org\/{rel}","templated":true}]}}