{"id":36997,"date":"2026-03-08T21:26:41","date_gmt":"2026-03-08T20:26:41","guid":{"rendered":"https:\/\/gopinkish.com\/?post_type=product&#038;p=36997"},"modified":"2026-03-08T22:35:32","modified_gmt":"2026-03-08T21:35:32","slug":"3600542543378","status":"publish","type":"product","link":"https:\/\/gopinkish.com\/fr\/produit\/3600542543378\/","title":{"rendered":"Shampooing hydratant et d\u00e9finissant \u00e0 l'huile de pistache pour cheveux boucl\u00e9s"},"content":{"rendered":"<p style=\"text-align: justify;\">HYDRA RICCI SHAMPOO OLIO DI PISTACCHIO de Garnier Fructis est un shampooing hydratant de Fructis \u00e0 l'huile de pistache con\u00e7u pour les cheveux boucl\u00e9s qui d\u00e9finit les boucles et leur donne de l'\u00e9lasticit\u00e9 et une hydratation profonde tout en contr\u00f4lant les frisottis et la s\u00e9cheresse.<\/p>\n<p><strong>Principaux ingr\u00e9dients et caract\u00e9ristiques<\/strong><\/p>\n<ul>\n<li>Enrichi en vitamines et en extraits naturels<\/li>\n<li>Des ingr\u00e9dients nutritifs qui favorisent la sant\u00e9 des cheveux et du cuir chevelu<\/li>\n<li>Une r\u00e8gle de nettoyage douce qui respecte l'\u00e9quilibre du cheveu<\/li>\n<li>Mousse enrichie pour un nettoyage en profondeur de la racine aux pointes<\/li>\n<\/ul>\n<p><strong>Principales caract\u00e9ristiques et avantages<\/strong><\/p>\n<ul>\n<li>Nettoie en douceur les cheveux et leur donne vitalit\u00e9 et brillance<\/li>\n<li>Traite efficacement les probl\u00e8mes capillaires cibl\u00e9s<\/li>\n<li>Convient \u00e0 un usage quotidien fr\u00e9quent<\/li>\n<li>R\u00e9sultats visibles d\u00e8s la premi\u00e8re utilisation<\/li>\n<\/ul>\n<p style=\"text-align: center;\">\ud83c\uddec\ud83c\udde7 Garnier Fructis - Shampooing Hydra Curls Definition \u00e0 l'huile de pistache<\/p>\n<p style=\"text-align: center;\">\ud83c\uddeb\ud83c\uddf7 Garnier Fructis - Hydra Boucles Shampooing D\u00e9finition \u00e0 l'Huile de Pistache<\/p>","protected":false},"excerpt":{"rendered":"<p>\u0645\u0646\u062a\u062c HYDRA RICCI SHAMPOO OLIO DI PISTACCHIO \u0645\u0646 Garnier Fructis \u0647\u0648 \u0634\u0627\u0645\u0628\u0648 \u0645\u0631\u0637\u0628 \u0645\u0646 \u0641\u0631\u0648\u0643\u062a\u064a\u0633 \u0628\u0632\u064a\u062a \u0627\u0644\u0641\u0633\u062a\u0642 \u0645\u0635\u0645\u0645 \u0644\u0644\u0634\u0639\u0631 \u0627\u0644\u0645\u062c\u0639\u062f \u064a\u062d\u062f\u062f \u0627\u0644\u062a\u062c\u0627\u0639\u064a\u062f \u0648\u064a\u0645\u0646\u062d\u0647\u0627 \u0645\u0631\u0648\u0646\u0629 \u0648\u062a\u0631\u0637\u064a\u0628\u0627 \u0639\u0645\u064a\u0642\u0627 \u0645\u0639 \u0627\u0644\u062a\u062d\u0643\u0645 \u0641\u064a \u0627\u0644\u062a\u0637\u0627\u064a\u0631 \u0648\u0627\u0644\u062c\u0641\u0627\u0641. \u0627\u0644\u0645\u0643\u0648\u0646\u0627\u062a \u0648\u0627\u0644\u062e\u0635\u0627\u0626\u0635 \u0627\u0644\u0631\u0626\u064a\u0633\u064a\u0629 \u062a\u0631\u0643\u064a\u0628\u0629 \u063a\u0646\u064a\u0629 \u0628\u0627\u0644\u0641\u064a\u062a\u0627\u0645\u064a\u0646\u0627\u062a \u0648\u0627\u0644\u0645\u0633\u062a\u062e\u0644\u0635\u0627\u062a \u0627\u0644\u0637\u0628\u064a\u0639\u064a\u0629 \u0645\u0643\u0648\u0646\u0627\u062a \u0645\u063a\u0630\u064a\u0629 \u062a\u0639\u0632\u0632 \u0635\u062d\u0629 \u0627\u0644\u0634\u0639\u0631 \u0648\u0641\u0631\u0648\u0629 \u0627\u0644\u0631\u0623\u0633 \u0642\u0627\u0639\u062f\u0629 \u062a\u0646\u0638\u064a\u0641 \u0644\u0637\u064a\u0641\u0629 \u062a\u062d\u062a\u0631\u0645 \u062a\u0648\u0627\u0632\u0646 \u0627\u0644\u0634\u0639\u0631 \u0631\u063a\u0648\u0629 \u063a\u0646\u064a\u0629 \u0644\u062a\u0646\u0638\u064a\u0641 [&hellip;]<\/p>\n","protected":false},"featured_media":36922,"template":"","meta":[],"pwb-brand":[218],"product_brand":[],"product_cat":[1157,1148],"product_tag":[1020,697,1040],"class_list":{"0":"post-36997","1":"product","2":"type-product","3":"status-publish","4":"has-post-thumbnail","6":"pwb-brand-garnier","7":"product_cat-curly-hair-care","8":"product_cat-hair-shampoo","9":"product_tag-1020","10":"product_tag-moisturizing","11":"product_tag-1040","13":"first","14":"instock","15":"shipping-taxable","16":"purchasable","17":"product-type-variable","18":"has-default-attributes","19":"wvs-archive-product-wrapper"},"brands":[{"id":218,"name":"Garnier","slug":"garnier"}],"_links":{"self":[{"href":"https:\/\/gopinkish.com\/fr\/wp-json\/wp\/v2\/product\/36997","targetHints":{"allow":["GET"]}}],"collection":[{"href":"https:\/\/gopinkish.com\/fr\/wp-json\/wp\/v2\/product"}],"about":[{"href":"https:\/\/gopinkish.com\/fr\/wp-json\/wp\/v2\/types\/product"}],"wp:featuredmedia":[{"embeddable":true,"href":"https:\/\/gopinkish.com\/fr\/wp-json\/wp\/v2\/media\/36922"}],"wp:attachment":[{"href":"https:\/\/gopinkish.com\/fr\/wp-json\/wp\/v2\/media?parent=36997"}],"wp:term":[{"taxonomy":"pwb-brand","embeddable":true,"href":"https:\/\/gopinkish.com\/fr\/wp-json\/wp\/v2\/pwb-brand?post=36997"},{"taxonomy":"product_brand","embeddable":true,"href":"https:\/\/gopinkish.com\/fr\/wp-json\/wp\/v2\/product_brand?post=36997"},{"taxonomy":"product_cat","embeddable":true,"href":"https:\/\/gopinkish.com\/fr\/wp-json\/wp\/v2\/product_cat?post=36997"},{"taxonomy":"product_tag","embeddable":true,"href":"https:\/\/gopinkish.com\/fr\/wp-json\/wp\/v2\/product_tag?post=36997"}],"curies":[{"name":"wp","href":"https:\/\/api.w.org\/{rel}","templated":true}]}}