{"id":36995,"date":"2026-03-08T21:26:40","date_gmt":"2026-03-08T20:26:40","guid":{"rendered":"https:\/\/gopinkish.com\/?post_type=product&#038;p=36995"},"modified":"2026-03-08T22:35:52","modified_gmt":"2026-03-08T21:35:52","slug":"3600542543446","status":"publish","type":"product","link":"https:\/\/gopinkish.com\/fr\/produit\/3600542543446\/","title":{"rendered":"Shampooing clarifiant \u00e0 l'extrait de concombre pour cheveux gras"},"content":{"rendered":"<p style=\"text-align: justify;\">CUCUMBER FRESH SHAMPOO PURIFICANTE de Garnier Fructis est un shampooing clarifiant de Fructis \u00e0 l'extrait de concombre rafra\u00eechissant qui nettoie en profondeur les cheveux gras et \u00e9limine l'accumulation et l'exc\u00e8s de s\u00e9bum du cuir chevelu tout en procurant une sensation de fra\u00eecheur.<\/p>\n<p><strong>Principaux ingr\u00e9dients et caract\u00e9ristiques<\/strong><\/p>\n<ul>\n<li>Enrichi en vitamines et en extraits naturels<\/li>\n<li>Des ingr\u00e9dients nutritifs qui favorisent la sant\u00e9 des cheveux et du cuir chevelu<\/li>\n<li>Une r\u00e8gle de nettoyage douce qui respecte l'\u00e9quilibre du cheveu<\/li>\n<li>Mousse enrichie pour un nettoyage en profondeur de la racine aux pointes<\/li>\n<\/ul>\n<p><strong>Principales caract\u00e9ristiques et avantages<\/strong><\/p>\n<ul>\n<li>Nettoie en douceur les cheveux et leur donne vitalit\u00e9 et brillance<\/li>\n<li>Traite efficacement les probl\u00e8mes capillaires cibl\u00e9s<\/li>\n<li>Convient \u00e0 un usage quotidien fr\u00e9quent<\/li>\n<li>R\u00e9sultats visibles d\u00e8s la premi\u00e8re utilisation<\/li>\n<\/ul>\n<p style=\"text-align: center;\">\ud83c\uddec\ud83c\udde7 Garnier Fructis - Shampooing purifiant Cucumber Fresh<\/p>\n<p style=\"text-align: center;\">\ud83c\uddeb\ud83c\uddf7 Garnier Fructis - Shampooing Purifiant au Concombre<\/p>","protected":false},"excerpt":{"rendered":"<p>\u0645\u0646\u062a\u062c CUCUMBER FRESH SHAMPOO PURIFICANTE \u0645\u0646 Garnier Fructis \u0647\u0648 \u0634\u0627\u0645\u0628\u0648 \u0645\u0646\u0642\u064a \u0645\u0646 \u0641\u0631\u0648\u0643\u062a\u064a\u0633 \u0628\u0645\u0633\u062a\u062e\u0644\u0635 \u0627\u0644\u062e\u064a\u0627\u0631 \u0627\u0644\u0645\u0646\u0639\u0634 \u064a\u0646\u0638\u0641 \u0627\u0644\u0634\u0639\u0631 \u0627\u0644\u062f\u0647\u0646\u064a \u0628\u0639\u0645\u0642 \u0648\u064a\u0632\u064a\u0644 \u0627\u0644\u062a\u0631\u0627\u0643\u0645\u0627\u062a \u0648\u0627\u0644\u0632\u064a\u0648\u062a \u0627\u0644\u0632\u0627\u0626\u062f\u0629 \u0645\u0646 \u0641\u0631\u0648\u0629 \u0627\u0644\u0631\u0623\u0633 \u0645\u0639 \u0625\u062d\u0633\u0627\u0633 \u0628\u0627\u0644\u0627\u0646\u062a\u0639\u0627\u0634. \u0627\u0644\u0645\u0643\u0648\u0646\u0627\u062a \u0648\u0627\u0644\u062e\u0635\u0627\u0626\u0635 \u0627\u0644\u0631\u0626\u064a\u0633\u064a\u0629 \u062a\u0631\u0643\u064a\u0628\u0629 \u063a\u0646\u064a\u0629 \u0628\u0627\u0644\u0641\u064a\u062a\u0627\u0645\u064a\u0646\u0627\u062a \u0648\u0627\u0644\u0645\u0633\u062a\u062e\u0644\u0635\u0627\u062a \u0627\u0644\u0637\u0628\u064a\u0639\u064a\u0629 \u0645\u0643\u0648\u0646\u0627\u062a \u0645\u063a\u0630\u064a\u0629 \u062a\u0639\u0632\u0632 \u0635\u062d\u0629 \u0627\u0644\u0634\u0639\u0631 \u0648\u0641\u0631\u0648\u0629 \u0627\u0644\u0631\u0623\u0633 \u0642\u0627\u0639\u062f\u0629 \u062a\u0646\u0638\u064a\u0641 \u0644\u0637\u064a\u0641\u0629 \u062a\u062d\u062a\u0631\u0645 \u062a\u0648\u0627\u0632\u0646 \u0627\u0644\u0634\u0639\u0631 \u0631\u063a\u0648\u0629 \u063a\u0646\u064a\u0629 \u0644\u062a\u0646\u0638\u064a\u0641 \u0634\u0627\u0645\u0644 [&hellip;]<\/p>\n","protected":false},"featured_media":36920,"template":"","meta":[],"pwb-brand":[218],"product_brand":[],"product_cat":[1155,1148],"product_tag":[1436,693],"class_list":{"0":"post-36995","1":"product","2":"type-product","3":"status-publish","4":"has-post-thumbnail","6":"pwb-brand-garnier","7":"product_cat-scalp-care","8":"product_cat-hair-shampoo","9":"product_tag-1436","10":"product_tag-cleansing","12":"first","13":"instock","14":"shipping-taxable","15":"purchasable","16":"product-type-variable","17":"has-default-attributes","18":"wvs-archive-product-wrapper"},"brands":[{"id":218,"name":"Garnier","slug":"garnier"}],"_links":{"self":[{"href":"https:\/\/gopinkish.com\/fr\/wp-json\/wp\/v2\/product\/36995","targetHints":{"allow":["GET"]}}],"collection":[{"href":"https:\/\/gopinkish.com\/fr\/wp-json\/wp\/v2\/product"}],"about":[{"href":"https:\/\/gopinkish.com\/fr\/wp-json\/wp\/v2\/types\/product"}],"wp:featuredmedia":[{"embeddable":true,"href":"https:\/\/gopinkish.com\/fr\/wp-json\/wp\/v2\/media\/36920"}],"wp:attachment":[{"href":"https:\/\/gopinkish.com\/fr\/wp-json\/wp\/v2\/media?parent=36995"}],"wp:term":[{"taxonomy":"pwb-brand","embeddable":true,"href":"https:\/\/gopinkish.com\/fr\/wp-json\/wp\/v2\/pwb-brand?post=36995"},{"taxonomy":"product_brand","embeddable":true,"href":"https:\/\/gopinkish.com\/fr\/wp-json\/wp\/v2\/product_brand?post=36995"},{"taxonomy":"product_cat","embeddable":true,"href":"https:\/\/gopinkish.com\/fr\/wp-json\/wp\/v2\/product_cat?post=36995"},{"taxonomy":"product_tag","embeddable":true,"href":"https:\/\/gopinkish.com\/fr\/wp-json\/wp\/v2\/product_tag?post=36995"}],"curies":[{"name":"wp","href":"https:\/\/api.w.org\/{rel}","templated":true}]}}