{"id":36991,"date":"2026-03-08T21:26:39","date_gmt":"2026-03-08T20:26:39","guid":{"rendered":"https:\/\/gopinkish.com\/?post_type=product&#038;p=36991"},"modified":"2026-03-08T22:35:59","modified_gmt":"2026-03-08T21:35:59","slug":"3600542543439","status":"publish","type":"product","link":"https:\/\/gopinkish.com\/fr\/produit\/3600542543439\/","title":{"rendered":"Shampooing hydratant \u00e0 l'aloe vera Shampooing hydratant intense 72 heures"},"content":{"rendered":"<p style=\"text-align: justify;\">Garnier Fructis ALOE HYDRA BOMB SHAMPOO 72H est un shampooing hydratant intensif de Fructis contenant du gel d'alo\u00e8s qui procure une hydratation de 72 heures aux cheveux secs et normaux, les laissant naturellement doux et souples.<\/p>\n<p><strong>Principaux ingr\u00e9dients et caract\u00e9ristiques<\/strong><\/p>\n<ul>\n<li>Enrichi en vitamines et en extraits naturels<\/li>\n<li>Des ingr\u00e9dients nutritifs qui favorisent la sant\u00e9 des cheveux et du cuir chevelu<\/li>\n<li>Une r\u00e8gle de nettoyage douce qui respecte l'\u00e9quilibre du cheveu<\/li>\n<li>Mousse enrichie pour un nettoyage en profondeur de la racine aux pointes<\/li>\n<\/ul>\n<p><strong>Principales caract\u00e9ristiques et avantages<\/strong><\/p>\n<ul>\n<li>Nettoie en douceur les cheveux et leur donne vitalit\u00e9 et brillance<\/li>\n<li>Traite efficacement les probl\u00e8mes capillaires cibl\u00e9s<\/li>\n<li>Convient \u00e0 un usage quotidien fr\u00e9quent<\/li>\n<li>R\u00e9sultats visibles d\u00e8s la premi\u00e8re utilisation<\/li>\n<\/ul>\n<p style=\"text-align: center;\">\ud83c\uddec\ud83c\udde7 Garnier Fructis - Shampooing hydratant 72h Aloe Hydra Bomb<\/p>\n<p style=\"text-align: center;\">\ud83c\uddeb\ud83c\uddf7 Garnier Fructis - Shampooing Hydratant Aloe Hydra Bomb 72h<\/p>","protected":false},"excerpt":{"rendered":"<p>\u0645\u0646\u062a\u062c ALOE HYDRA BOMB SHAMPOO 72H \u0645\u0646 Garnier Fructis \u0647\u0648 \u0634\u0627\u0645\u0628\u0648 \u0645\u0631\u0637\u0628 \u0645\u0643\u062b\u0641 \u0645\u0646 \u0641\u0631\u0648\u0643\u062a\u064a\u0633 \u0628\u062c\u0644 \u0627\u0644\u0623\u0644\u0648\u0641\u064a\u0631\u0627 \u064a\u0648\u0641\u0631 \u062a\u0631\u0637\u064a\u0628\u0627 \u064a\u062f\u0648\u0645 72 \u0633\u0627\u0639\u0629 \u0644\u0644\u0634\u0639\u0631 \u0627\u0644\u062c\u0627\u0641 \u0648\u0627\u0644\u0639\u0627\u062f\u064a \u0648\u064a\u0645\u0646\u062d\u0647 \u0646\u0639\u0648\u0645\u0629 \u0648\u0645\u0631\u0648\u0646\u0629 \u0637\u0628\u064a\u0639\u064a\u0629. \u0627\u0644\u0645\u0643\u0648\u0646\u0627\u062a \u0648\u0627\u0644\u062e\u0635\u0627\u0626\u0635 \u0627\u0644\u0631\u0626\u064a\u0633\u064a\u0629 \u062a\u0631\u0643\u064a\u0628\u0629 \u063a\u0646\u064a\u0629 \u0628\u0627\u0644\u0641\u064a\u062a\u0627\u0645\u064a\u0646\u0627\u062a \u0648\u0627\u0644\u0645\u0633\u062a\u062e\u0644\u0635\u0627\u062a \u0627\u0644\u0637\u0628\u064a\u0639\u064a\u0629 \u0645\u0643\u0648\u0646\u0627\u062a \u0645\u063a\u0630\u064a\u0629 \u062a\u0639\u0632\u0632 \u0635\u062d\u0629 \u0627\u0644\u0634\u0639\u0631 \u0648\u0641\u0631\u0648\u0629 \u0627\u0644\u0631\u0623\u0633 \u0642\u0627\u0639\u062f\u0629 \u062a\u0646\u0638\u064a\u0641 \u0644\u0637\u064a\u0641\u0629 \u062a\u062d\u062a\u0631\u0645 \u062a\u0648\u0627\u0632\u0646 \u0627\u0644\u0634\u0639\u0631 \u0631\u063a\u0648\u0629 \u063a\u0646\u064a\u0629 \u0644\u062a\u0646\u0638\u064a\u0641 \u0634\u0627\u0645\u0644 \u0645\u0646 [&hellip;]<\/p>\n","protected":false},"featured_media":36916,"template":"","meta":[],"pwb-brand":[218],"product_brand":[],"product_cat":[1148],"product_tag":[697,755],"class_list":{"0":"post-36991","1":"product","2":"type-product","3":"status-publish","4":"has-post-thumbnail","6":"pwb-brand-garnier","7":"product_cat-hair-shampoo","8":"product_tag-moisturizing","9":"product_tag-755","11":"first","12":"instock","13":"shipping-taxable","14":"purchasable","15":"product-type-variable","16":"has-default-attributes","17":"wvs-archive-product-wrapper"},"brands":[{"id":218,"name":"Garnier","slug":"garnier"}],"_links":{"self":[{"href":"https:\/\/gopinkish.com\/fr\/wp-json\/wp\/v2\/product\/36991","targetHints":{"allow":["GET"]}}],"collection":[{"href":"https:\/\/gopinkish.com\/fr\/wp-json\/wp\/v2\/product"}],"about":[{"href":"https:\/\/gopinkish.com\/fr\/wp-json\/wp\/v2\/types\/product"}],"wp:featuredmedia":[{"embeddable":true,"href":"https:\/\/gopinkish.com\/fr\/wp-json\/wp\/v2\/media\/36916"}],"wp:attachment":[{"href":"https:\/\/gopinkish.com\/fr\/wp-json\/wp\/v2\/media?parent=36991"}],"wp:term":[{"taxonomy":"pwb-brand","embeddable":true,"href":"https:\/\/gopinkish.com\/fr\/wp-json\/wp\/v2\/pwb-brand?post=36991"},{"taxonomy":"product_brand","embeddable":true,"href":"https:\/\/gopinkish.com\/fr\/wp-json\/wp\/v2\/product_brand?post=36991"},{"taxonomy":"product_cat","embeddable":true,"href":"https:\/\/gopinkish.com\/fr\/wp-json\/wp\/v2\/product_cat?post=36991"},{"taxonomy":"product_tag","embeddable":true,"href":"https:\/\/gopinkish.com\/fr\/wp-json\/wp\/v2\/product_tag?post=36991"}],"curies":[{"name":"wp","href":"https:\/\/api.w.org\/{rel}","templated":true}]}}