{"id":36979,"date":"2026-03-08T21:26:35","date_gmt":"2026-03-08T20:26:35","guid":{"rendered":"https:\/\/gopinkish.com\/?post_type=product&#038;p=36979"},"modified":"2026-03-08T22:36:59","modified_gmt":"2026-03-08T21:36:59","slug":"3600551021195","status":"publish","type":"product","link":"https:\/\/gopinkish.com\/fr\/produit\/3600551021195\/","title":{"rendered":"Eau micellaire apaisante anti-rougeurs \u00e0 la vitamine B5"},"content":{"rendered":"<p style=\"text-align: justify;\">Expert Peau Sensible Eau Micellaire Anti-Rougeurs de Mixa est une eau micellaire apaisante con\u00e7ue pour les peaux sensibles sujettes aux rougeurs. Enrichie en vitamine B5 apaisante, elle \u00e9limine en douceur le maquillage et les impuret\u00e9s tout en calmant les peaux irrit\u00e9es et en minimisant les rougeurs et la r\u00e9activit\u00e9.<\/p>\n<p><strong>Principaux ingr\u00e9dients et caract\u00e9ristiques<\/strong><\/p>\n<ul>\n<li>La vitamine B5 apaise et favorise la r\u00e9paration de la peau<\/li>\n<li>Des micelles de pr\u00e9cision pour un nettoyage en douceur sans frotter<\/li>\n<li>Formule anti-rougeurs et anti-irritations<\/li>\n<li>Sans alcool, sans parfum et sans parab\u00e8ne<\/li>\n<\/ul>\n<p><strong>Principales caract\u00e9ristiques et avantages<\/strong><\/p>\n<ul>\n<li>D\u00e9maquille et \u00e9limine les impuret\u00e9s avec une douceur exceptionnelle<\/li>\n<li>Apaise instantan\u00e9ment les rougeurs et les irritations<\/li>\n<li>Renforce la barri\u00e8re cutan\u00e9e des peaux sensibles gr\u00e2ce \u00e0 la vitamine B5<\/li>\n<li>Sans rin\u00e7age et adapt\u00e9 aux peaux hypersensibles<\/li>\n<\/ul>\n<p style=\"text-align: center;\">\ud83c\uddec\ud83c\udde7 Mixa - Expert Peau Sensible Eau Micellaire Anti-Rougeurs \u00e0 la Vitamine B5<\/p>\n<p style=\"text-align: center;\">\ud83c\uddeb\ud83c\uddf7 Mixa - Expert Peau Sensible Eau Micellaire Anti-Rougeurs au Panth\u00e9nol<\/p>","protected":false},"excerpt":{"rendered":"<p>\u0645\u0646\u062a\u062c Expert Peau Sensible Eau Micellaire Anti-Rougeurs \u0645\u0646 Mixa \u0647\u0648 \u0645\u0627\u0621 \u0645\u064a\u0633\u064a\u0644\u064a\u0631 \u0645\u0647\u062f\u0626 \u0645\u0635\u0645\u0645 \u0644\u0644\u0628\u0634\u0631\u0629 \u0627\u0644\u062d\u0633\u0627\u0633\u0629 \u0627\u0644\u0645\u0639\u0631\u0636\u0629 \u0644\u0644\u0627\u062d\u0645\u0631\u0627\u0631. \u0645\u0639\u0632\u0632 \u0628\u0641\u064a\u062a\u0627\u0645\u064a\u0646 \u06285 \u0627\u0644\u0645\u0647\u062f\u0626 \u064a\u0632\u064a\u0644 \u0627\u0644\u0645\u0643\u064a\u0627\u062c \u0648\u0627\u0644\u0634\u0648\u0627\u0626\u0628 \u0628\u0644\u0637\u0641 \u0634\u062f\u064a\u062f \u0645\u0639 \u062a\u0647\u062f\u0626\u0629 \u0627\u0644\u0628\u0634\u0631\u0629 \u0627\u0644\u0645\u062a\u0647\u064a\u062c\u0629 \u0648\u062a\u0642\u0644\u064a\u0644 \u0627\u0644\u0627\u062d\u0645\u0631\u0627\u0631 \u0648\u0627\u0644\u062a\u0641\u0627\u0639\u0644. \u0627\u0644\u0645\u0643\u0648\u0646\u0627\u062a \u0648\u0627\u0644\u062e\u0635\u0627\u0626\u0635 \u0627\u0644\u0631\u0626\u064a\u0633\u064a\u0629 \u0641\u064a\u062a\u0627\u0645\u064a\u0646 \u06285 \u0627\u0644\u0645\u0647\u062f\u0626 \u0648\u0627\u0644\u0645\u0639\u0632\u0632 \u0644\u0625\u0635\u0644\u0627\u062d \u0627\u0644\u0628\u0634\u0631\u0629 \u0645\u064a\u0633\u064a\u0644\u0627\u062a \u062f\u0642\u064a\u0642\u0629 \u0644\u062a\u0646\u0638\u064a\u0641 \u0644\u0637\u064a\u0641 \u0628\u062f\u0648\u0646 \u0641\u0631\u0643 \u062a\u0631\u0643\u064a\u0628\u0629 \u0645\u0636\u0627\u062f\u0629 \u0644\u0644\u0627\u062d\u0645\u0631\u0627\u0631 \u0648\u0627\u0644\u062a\u0647\u064a\u062c \u062e\u0627\u0644\u064a \u0645\u0646 [&hellip;]<\/p>\n","protected":false},"featured_media":36904,"template":"","meta":[],"pwb-brand":[427],"product_brand":[],"product_cat":[1119,1205],"product_tag":[1050,688,693,1058],"class_list":{"0":"post-36979","1":"product","2":"type-product","3":"status-publish","4":"has-post-thumbnail","6":"pwb-brand-mixa","7":"product_cat-face-wash","8":"product_cat-makeup-removers","9":"product_tag-1050","10":"product_tag-sensitive","11":"product_tag-cleansing","12":"product_tag-1058","14":"first","15":"instock","16":"shipping-taxable","17":"purchasable","18":"product-type-variable","19":"has-default-attributes","20":"wvs-archive-product-wrapper"},"brands":[{"id":427,"name":"Mixa","slug":"mixa"}],"_links":{"self":[{"href":"https:\/\/gopinkish.com\/fr\/wp-json\/wp\/v2\/product\/36979","targetHints":{"allow":["GET"]}}],"collection":[{"href":"https:\/\/gopinkish.com\/fr\/wp-json\/wp\/v2\/product"}],"about":[{"href":"https:\/\/gopinkish.com\/fr\/wp-json\/wp\/v2\/types\/product"}],"wp:featuredmedia":[{"embeddable":true,"href":"https:\/\/gopinkish.com\/fr\/wp-json\/wp\/v2\/media\/36904"}],"wp:attachment":[{"href":"https:\/\/gopinkish.com\/fr\/wp-json\/wp\/v2\/media?parent=36979"}],"wp:term":[{"taxonomy":"pwb-brand","embeddable":true,"href":"https:\/\/gopinkish.com\/fr\/wp-json\/wp\/v2\/pwb-brand?post=36979"},{"taxonomy":"product_brand","embeddable":true,"href":"https:\/\/gopinkish.com\/fr\/wp-json\/wp\/v2\/product_brand?post=36979"},{"taxonomy":"product_cat","embeddable":true,"href":"https:\/\/gopinkish.com\/fr\/wp-json\/wp\/v2\/product_cat?post=36979"},{"taxonomy":"product_tag","embeddable":true,"href":"https:\/\/gopinkish.com\/fr\/wp-json\/wp\/v2\/product_tag?post=36979"}],"curies":[{"name":"wp","href":"https:\/\/api.w.org\/{rel}","templated":true}]}}