{"id":36977,"date":"2026-03-08T21:26:34","date_gmt":"2026-03-08T20:26:34","guid":{"rendered":"https:\/\/gopinkish.com\/?post_type=product&#038;p=36977"},"modified":"2026-03-08T22:37:19","modified_gmt":"2026-03-08T21:37:19","slug":"3700593604315","status":"publish","type":"product","link":"https:\/\/gopinkish.com\/fr\/produit\/3700593604315\/","title":{"rendered":"Savon de Marseille traditionnel 5 pi\u00e8ces pour la famille"},"content":{"rendered":"<p style=\"text-align: justify;\">Le Savon de Marseille de Persavon est un savon de Marseille traditionnel dont la recette est authentiquement fran\u00e7aise. Il permet un nettoyage efficace et doux de la peau avec des ingr\u00e9dients naturels simples et fiables dans un emballage \u00e9conomique de 5 pi\u00e8ces, id\u00e9al pour un usage familial quotidien.<\/p>\n<p><strong>Principaux ingr\u00e9dients et caract\u00e9ristiques<\/strong><\/p>\n<ul>\n<li>Recette traditionnelle fran\u00e7aise de Marseille<\/li>\n<li>Des ingr\u00e9dients naturels simples et efficaces<\/li>\n<li>Formule respectueuse de la peau<\/li>\n<li>Mousse riche pour un nettoyage en profondeur<\/li>\n<\/ul>\n<p><strong>Principales caract\u00e9ristiques et avantages<\/strong><\/p>\n<ul>\n<li>Nettoie la peau en douceur gr\u00e2ce \u00e0 des ingr\u00e9dients naturels<\/li>\n<li>Paquet \u00e9conomique de 5 pi\u00e8ces de 100g chacune<\/li>\n<li>Convient \u00e0 toute la famille et \u00e0 un usage quotidien<\/li>\n<li>Une qualit\u00e9 fran\u00e7aise fiable \u00e0 un prix abordable<\/li>\n<\/ul>\n<p style=\"text-align: center;\">\ud83c\uddec\ud83c\udde7 Persavon - Savon de Marseille 5x100g<\/p>\n<p style=\"text-align: center;\">\ud83c\uddeb\ud83c\uddf7 Persavon - Savon de Marseille 5x100g<\/p>","protected":false},"excerpt":{"rendered":"<p>\u0645\u0646\u062a\u062c Savon de Marseille \u0645\u0646 Persavon \u0647\u0648 \u0635\u0627\u0628\u0648\u0646 \u0645\u0631\u0633\u064a\u0644\u064a\u0627 \u0627\u0644\u062a\u0642\u0644\u064a\u062f\u064a \u0628\u0648\u0635\u0641\u0629 \u0641\u0631\u0646\u0633\u064a\u0629 \u0623\u0635\u0644\u064a\u0629. \u064a\u0648\u0641\u0631 \u062a\u0646\u0638\u064a\u0641\u0627 \u0641\u0639\u0627\u0644\u0627 \u0648\u0644\u0637\u064a\u0641\u0627 \u0644\u0644\u0628\u0634\u0631\u0629 \u0628\u0645\u0643\u0648\u0646\u0627\u062a \u0637\u0628\u064a\u0639\u064a\u0629 \u0628\u0633\u064a\u0637\u0629 \u0648\u0645\u0648\u062b\u0648\u0642\u0629 \u0641\u064a \u0639\u0628\u0648\u0629 \u0627\u0642\u062a\u0635\u0627\u062f\u064a\u0629 \u0645\u0646 5 \u0642\u0637\u0639 \u0645\u062b\u0627\u0644\u064a\u0629 \u0644\u0644\u0627\u0633\u062a\u062e\u062f\u0627\u0645 \u0627\u0644\u0639\u0627\u0626\u0644\u064a \u0627\u0644\u064a\u0648\u0645\u064a. \u0627\u0644\u0645\u0643\u0648\u0646\u0627\u062a \u0648\u0627\u0644\u062e\u0635\u0627\u0626\u0635 \u0627\u0644\u0631\u0626\u064a\u0633\u064a\u0629 \u0648\u0635\u0641\u0629 \u0645\u0631\u0633\u064a\u0644\u064a\u0627 \u0627\u0644\u0641\u0631\u0646\u0633\u064a\u0629 \u0627\u0644\u062a\u0642\u0644\u064a\u062f\u064a\u0629 \u0645\u0643\u0648\u0646\u0627\u062a \u0637\u0628\u064a\u0639\u064a\u0629 \u0628\u0633\u064a\u0637\u0629 \u0648\u0641\u0639\u0627\u0644\u0629 \u062a\u0631\u0643\u064a\u0628\u0629 \u0644\u0637\u064a\u0641\u0629 \u0639\u0644\u0649 \u0627\u0644\u0628\u0634\u0631\u0629 \u0631\u063a\u0648\u0629 \u063a\u0646\u064a\u0629 \u0644\u0644\u062a\u0646\u0638\u064a\u0641 \u0627\u0644\u0634\u0627\u0645\u0644 \u0627\u0644\u0645\u064a\u0632\u0627\u062a \u0648\u0627\u0644\u0641\u0648\u0627\u0626\u062f \u0627\u0644\u0631\u0626\u064a\u0633\u064a\u0629 \u064a\u0646\u0638\u0641 [&hellip;]<\/p>\n","protected":false},"featured_media":36899,"template":"","meta":[],"pwb-brand":[],"product_brand":[],"product_cat":[1138],"product_tag":[693],"class_list":{"0":"post-36977","1":"product","2":"type-product","3":"status-publish","4":"has-post-thumbnail","6":"product_cat-bath-and-shower","7":"product_tag-cleansing","9":"first","10":"instock","11":"shipping-taxable","12":"purchasable","13":"product-type-variable","14":"has-default-attributes","15":"wvs-archive-product-wrapper"},"brands":[],"_links":{"self":[{"href":"https:\/\/gopinkish.com\/fr\/wp-json\/wp\/v2\/product\/36977","targetHints":{"allow":["GET"]}}],"collection":[{"href":"https:\/\/gopinkish.com\/fr\/wp-json\/wp\/v2\/product"}],"about":[{"href":"https:\/\/gopinkish.com\/fr\/wp-json\/wp\/v2\/types\/product"}],"wp:featuredmedia":[{"embeddable":true,"href":"https:\/\/gopinkish.com\/fr\/wp-json\/wp\/v2\/media\/36899"}],"wp:attachment":[{"href":"https:\/\/gopinkish.com\/fr\/wp-json\/wp\/v2\/media?parent=36977"}],"wp:term":[{"taxonomy":"pwb-brand","embeddable":true,"href":"https:\/\/gopinkish.com\/fr\/wp-json\/wp\/v2\/pwb-brand?post=36977"},{"taxonomy":"product_brand","embeddable":true,"href":"https:\/\/gopinkish.com\/fr\/wp-json\/wp\/v2\/product_brand?post=36977"},{"taxonomy":"product_cat","embeddable":true,"href":"https:\/\/gopinkish.com\/fr\/wp-json\/wp\/v2\/product_cat?post=36977"},{"taxonomy":"product_tag","embeddable":true,"href":"https:\/\/gopinkish.com\/fr\/wp-json\/wp\/v2\/product_tag?post=36977"}],"curies":[{"name":"wp","href":"https:\/\/api.w.org\/{rel}","templated":true}]}}